{"id":101850,"date":"2023-04-26T15:11:24","date_gmt":"2023-04-26T13:11:24","guid":{"rendered":"https:\/\/neocarbone.com\/?post_type=product&#038;p=101850"},"modified":"2024-06-01T00:01:21","modified_gmt":"2024-05-31T22:01:21","slug":"peraje-legends-max-carbone-red-hard","status":"publish","type":"product","link":"https:\/\/neocarbone.com\/fr\/product\/peraje-legends-max-carbone-red-hard\/","title":{"rendered":"Ailerons LEGENDS Max Carbone (Rouge Dur)"},"content":{"rendered":"<ul>\n<li>Palmes en carbone de r\u00e9sistance 3K - 200g\/m\u00b2,<\/li>\n<li>Lame 80cm x 19cm avec un angle de 22\u00b0.<\/li>\n<li>Poids d&#039;une aileron 880 g,<\/li>\n<li>Con\u00e7u selon l&#039;architecture unique LEGEND,<\/li>\n<li>Le pied d&#039;aileron LEGENDS est le r\u00e9sultat d&#039;un \u00e9quilibre parfait entre performance, puissance et contr\u00f4labilit\u00e9.<\/li>\n<li>La poche de jambe LEGENDS est r\u00e9alis\u00e9e de mani\u00e8re traditionnelle selon un savoir-faire unique qui permet de m\u00e9langer 3 types de duret\u00e9, de confort et de l\u00e9g\u00e8ret\u00e9 optimale.<\/li>\n<li>Des rails de d\u00e9rive sont ajout\u00e9s au bout des pales pour un contr\u00f4le parfait.<\/li>\n<li>Disponible en 3 duret\u00e9s : LEGENDS (bleu doux), LEGENDS+ (Orange moyen) et LEGENDS Max (rouge dur).<\/li>\n<\/ul>","protected":false},"excerpt":{"rendered":"<p>Karbonska peraja snage 3K \u2013 200g\/m\u00b2, O\u0161trica 80cm x 19cm sa kutom 22\u00b0. Te\u017eina jedne peraje 880 g, Dizajnirana prema jedinstvenoj arhitekturi LEGENDA, Stopa peraje LEGENDS rezultat su savr\u0161ene ravnote\u017ee izme\u0111u performansi, snage i upravljivosti. LEGENDS d\u017eep za noge proizveden je na tradicionalan na\u010din prema na jedinstvenom know-how koji omogu\u0107uje mije\u0161anje 3 vrste tvrdo\u0107e udobnosti [&hellip;]<\/p>\n","protected":false},"featured_media":101901,"template":"","meta":{"_et_pb_use_builder":"","_et_pb_old_content":"","_et_gb_content_width":""},"product_brand":[],"product_cat":[110],"product_tag":[],"class_list":{"0":"post-101850","1":"product","2":"type-product","3":"status-publish","4":"has-post-thumbnail","6":"product_cat-peraje","8":"first","9":"instock","10":"shipping-taxable","11":"purchasable","12":"product-type-variable"},"_links":{"self":[{"href":"https:\/\/neocarbone.com\/fr\/wp-json\/wp\/v2\/product\/101850","targetHints":{"allow":["GET"]}}],"collection":[{"href":"https:\/\/neocarbone.com\/fr\/wp-json\/wp\/v2\/product"}],"about":[{"href":"https:\/\/neocarbone.com\/fr\/wp-json\/wp\/v2\/types\/product"}],"wp:featuredmedia":[{"embeddable":true,"href":"https:\/\/neocarbone.com\/fr\/wp-json\/wp\/v2\/media\/101901"}],"wp:attachment":[{"href":"https:\/\/neocarbone.com\/fr\/wp-json\/wp\/v2\/media?parent=101850"}],"wp:term":[{"taxonomy":"product_brand","embeddable":true,"href":"https:\/\/neocarbone.com\/fr\/wp-json\/wp\/v2\/product_brand?post=101850"},{"taxonomy":"product_cat","embeddable":true,"href":"https:\/\/neocarbone.com\/fr\/wp-json\/wp\/v2\/product_cat?post=101850"},{"taxonomy":"product_tag","embeddable":true,"href":"https:\/\/neocarbone.com\/fr\/wp-json\/wp\/v2\/product_tag?post=101850"}],"curies":[{"name":"wp","href":"https:\/\/api.w.org\/{rel}","templated":true}]}}