{"id":101851,"date":"2023-04-26T15:11:24","date_gmt":"2023-04-26T13:11:24","guid":{"rendered":"https:\/\/neocarbone.com\/?post_type=product&#038;p=101851"},"modified":"2026-03-31T00:44:46","modified_gmt":"2026-03-30T22:44:46","slug":"peraje-vega","status":"publish","type":"product","link":"https:\/\/neocarbone.com\/fr\/product\/peraje-vega\/","title":{"rendered":"Palmes V\u00e9ga"},"content":{"rendered":"<p>Palmes monobloc \u00e0 talon ferm\u00e9 avec lame en technolpolym\u00e8re incassable.<br \/>\n\u2013 Chausson surmoul\u00e9 TPE SEBS.<br \/>\n\u2013 L\u2019aileron VEGA a \u00e9t\u00e9 con\u00e7u avec les caract\u00e9ristiques suivantes :<br \/>\n\u2013 CONFORT aucune douleur apr\u00e8s plusieurs heures d\u2019utilisation.<br \/>\n\u2013 FINESSE pour un excellent coefficient de p\u00e9n\u00e9tration dans l\u2019eau.<br \/>\n\u2013 L\u00c9G\u00c8RET\u00c9 efficacit\u00e9 et endurance pour la finition augment\u00e9es en diminuant la masse<br \/>\nmouvement<br \/>\n\u2013 HAUTE PERFORMANCE Architecture unique fa\u00e7onn\u00e9e \u00e0 la surface de la lame, haute flexibilit\u00e9,<br \/>\npoints centraux de gravit\u00e9 et de soul\u00e8vement optimis\u00e9s.<br \/>\n\u2013 FIABILIT\u00c9 &amp; DURABLIT\u00c9 gr\u00e2ce \u00e0 l\u2019utilisation de mat\u00e9riaux performants : Technopolym\u00e8re incassable<br \/>\npour la lame et TPE SEBS surmoul\u00e9 pour le pied poket, avec neuf<br \/>\ng\u00e9n\u00e9ration de processus de fabrication pour des r\u00e9sultats de qualit\u00e9 parfaite.<br \/>\n\u2013 La palme VEGA ne fait que 900gr (1,76 lbs) en taille 2, 435gr (0,96 l bf) ou footpocket uniquement.<br \/>\n\u2013 C\u2019est l\u2019une des palmes les plus techniques et l\u00e9g\u00e8res de sa cat\u00e9gorie. Disponible en 4 tailles.<\/p>","protected":false},"excerpt":{"rendered":"<p>Fins monobloc closed heel fins with unbreakable technolpolymereb lade. &#8211; TPE SEBS overmolded footpocket. &#8211; The VEGA fin has been designed with fol-lowing features: &#8211; COMFORT no pain after several hours of use. &#8211; FINESSE for an excellent coefficient of pene-tration into thew ater. &#8211; LIGHTNESS efficiency and stamina for fining increased by decresaing the [&hellip;]<\/p>\n","protected":false},"featured_media":101903,"template":"","meta":{"_et_pb_use_builder":"","_et_pb_old_content":"","_et_gb_content_width":""},"product_brand":[],"product_cat":[131,110],"product_tag":[],"class_list":{"0":"post-101851","1":"product","2":"type-product","3":"status-publish","4":"has-post-thumbnail","6":"product_cat-akcija","7":"product_cat-peraje","9":"first","10":"instock","11":"shipping-taxable","12":"purchasable","13":"product-type-variable"},"_links":{"self":[{"href":"https:\/\/neocarbone.com\/fr\/wp-json\/wp\/v2\/product\/101851","targetHints":{"allow":["GET"]}}],"collection":[{"href":"https:\/\/neocarbone.com\/fr\/wp-json\/wp\/v2\/product"}],"about":[{"href":"https:\/\/neocarbone.com\/fr\/wp-json\/wp\/v2\/types\/product"}],"wp:featuredmedia":[{"embeddable":true,"href":"https:\/\/neocarbone.com\/fr\/wp-json\/wp\/v2\/media\/101903"}],"wp:attachment":[{"href":"https:\/\/neocarbone.com\/fr\/wp-json\/wp\/v2\/media?parent=101851"}],"wp:term":[{"taxonomy":"product_brand","embeddable":true,"href":"https:\/\/neocarbone.com\/fr\/wp-json\/wp\/v2\/product_brand?post=101851"},{"taxonomy":"product_cat","embeddable":true,"href":"https:\/\/neocarbone.com\/fr\/wp-json\/wp\/v2\/product_cat?post=101851"},{"taxonomy":"product_tag","embeddable":true,"href":"https:\/\/neocarbone.com\/fr\/wp-json\/wp\/v2\/product_tag?post=101851"}],"curies":[{"name":"wp","href":"https:\/\/api.w.org\/{rel}","templated":true}]}}