{"id":101852,"date":"2023-04-26T15:11:24","date_gmt":"2023-04-26T13:11:24","guid":{"rendered":"https:\/\/neocarbone.com\/?post_type=product&#038;p=101852"},"modified":"2026-03-31T00:44:46","modified_gmt":"2026-03-30T22:44:46","slug":"peraje-umbiozu","status":"publish","type":"product","link":"https:\/\/neocarbone.com\/fr\/product\/peraje-umbiozu\/","title":{"rendered":"Nageoires d&#039;ombiose"},"content":{"rendered":"<ul>\n<li>carbone 100%,<\/li>\n<li>Mitsubishi Chemical Fibre de carbone et composites,<\/li>\n<li>Qualit\u00e9 unique et effet de vague,<\/li>\n<li>Tricot\u00e9 3K, 290 gr\/m\u00b2, feuille 80 cm x 19 cm avec un angle de 22\u00b0 et 860 gr. masses par nageoire,<\/li>\n<li>Les palmes UMIBOZ sont une combinaison parfaite de confort et de facilit\u00e9 de mouvement,<\/li>\n<li>Repose-pieds LEGENDS \u00e0 propulsion forte et extr\u00eame assur\u00e9e par l&#039;architecture unique de la feuille de carbone,<\/li>\n<li>Lames lat\u00e9rales hydrodynamiques sur toute la longueur des vantaux pour un contr\u00f4le optimal du d\u00e9bit d&#039;eau,<\/li>\n<li>Disponible en 3 versions de rigidit\u00e9 : S (souple) \/ M (moyen) \/ H (dur).<\/li>\n<\/ul>","protected":false},"excerpt":{"rendered":"<p>100% karbon, Mitsubishi Chemical Carbon Fiber &amp; Composites, Jedinstvena kvaliteta i efekt valova, 3K pleteno, 290 gr\/m\u00b2, list 80 cm x 19 cm s kutom od 22\u00b0 i 860 gr. mase po peraji, UMIBOZU peraje su savr\u0161en spoj udobnosti i lako\u0107e kretanja, LEGENDS stopa za noge sa sna\u017enom i ekstremnom propulzijom koju osigurava jedinstvena arhitektura [&hellip;]<\/p>\n","protected":false},"featured_media":101909,"template":"","meta":{"_et_pb_use_builder":"","_et_pb_old_content":"","_et_gb_content_width":""},"product_brand":[],"product_cat":[110],"product_tag":[],"class_list":{"0":"post-101852","1":"product","2":"type-product","3":"status-publish","4":"has-post-thumbnail","6":"product_cat-peraje","8":"first","9":"instock","10":"shipping-taxable","11":"purchasable","12":"product-type-variable"},"_links":{"self":[{"href":"https:\/\/neocarbone.com\/fr\/wp-json\/wp\/v2\/product\/101852","targetHints":{"allow":["GET"]}}],"collection":[{"href":"https:\/\/neocarbone.com\/fr\/wp-json\/wp\/v2\/product"}],"about":[{"href":"https:\/\/neocarbone.com\/fr\/wp-json\/wp\/v2\/types\/product"}],"wp:featuredmedia":[{"embeddable":true,"href":"https:\/\/neocarbone.com\/fr\/wp-json\/wp\/v2\/media\/101909"}],"wp:attachment":[{"href":"https:\/\/neocarbone.com\/fr\/wp-json\/wp\/v2\/media?parent=101852"}],"wp:term":[{"taxonomy":"product_brand","embeddable":true,"href":"https:\/\/neocarbone.com\/fr\/wp-json\/wp\/v2\/product_brand?post=101852"},{"taxonomy":"product_cat","embeddable":true,"href":"https:\/\/neocarbone.com\/fr\/wp-json\/wp\/v2\/product_cat?post=101852"},{"taxonomy":"product_tag","embeddable":true,"href":"https:\/\/neocarbone.com\/fr\/wp-json\/wp\/v2\/product_tag?post=101852"}],"curies":[{"name":"wp","href":"https:\/\/api.w.org\/{rel}","templated":true}]}}