{"id":101946,"date":"2023-04-26T15:15:19","date_gmt":"2023-04-26T13:15:19","guid":{"rendered":"https:\/\/neocarbone.com\/?post_type=product&#038;p=101946"},"modified":"2026-02-19T00:36:49","modified_gmt":"2026-02-18T22:36:49","slug":"patrol-raft-board","status":"publish","type":"product","link":"https:\/\/neocarbone.com\/fr\/product\/patrol-raft-board\/","title":{"rendered":"Planche de radeau PATROL"},"content":{"rendered":"<p>Le bateau est fabriqu\u00e9 en PVC de 0,7 mm, tr\u00e8s r\u00e9sistant \u00e0 diverses conditions.<\/p>\n<p>Oreiller flottant et sol en PVC r\u00e9sistant de 0,7 mm.<\/p>\n<p>2 valves de gonflage professionnelles.<\/p>\n<p>2 ailerons int\u00e9gr\u00e9s pour un meilleur contr\u00f4le.<\/p>\n<p>2 poign\u00e9es - 1m de haut avec une base solide<\/p>\n<p>Syst\u00e8me de support de fusil<\/p>\n<p>Grand espace multifonctionnel en partie avant<\/p>\n<p>Housse en PVC et nylon fix\u00e9e par 9 anneaux en D avec deux compartiments pour le petit mat\u00e9riel.<\/p>\n<p>Stockage \u00e9tanche pour t\u00e9l\u00e9phone portable<\/p>\n<p>R\u00e9servoir d&#039;eau 1L type EVA avec tuyau et embout mont\u00e9s dans le couvercle sup\u00e9rieur<\/p>\n<p>Grands anneaux en D en acier inoxydable pour le remorquage et l&#039;ancrage<\/p>\n<p>2 bretelles pour un transport plus facile.<\/p>\n<p>Dimensions : 70x114cm<\/p>\n<p>Vendu avec pompe \u00e0 main et sac de transport<\/p>\n<p>Poids : 5 kg<\/p>","protected":false},"excerpt":{"rendered":"<p>\u010camac izra\u0111en od 0.7mm PVC materijala, koji je veoma otporan na razne uvjete. Plivaju\u0107i jastuk i podnica izra\u0111eni od 0.7mm otpornog PVC materijala. 2 profesionalna ventila za napuhivanje. 2 ugra\u0111ene peraje za bolju kontrolu. 2 ru\u010dke &#8211; 1m visine sa \u010dvrstom bazom Sustav nosa\u010da za pu\u0161ke Veliki multifunkcionalni prostor u prednjem dijelu PVC i najlonski [&hellip;]<\/p>\n","protected":false},"featured_media":101971,"template":"","meta":{"_et_pb_use_builder":"","_et_pb_old_content":"","_et_gb_content_width":""},"product_brand":[],"product_cat":[131,82],"product_tag":[],"class_list":{"0":"post-101946","1":"product","2":"type-product","3":"status-publish","4":"has-post-thumbnail","6":"product_cat-akcija","7":"product_cat-plutace-i-pribor","9":"first","10":"instock","11":"shipping-taxable","12":"purchasable","13":"product-type-simple"},"_links":{"self":[{"href":"https:\/\/neocarbone.com\/fr\/wp-json\/wp\/v2\/product\/101946","targetHints":{"allow":["GET"]}}],"collection":[{"href":"https:\/\/neocarbone.com\/fr\/wp-json\/wp\/v2\/product"}],"about":[{"href":"https:\/\/neocarbone.com\/fr\/wp-json\/wp\/v2\/types\/product"}],"wp:featuredmedia":[{"embeddable":true,"href":"https:\/\/neocarbone.com\/fr\/wp-json\/wp\/v2\/media\/101971"}],"wp:attachment":[{"href":"https:\/\/neocarbone.com\/fr\/wp-json\/wp\/v2\/media?parent=101946"}],"wp:term":[{"taxonomy":"product_brand","embeddable":true,"href":"https:\/\/neocarbone.com\/fr\/wp-json\/wp\/v2\/product_brand?post=101946"},{"taxonomy":"product_cat","embeddable":true,"href":"https:\/\/neocarbone.com\/fr\/wp-json\/wp\/v2\/product_cat?post=101946"},{"taxonomy":"product_tag","embeddable":true,"href":"https:\/\/neocarbone.com\/fr\/wp-json\/wp\/v2\/product_tag?post=101946"}],"curies":[{"name":"wp","href":"https:\/\/api.w.org\/{rel}","templated":true}]}}