{"id":101951,"date":"2023-04-26T15:15:20","date_gmt":"2023-04-26T13:15:20","guid":{"rendered":"https:\/\/neocarbone.com\/?post_type=product&#038;p=101951"},"modified":"2025-01-31T00:02:01","modified_gmt":"2025-01-30T22:02:01","slug":"round-buoy-double","status":"publish","type":"product","link":"https:\/\/neocarbone.com\/fr\/product\/round-buoy-double\/","title":{"rendered":"Bou\u00e9e ronde double"},"content":{"rendered":"<p>Bou\u00e9e de s\u00e9curit\u00e9 \u00e0 double vessie avec protection externe en nylon \/\/ Vessie interne en PVC rempla\u00e7able. Livr\u00e9 avec 17m de corde orange + drapeau &quot;Renard&quot;. Disponible en version ronde ou torpille. La poche \u00e0 plomb doit \u00eatre suspendue au bord de la bou\u00e9e \u00e0 double vessie. Lorsqu&#039;on met un poids de 2 kg \u00e0 l&#039;int\u00e9rieur, la bou\u00e9e s&#039;\u00e9l\u00e8ve tel un phare pour une meilleure visibilit\u00e9 et s\u00e9curit\u00e9 en mer. Pour remettre la bou\u00e9e en position couch\u00e9e, il suffit de placer un lest de 2 kilogrammes sur l&#039;attache centrale de la bou\u00e9e. Cela lui donne \u00e9galement un meilleur \u00e9quilibre en mer. Poche \u00e0 plomb non incluse.<\/p>","protected":false},"excerpt":{"rendered":"<p>Sigurnosna bova dvostrukog mjehura sa vanjskom najlonskom za\u0161titom \/\/ Zamjenjiv unutarnji PVC mjehur. Isporu\u010duje se sa 17m naran\u010dastog konopa + &#8220;Fox&#8221; zastava. Dostupno u okrugloj ili torpednoj verziji. D\u017eep za olovo mora biti obje\u0161en na rubu pluta\u010de s dvostrukim mjehurom. Kada unutra stavite uteg od 2 kg, pluta\u010da se podi\u017ee poput svjetionika za bolju vidljivost [&hellip;]<\/p>\n","protected":false},"featured_media":101993,"template":"","meta":{"_et_pb_use_builder":"","_et_pb_old_content":"","_et_gb_content_width":""},"product_brand":[],"product_cat":[131,82],"product_tag":[],"class_list":{"0":"post-101951","1":"product","2":"type-product","3":"status-publish","4":"has-post-thumbnail","6":"product_cat-akcija","7":"product_cat-plutace-i-pribor","9":"first","10":"instock","11":"shipping-taxable","12":"purchasable","13":"product-type-simple"},"_links":{"self":[{"href":"https:\/\/neocarbone.com\/fr\/wp-json\/wp\/v2\/product\/101951","targetHints":{"allow":["GET"]}}],"collection":[{"href":"https:\/\/neocarbone.com\/fr\/wp-json\/wp\/v2\/product"}],"about":[{"href":"https:\/\/neocarbone.com\/fr\/wp-json\/wp\/v2\/types\/product"}],"wp:featuredmedia":[{"embeddable":true,"href":"https:\/\/neocarbone.com\/fr\/wp-json\/wp\/v2\/media\/101993"}],"wp:attachment":[{"href":"https:\/\/neocarbone.com\/fr\/wp-json\/wp\/v2\/media?parent=101951"}],"wp:term":[{"taxonomy":"product_brand","embeddable":true,"href":"https:\/\/neocarbone.com\/fr\/wp-json\/wp\/v2\/product_brand?post=101951"},{"taxonomy":"product_cat","embeddable":true,"href":"https:\/\/neocarbone.com\/fr\/wp-json\/wp\/v2\/product_cat?post=101951"},{"taxonomy":"product_tag","embeddable":true,"href":"https:\/\/neocarbone.com\/fr\/wp-json\/wp\/v2\/product_tag?post=101951"}],"curies":[{"name":"wp","href":"https:\/\/api.w.org\/{rel}","templated":true}]}}