{"id":101952,"date":"2023-04-26T15:15:20","date_gmt":"2023-04-26T13:15:20","guid":{"rendered":"https:\/\/neocarbone.com\/?post_type=product&#038;p=101952"},"modified":"2025-01-31T00:02:01","modified_gmt":"2025-01-30T22:02:01","slug":"bova-ravna-flat-buoy-double-plancha","status":"publish","type":"product","link":"https:\/\/neocarbone.com\/fr\/product\/bova-ravna-flat-buoy-double-plancha\/","title":{"rendered":"Bou\u00e9e plate double - plancha"},"content":{"rendered":"<p>Bou\u00e9e de s\u00e9curit\u00e9 avec double protection \/\/ la vessie int\u00e9rieure est en PVC, tandis que l&#039;ext\u00e9rieur est en nylon r\u00e9sistant.<\/p>\n<p>Livr\u00e9 complet avec 17m de corde orange + drapeau &quot;Renard&quot;.<\/p>\n<p>La forme plate ainsi que les poches pour les poids assurent la stabilit\u00e9, tandis qu&#039;un jeu de lacets de chaque c\u00f4t\u00e9 vous permet de transporter des armes suppl\u00e9mentaires.<\/p>\n<p>Le syst\u00e8me de fixation par cordon \u00e9lastique permet de ranger des objets suppl\u00e9mentaires plus petits.<\/p>","protected":false},"excerpt":{"rendered":"<p>Sigurnosna bova sa dvostrukom za\u0161titom \/\/ unutra\u0161nji mjehur je napravljen od PVC materijala, dok se izvana nalazi izdr\u017eljivi najlon. Dolazi u kompletu sa 17m naran\u010dastog konopa + &#8220;Fox&#8221; zastavom. Plosnati oblik zajedno s d\u017eepovima za utege daje stabilnost, dok set vezica sa svake strane omogu\u0107uje no\u0161enje dodatnih pu\u0161aka. Sustav fiksiranja sa elasti\u010dnim konopom omogu\u0107uje Vam [&hellip;]<\/p>\n","protected":false},"featured_media":101994,"template":"","meta":{"_et_pb_use_builder":"","_et_pb_old_content":"","_et_gb_content_width":""},"product_brand":[],"product_cat":[131,82],"product_tag":[],"class_list":{"0":"post-101952","1":"product","2":"type-product","3":"status-publish","4":"has-post-thumbnail","6":"product_cat-akcija","7":"product_cat-plutace-i-pribor","9":"first","10":"instock","11":"shipping-taxable","12":"purchasable","13":"product-type-simple"},"_links":{"self":[{"href":"https:\/\/neocarbone.com\/fr\/wp-json\/wp\/v2\/product\/101952","targetHints":{"allow":["GET"]}}],"collection":[{"href":"https:\/\/neocarbone.com\/fr\/wp-json\/wp\/v2\/product"}],"about":[{"href":"https:\/\/neocarbone.com\/fr\/wp-json\/wp\/v2\/types\/product"}],"wp:featuredmedia":[{"embeddable":true,"href":"https:\/\/neocarbone.com\/fr\/wp-json\/wp\/v2\/media\/101994"}],"wp:attachment":[{"href":"https:\/\/neocarbone.com\/fr\/wp-json\/wp\/v2\/media?parent=101952"}],"wp:term":[{"taxonomy":"product_brand","embeddable":true,"href":"https:\/\/neocarbone.com\/fr\/wp-json\/wp\/v2\/product_brand?post=101952"},{"taxonomy":"product_cat","embeddable":true,"href":"https:\/\/neocarbone.com\/fr\/wp-json\/wp\/v2\/product_cat?post=101952"},{"taxonomy":"product_tag","embeddable":true,"href":"https:\/\/neocarbone.com\/fr\/wp-json\/wp\/v2\/product_tag?post=101952"}],"curies":[{"name":"wp","href":"https:\/\/api.w.org\/{rel}","templated":true}]}}