{"id":224129,"date":"2023-05-10T15:43:00","date_gmt":"2023-05-10T13:43:00","guid":{"rendered":"https:\/\/neocarbone.com\/?post_type=product&#038;p=224129"},"modified":"2026-03-30T13:39:32","modified_gmt":"2026-03-30T11:39:32","slug":"podvodna-puska-paranak-natur-85cm","status":"publish","type":"product","link":"https:\/\/neocarbone.com\/fr\/product\/podvodna-puska-paranak-natur-85cm\/","title":{"rendered":"Carabine sous-marine Paranak Natur Camo 85cm"},"content":{"rendered":"<p><strong>NC85PN \u2013 canon sous-marin en bois Paranak Natur<\/strong><\/p>\n<p>Corps et poign\u00e9e fabriqu\u00e9s \u00e0 la main \u00e0 partir d&#039;un stratifi\u00e9 acajou-iroko s\u00e9lectionn\u00e9 avec guide en fibre de carbone int\u00e9gr\u00e9<\/p>\n<p>Renforcement et protection des zones critiques contre les dommages avec des fibres de carbone tiss\u00e9es en serg\u00e9<\/p>\n<p>Poign\u00e9e ergonomique : droite, (gauche ou universelle sur commande), avec une couche suppl\u00e9mentaire antid\u00e9rapante de sable fin<\/p>\n<p>M\u00e9canisme Ermes Double Roll et toutes les pi\u00e8ces m\u00e9talliques en acier inoxydable 316L<\/p>\n<p>T\u00eate mono-rouleau-paranak avec rouleaux en copolym\u00e8re de polyac\u00e9tal adapt\u00e9 \u00e0 une utilisation sous-marine<\/p>\n<p>Fl\u00e9chette sandvik 7mm x 115 cm avec 4 hame\u00e7ons<\/p>\n<p>Configuration des pneus PRIMELINE 2x18mm + 4x16mm<\/p>\n<p>Cordes de conduite et ogives en dyneema pur<\/p>\n<p>Coussin en caoutchouc antid\u00e9rapant et absorbant les chocs sur le talon du pistolet pour un armement plus facile<\/p>\n<p>Pont Paranaque en inox 316L, roulements \u00e0 billes sur poulies de pont<\/p>\n<p>Trois emplacements pour ajouter des poids pour ajuster l&#039;\u00e9quilibre au go\u00fbt de l&#039;utilisateur, l&#039;\u00e9quilibre initial est neutre<\/p>\n<p>Le fusil est \u00e9quip\u00e9 d&#039;un moulinet Ermes Falco 57 avec une ligne polyester enroul\u00e9e de 1,5 mm, un plomb en nylon de 1,6 mm et tous les autres \u00e9quipements, pr\u00eat \u00e0 chasser.<\/p>\n<p>Toutes nos carabines sont test\u00e9es sur cible (3x test de pr\u00e9cision \u00e0 4m, 2x test de port\u00e9e ultime, 1x test d&#039;endurance) et \u00e9quilibr\u00e9es avant vente<\/p>\n<p>Dimensions NC85P sans fl\u00e8che : 110 cm - avec fl\u00e8che 125 cm<\/p>","protected":false},"excerpt":{"rendered":"<p><a href=\"https:\/\/neocarbone.com\/fr\/contact-us\/?v=fd4c638da5f8\">Disponible imm\u00e9diatement - Contactez-nous.<\/a><\/p>","protected":false},"featured_media":224141,"template":"","meta":{"_et_pb_use_builder":"","_et_pb_old_content":"","_et_gb_content_width":""},"product_brand":[],"product_cat":[79,122,76,80],"product_tag":[],"class_list":{"0":"post-224129","1":"product","2":"type-product","3":"status-publish","4":"has-post-thumbnail","6":"product_cat-nc-podvodne-puske","7":"product_cat-novi-model-nc-puske","8":"product_cat-podvodne-puske","9":"product_cat-podvodne-puske-drvene","11":"first","12":"onbackorder","13":"shipping-taxable","14":"product-type-simple"},"_links":{"self":[{"href":"https:\/\/neocarbone.com\/fr\/wp-json\/wp\/v2\/product\/224129","targetHints":{"allow":["GET"]}}],"collection":[{"href":"https:\/\/neocarbone.com\/fr\/wp-json\/wp\/v2\/product"}],"about":[{"href":"https:\/\/neocarbone.com\/fr\/wp-json\/wp\/v2\/types\/product"}],"wp:featuredmedia":[{"embeddable":true,"href":"https:\/\/neocarbone.com\/fr\/wp-json\/wp\/v2\/media\/224141"}],"wp:attachment":[{"href":"https:\/\/neocarbone.com\/fr\/wp-json\/wp\/v2\/media?parent=224129"}],"wp:term":[{"taxonomy":"product_brand","embeddable":true,"href":"https:\/\/neocarbone.com\/fr\/wp-json\/wp\/v2\/product_brand?post=224129"},{"taxonomy":"product_cat","embeddable":true,"href":"https:\/\/neocarbone.com\/fr\/wp-json\/wp\/v2\/product_cat?post=224129"},{"taxonomy":"product_tag","embeddable":true,"href":"https:\/\/neocarbone.com\/fr\/wp-json\/wp\/v2\/product_tag?post=224129"}],"curies":[{"name":"wp","href":"https:\/\/api.w.org\/{rel}","templated":true}]}}