{"id":224164,"date":"2023-05-11T09:19:53","date_gmt":"2023-05-11T07:19:53","guid":{"rendered":"https:\/\/neocarbone.com\/?post_type=product&#038;p=224164"},"modified":"2024-12-09T13:35:57","modified_gmt":"2024-12-09T11:35:57","slug":"podvodna-puska-paranak-natur-100cm","status":"publish","type":"product","link":"https:\/\/neocarbone.com\/fr\/product\/podvodna-puska-paranak-natur-100cm\/","title":{"rendered":"Arbal\u00e8te Paranak Natur Camo 100cm"},"content":{"rendered":"<p><strong>NC100PN \u2013 canon sous-marin en bois Paranak Natur<\/strong><\/p>\n<p>Corps et poign\u00e9e fabriqu\u00e9s \u00e0 la main \u00e0 partir d&#039;un stratifi\u00e9 d&#039;acajou-iroko s\u00e9lectionn\u00e9 avec guide de carbone int\u00e9gr\u00e9<\/p>\n<p>Renforcement et protection des zones critiques contre les dommages avec des fibres de carbone tiss\u00e9es en serg\u00e9<\/p>\n<p>Poign\u00e9e ergonomique : droite, (gauche ou universelle sur commande), avec une couche suppl\u00e9mentaire antid\u00e9rapante de sable fin<\/p>\n<p>M\u00e9canisme Ermes Double Roll et toutes les pi\u00e8ces m\u00e9talliques en acier inoxydable 316L<\/p>\n<p>T\u00eate mono-rouleau-paranak avec rouleaux en copolym\u00e8re de polyac\u00e9tal adapt\u00e9 \u00e0 une utilisation sous-marine<\/p>\n<p>Fl\u00e9chette sandvik 7,5 mm x 130 cm avec 4 hame\u00e7ons<\/p>\n<p>Configuration des pneus PRIMELINE, paire de d\u00e9marrage sup\u00e9rieure 14 mm et entra\u00eenement 5x16 mm<\/p>\n<p>Cordes de transmission et ogives en pur dyneema 2mm<\/p>\n<p>Coussin en caoutchouc antid\u00e9rapant et absorbant les chocs sur le talon du pistolet pour un armement plus facile<\/p>\n<p>Pont Paranaque en inox 316L, roulements \u00e0 billes sur poulies de pont<\/p>\n<p>Trois emplacements pour ajouter des poids pour ajuster l&#039;\u00e9quilibre au go\u00fbt de l&#039;utilisateur, l&#039;\u00e9quilibre initial est neutre<\/p>\n<p>Le fusil est \u00e9quip\u00e9 d&#039;un moulinet Ermes Falco 77 avec une ligne polyester enroul\u00e9e de 1,5 mm, un plomb en nylon de 1,6 mm et tous les autres \u00e9quipements, pr\u00eat \u00e0 chasser.<\/p>\n<p>Toutes nos carabines sont test\u00e9es sur cible (3x test de pr\u00e9cision \u00e0 4m, 2x test de port\u00e9e ultime, 1x test d&#039;endurance) et \u00e9quilibr\u00e9es avant vente<\/p>\n<p>Dimensions NC100P sans fl\u00e8che : 125 cm - avec fl\u00e8che 140 cm<\/p>","protected":false},"excerpt":{"rendered":"<p><a href=\"https:\/\/neocarbone.com\/fr\/contact-us\/?v=fd4c638da5f8\">Disponible imm\u00e9diatement - Contactez-nous.<\/a><\/p>","protected":false},"featured_media":224165,"template":"","meta":{"_et_pb_use_builder":"on","_et_pb_old_content":"<strong>NC100PN \u2013 drvena podvodnas pu\u0161ka Paranak Natur<\/strong>\r\n\r\nRu\u010dno izra\u0111eno tijelo i ru\u010dka od biranog laminata mahagonij-iroko sa integriranom vodilicom od karbona\r\n\r\nOja\u010danje i za\u0161tita kriti\u010dnih mjesta od o\u0161te\u0107enja twill pletenih karbonskih vlakana\r\n\r\nErgonomska ru\u010dka: desna, (lijeva ili univerzalna po narud\u017ebi), sa dodatni\u00a0 protu-kliznim slojem finog\u00a0 pijeska\r\n\r\nMehanizam Ermes Double Roll i svi metalni dijelovi izra\u0111eni od 316L nehr\u0111aju\u0107eg \u010delika\r\n\r\nJednostruka roller-paranak glava sa rolama izra\u0111enim od poliacetal kopolimera prilago\u0111enog podvodnoj upotrebi\r\n\r\n7,5mm x 130 cm sandvik strelica sa 4 kukicama\r\n\r\nSetup od PRIMELINE guma, gornji starter par 14mm i 5x16mm pogonske\r\n\r\nPogonski konopi i ogive od \u010diste dyneeme 2mm\r\n\r\nGumena protu-klizna i amortiziraju\u0107a podlo\u0161ka na peti pu\u0161ke radi lak\u0161eg napinjanja\r\n\r\nMost paranaka izra\u0111en od od 316L nehr\u0111aju\u0107eg \u010delika, kugli\u010dni le\u017eajevi na koloturima mosta\r\n\r\nTri utora za dodavanje utega radi prilago\u0111avanja balansa po ukusu korisnika, po\u010detni balans je neutralan\r\n\r\nPu\u0161ka dolazi opremljena sa mulinelom Ermes Falco 77 sa namotanim 1,5mm poliesterskim konopom, 1,6mm najlonskim predvezom i svom ostalom opremom, spremna za lov\r\n\r\nSve na\u0161e pu\u0161ke su testirane na metu (3x test preciznosti na 4m, 2x test krajnjeg dometa, 1x test izdr\u017eljivosti) i balansirane prije prodaje\r\n\r\nDimenzije NC100P bez strelice\u00a0: 125 cm \u2013 sa strelicom 140cm","_et_gb_content_width":""},"product_brand":[],"product_cat":[79,122,76,80],"product_tag":[],"class_list":{"0":"post-224164","1":"product","2":"type-product","3":"status-publish","4":"has-post-thumbnail","6":"product_cat-nc-podvodne-puske","7":"product_cat-novi-model-nc-puske","8":"product_cat-podvodne-puske","9":"product_cat-podvodne-puske-drvene","11":"first","12":"onbackorder","13":"shipping-taxable","14":"product-type-simple"},"_links":{"self":[{"href":"https:\/\/neocarbone.com\/fr\/wp-json\/wp\/v2\/product\/224164","targetHints":{"allow":["GET"]}}],"collection":[{"href":"https:\/\/neocarbone.com\/fr\/wp-json\/wp\/v2\/product"}],"about":[{"href":"https:\/\/neocarbone.com\/fr\/wp-json\/wp\/v2\/types\/product"}],"wp:featuredmedia":[{"embeddable":true,"href":"https:\/\/neocarbone.com\/fr\/wp-json\/wp\/v2\/media\/224165"}],"wp:attachment":[{"href":"https:\/\/neocarbone.com\/fr\/wp-json\/wp\/v2\/media?parent=224164"}],"wp:term":[{"taxonomy":"product_brand","embeddable":true,"href":"https:\/\/neocarbone.com\/fr\/wp-json\/wp\/v2\/product_brand?post=224164"},{"taxonomy":"product_cat","embeddable":true,"href":"https:\/\/neocarbone.com\/fr\/wp-json\/wp\/v2\/product_cat?post=224164"},{"taxonomy":"product_tag","embeddable":true,"href":"https:\/\/neocarbone.com\/fr\/wp-json\/wp\/v2\/product_tag?post=224164"}],"curies":[{"name":"wp","href":"https:\/\/api.w.org\/{rel}","templated":true}]}}