{"id":224175,"date":"2023-05-11T09:24:46","date_gmt":"2023-05-11T07:24:46","guid":{"rendered":"https:\/\/neocarbone.com\/?post_type=product&#038;p=224175"},"modified":"2024-12-09T13:35:35","modified_gmt":"2024-12-09T11:35:35","slug":"podvodna-puska-roller-inverter-natur-105cm","status":"publish","type":"product","link":"https:\/\/neocarbone.com\/fr\/product\/podvodna-puska-roller-inverter-natur-105cm\/","title":{"rendered":"Fusil sous-marin Roller Inverter Natur Camo 105cm"},"content":{"rendered":"<p><strong>NC105RiN \u2013 Onduleur \u00e0 rouleaux en bois pour carabine sous-marine Natur<\/strong><\/p>\n<p>Corps et poign\u00e9e faits \u00e0 la main en stratifi\u00e9 acajou-iroko s\u00e9lectionn\u00e9 avec guide int\u00e9gr\u00e9, connexion et protection en r\u00e9sines UV \u00e9poxy et polyur\u00e9thane<\/p>\n<p>Renfort lat\u00e9ral en carbone et guide int\u00e9gral en carbone<\/p>\n<p>Poign\u00e9e ergonomique : droite, (gauche ou universelle sur commande), avec une couche suppl\u00e9mentaire antid\u00e9rapante de sable fin<\/p>\n<p>M\u00e9canisme Ermes Double Roll et toutes les pi\u00e8ces m\u00e9talliques en acier inoxydable 316L.<br \/>\nT\u00eate de rouleau simple avec rouleaux Derlin<\/p>\n<p>Fl\u00e9chettes sandvik 7,5 mm x 140 cm avec 4 crochets<\/p>\n<p>Configuration de pneus Primeline de d\u00e9marreur 2x14mm + 2x16mm bloqu\u00e9s sur le rouleau sur deux pneus doubles et circulaires de 16mm<\/p>\n<p>Ogive pleine dyneema 2.3mm Diamant<br \/>\nCoussinet en caoutchouc antid\u00e9rapant et absorbant les chocs sur le talon de la carabine pour un armement plus facile<\/p>\n<p>Camouflage de couleur<br \/>\nTrois emplacements pour ajouter des poids pour ajuster la balance au go\u00fbt de l&#039;utilisateur, la configuration initiale est neutre<br \/>\nLe fusil est \u00e9quip\u00e9 d&#039;un moulinet Ermes Falco 77 avec une ligne polyester enroul\u00e9e de 1,5 mm, un plomb en nylon de 1,6 mm et tous les autres \u00e9quipements, pr\u00eat \u00e0 chasser.<\/p>\n<p>Toutes nos carabines sont test\u00e9es sur cible (3x test de pr\u00e9cision \u00e0 4m, 2x test de port\u00e9e ultime, 1x test d&#039;endurance) et \u00e9quilibr\u00e9es avant vente<\/p>\n<p>Dimensions NC105RiN sans fl\u00e8che : 135 cm - avec fl\u00e8che 150 cm<\/p>","protected":false},"excerpt":{"rendered":"<p><a href=\"https:\/\/neocarbone.com\/fr\/contact-us\/?v=fd4c638da5f8\">Disponible imm\u00e9diatement - Contactez-nous.<\/a><\/p>","protected":false},"featured_media":224251,"template":"","meta":{"_et_pb_use_builder":"","_et_pb_old_content":"","_et_gb_content_width":""},"product_brand":[],"product_cat":[79,71,122,76,80],"product_tag":[],"class_list":{"0":"post-224175","1":"product","2":"type-product","3":"status-publish","4":"has-post-thumbnail","6":"product_cat-nc-podvodne-puske","7":"product_cat-nc-proizvodi","8":"product_cat-novi-model-nc-puske","9":"product_cat-podvodne-puske","10":"product_cat-podvodne-puske-drvene","12":"first","13":"onbackorder","14":"shipping-taxable","15":"product-type-simple"},"_links":{"self":[{"href":"https:\/\/neocarbone.com\/fr\/wp-json\/wp\/v2\/product\/224175","targetHints":{"allow":["GET"]}}],"collection":[{"href":"https:\/\/neocarbone.com\/fr\/wp-json\/wp\/v2\/product"}],"about":[{"href":"https:\/\/neocarbone.com\/fr\/wp-json\/wp\/v2\/types\/product"}],"wp:featuredmedia":[{"embeddable":true,"href":"https:\/\/neocarbone.com\/fr\/wp-json\/wp\/v2\/media\/224251"}],"wp:attachment":[{"href":"https:\/\/neocarbone.com\/fr\/wp-json\/wp\/v2\/media?parent=224175"}],"wp:term":[{"taxonomy":"product_brand","embeddable":true,"href":"https:\/\/neocarbone.com\/fr\/wp-json\/wp\/v2\/product_brand?post=224175"},{"taxonomy":"product_cat","embeddable":true,"href":"https:\/\/neocarbone.com\/fr\/wp-json\/wp\/v2\/product_cat?post=224175"},{"taxonomy":"product_tag","embeddable":true,"href":"https:\/\/neocarbone.com\/fr\/wp-json\/wp\/v2\/product_tag?post=224175"}],"curies":[{"name":"wp","href":"https:\/\/api.w.org\/{rel}","templated":true}]}}