{"id":224186,"date":"2023-05-11T09:29:06","date_gmt":"2023-05-11T07:29:06","guid":{"rendered":"https:\/\/neocarbone.com\/?post_type=product&#038;p=224186"},"modified":"2023-07-04T18:58:47","modified_gmt":"2023-07-04T16:58:47","slug":"podvodna-puska-classic-110cm","status":"publish","type":"product","link":"https:\/\/neocarbone.com\/fr\/product\/podvodna-puska-classic-110cm\/","title":{"rendered":"Pistolet sous-marin Classic 110cm"},"content":{"rendered":"<p><strong>NC110C \u2013 Fusil sous-marin en bois Classic<\/strong><\/p>\n<p>Corps et poign\u00e9e fabriqu\u00e9s \u00e0 la main en stratifi\u00e9 iroko-acajou s\u00e9lectionn\u00e9, connexion et protection en r\u00e9sines UV \u00e9poxy et polyur\u00e9thane<\/p>\n<p>Renfort lat\u00e9ral en carbone et guide int\u00e9gral en carbone<\/p>\n<p>Poign\u00e9e universelle<br \/>\nM\u00e9canisme Ermes Double Roll et toutes les pi\u00e8ces m\u00e9talliques en acier inoxydable 316L<br \/>\nFl\u00e9chettes sandvik 7mm x 140 cm avec 4 crochets<\/p>\n<p>Caoutchouc Primeline setup circulaire 2x16mm \u2013 Ogive full dyneema<br \/>\nCoussinet en caoutchouc antid\u00e9rapant et absorbant les chocs sur le talon de la carabine pour un armement plus facile<\/p>\n<p>Camouflage de couleur<br \/>\nUne fente pour ajouter des poids pour ajuster la balance selon le go\u00fbt de l&#039;utilisateur, la configuration initiale est neutre<br \/>\nLe fusil est \u00e9quip\u00e9 d&#039;un moulinet Ermes Falco 77 avec une ligne polyester enroul\u00e9e de 1,5 mm, un plomb en nylon de 1,6 mm et tous les autres \u00e9quipements, pr\u00eat \u00e0 chasser.<\/p>\n<p>Toutes nos carabines sont test\u00e9es sur cible (3x test de pr\u00e9cision \u00e0 4m, 2x test de port\u00e9e ultime, 1x test d&#039;endurance) et \u00e9quilibr\u00e9es avant vente<\/p>\n<p>Dimensions NC100C sans fl\u00e8che : 125 cm - avec fl\u00e8che 140 cm<\/p>\n<hr \/>\n<p>&nbsp;<\/p>","protected":false},"excerpt":{"rendered":"<p>NC110C \u2013 Drvena podvodna pu\u0161ka Classic Ru\u010dno izra\u0111eni\u00a0tijelo i ru\u010dka od biranog laminata iroko-mahagonij, spajanje i za\u0161tita izvedena je epoxy i poliuretanskim UV smolama Bocno poja\u010danje s karbonom i integralna vodilica od karbona Univerzalna ru\u010dka Mehanizam Ermes Double Roll i svi metalni dijelovi izra\u0111eni od 316L nehr\u0111aju\u010deg \u010delika 7mm x 140 cm sandvik strelice sa [&hellip;]<\/p>\n","protected":false},"featured_media":224191,"template":"","meta":{"_et_pb_use_builder":"","_et_pb_old_content":"","_et_gb_content_width":""},"product_brand":[],"product_cat":[79,122,76,80],"product_tag":[],"class_list":{"0":"post-224186","1":"product","2":"type-product","3":"status-publish","4":"has-post-thumbnail","6":"product_cat-nc-podvodne-puske","7":"product_cat-novi-model-nc-puske","8":"product_cat-podvodne-puske","9":"product_cat-podvodne-puske-drvene","11":"first","12":"onbackorder","13":"shipping-taxable","14":"product-type-simple"},"_links":{"self":[{"href":"https:\/\/neocarbone.com\/fr\/wp-json\/wp\/v2\/product\/224186","targetHints":{"allow":["GET"]}}],"collection":[{"href":"https:\/\/neocarbone.com\/fr\/wp-json\/wp\/v2\/product"}],"about":[{"href":"https:\/\/neocarbone.com\/fr\/wp-json\/wp\/v2\/types\/product"}],"wp:featuredmedia":[{"embeddable":true,"href":"https:\/\/neocarbone.com\/fr\/wp-json\/wp\/v2\/media\/224191"}],"wp:attachment":[{"href":"https:\/\/neocarbone.com\/fr\/wp-json\/wp\/v2\/media?parent=224186"}],"wp:term":[{"taxonomy":"product_brand","embeddable":true,"href":"https:\/\/neocarbone.com\/fr\/wp-json\/wp\/v2\/product_brand?post=224186"},{"taxonomy":"product_cat","embeddable":true,"href":"https:\/\/neocarbone.com\/fr\/wp-json\/wp\/v2\/product_cat?post=224186"},{"taxonomy":"product_tag","embeddable":true,"href":"https:\/\/neocarbone.com\/fr\/wp-json\/wp\/v2\/product_tag?post=224186"}],"curies":[{"name":"wp","href":"https:\/\/api.w.org\/{rel}","templated":true}]}}