{"id":224454,"date":"2023-08-28T15:52:24","date_gmt":"2023-08-28T13:52:24","guid":{"rendered":"https:\/\/neocarbone.com\/?post_type=product&#038;p=224454"},"modified":"2023-08-29T18:43:36","modified_gmt":"2023-08-29T16:43:36","slug":"zastitne-kapice-za-vrh-strelica","status":"publish","type":"product","link":"https:\/\/neocarbone.com\/fr\/product\/zastitne-kapice-za-vrh-strelica\/","title":{"rendered":"Capuchons de protection pour pointes de fl\u00e8ches"},"content":{"rendered":"<ul>\n<li>Fait \u00e0 la main - 2 pi\u00e8ces,<\/li>\n<li>Capuchons de protection pour pointe de fl\u00e8ches,<\/li>\n<li>La couleur du produit est informative et peut \u00eatre diff\u00e9rente de celle pr\u00e9sent\u00e9e sur la photo<\/li>\n<\/ul>","protected":false},"excerpt":{"rendered":"<p>Ru\u010dni rad &#8211; 2 kom., Za\u0161titne kapice za vrh strelica, Boja proizvoda je informativna i moze biti drug\u010dija od prikazane na fotografiji<\/p>","protected":false},"featured_media":224513,"template":"","meta":{"_et_pb_use_builder":"","_et_pb_old_content":"","_et_gb_content_width":""},"product_brand":[],"product_cat":[83],"product_tag":[],"class_list":{"0":"post-224454","1":"product","2":"type-product","3":"status-publish","4":"has-post-thumbnail","6":"product_cat-strijele","8":"first","9":"instock","10":"shipping-taxable","11":"purchasable","12":"product-type-simple"},"_links":{"self":[{"href":"https:\/\/neocarbone.com\/fr\/wp-json\/wp\/v2\/product\/224454","targetHints":{"allow":["GET"]}}],"collection":[{"href":"https:\/\/neocarbone.com\/fr\/wp-json\/wp\/v2\/product"}],"about":[{"href":"https:\/\/neocarbone.com\/fr\/wp-json\/wp\/v2\/types\/product"}],"wp:featuredmedia":[{"embeddable":true,"href":"https:\/\/neocarbone.com\/fr\/wp-json\/wp\/v2\/media\/224513"}],"wp:attachment":[{"href":"https:\/\/neocarbone.com\/fr\/wp-json\/wp\/v2\/media?parent=224454"}],"wp:term":[{"taxonomy":"product_brand","embeddable":true,"href":"https:\/\/neocarbone.com\/fr\/wp-json\/wp\/v2\/product_brand?post=224454"},{"taxonomy":"product_cat","embeddable":true,"href":"https:\/\/neocarbone.com\/fr\/wp-json\/wp\/v2\/product_cat?post=224454"},{"taxonomy":"product_tag","embeddable":true,"href":"https:\/\/neocarbone.com\/fr\/wp-json\/wp\/v2\/product_tag?post=224454"}],"curies":[{"name":"wp","href":"https:\/\/api.w.org\/{rel}","templated":true}]}}