{"id":224455,"date":"2023-08-28T16:03:36","date_gmt":"2023-08-28T14:03:36","guid":{"rendered":"https:\/\/neocarbone.com\/?post_type=product&#038;p=224455"},"modified":"2025-07-25T12:12:52","modified_gmt":"2025-07-25T10:12:52","slug":"racunalo-king-cressi","status":"publish","type":"product","link":"https:\/\/neocarbone.com\/fr\/product\/racunalo-king-cressi\/","title":{"rendered":"Ordinateur \u2013 KING \u2013 Cressi"},"content":{"rendered":"<p>Avec son format compact (48 mm de diam\u00e8tre) et son \u00e9cran \u00e0 contraste \u00e9lev\u00e9 (35 mm de diam\u00e8tre), la King est un excellent choix pour tous les passionn\u00e9s d&#039;apn\u00e9e et de chasse sous-marine. Caract\u00e9ristiques\u00a0: \u2013 dimensions r\u00e9duites (48 mm de diam\u00e8tre) \u2013 \u00e9cran de grande taille par rapport au bo\u00eetier (35 mm de diam\u00e8tre) et \u00e0 contraste \u00e9lev\u00e9 \u2013 verre min\u00e9ral et lunette en m\u00e9tal \u2013 \u00e9tanche jusqu&#039;\u00e0 120\u00a0m\u00e8tres \u2013 batterie haute capacit\u00e9 \u2013 logiciel moderne avec fonctions de surveillance de la d\u00e9compression pour pr\u00e9venir l&#039;apparition de taravana et d&#039;\u0153d\u00e8me \u2013 nouveau bracelet en silicone et polyamide avec \u00e9l\u00e9ments en acier inoxydable. La montre est livr\u00e9e dans un coffret de protection pratique avec protection d&#039;\u00e9cran en silicone. <strong>\u00a0<\/strong>PROGRAMME (APPI) \u2013 Algorithme de r\u00e9duction du risque de noyade \u00e0 8 niveaux \u2013 R\u00e9duction du risque d&#039;\u0153d\u00e8me pulmonaire gr\u00e2ce \u00e0 un algorithme de calcul de plong\u00e9e \u2013 Profondeur actuelle \u2013 Temp\u00e9rature \u2013 Profondeur maximale \u2013 Dur\u00e9e de plong\u00e9e \u2013 Affichage de l&#039;intervalle de surface \u2013 Indicateur de vitesse maximale de plong\u00e9e et de remont\u00e9e \u2013 Alarmes de profondeur, de dur\u00e9e de plong\u00e9e et d&#039;intervalle de surface \u2013 Alarme d&#039;hydratation \u2013 Alarme param\u00e9trable pour une phase de plong\u00e9e sp\u00e9cifique \u2013 R\u00e9glages eau douce\/eau sal\u00e9e (ou eau de mer) \u2013 Possibilit\u00e9 de verrouillage pendant la nage <strong>REGISTRE<\/strong> \u2013 Intervalle d&#039;\u00e9chantillonnage des donn\u00e9es variable \u2013 Disponible pendant la plong\u00e9e \u2013 Afficher les d\u00e9tails de chaque plong\u00e9e <strong>Interfaces pour se connecter \u00e0 un ordinateur<\/strong><\/p>","protected":false},"excerpt":{"rendered":"<p>Pour la p\u00eache sous-marine et la plong\u00e9e libre :<\/p>\n<ul>\n<li>Ordinateur,<\/li>\n<li>Une montre,<\/li>\n<\/ul>","protected":false},"featured_media":224467,"template":"","meta":{"_et_pb_use_builder":"off","_et_pb_old_content":"Sa svojim kompaktnim izgledom (48 mm promjera) i ekranom velikog kontrasta (35 mm promjera) King je fantasti\u010dan odabir za svakog ronioca na dah i podvodnog ribolovca.\r\n\r\nKarakteristike:\r\n\r\n- male dimenzije (promjer sata 48 mm)\r\n\r\n- ekran zna\u010dajnih dimenzija, u odnosu na sam sat (35 mm promjera) i velikog kontrasta\r\n\r\n- mineralno staklo + metalni bezel\r\n\r\n- vodonepropusan do 120 m dubine\r\n\r\n- baterija velikog kapaciteta\r\n\r\n- moderan softver sa funkcijama pra\u0107enja dekompresije koji sprije\u010dava nastanak taravane i edema.\r\n\r\n- novi remen, kombinacija silikona i poliamida sa inox elementima\r\n\r\nSat se isporu\u010duje u prakti\u010dnoj za\u0161titnoj kutiji, sa silikonskom za\u0161titom ekrana.\r\n\r\n<strong>\u00a0<\/strong>(FREEDIVING) PROGRAM\r\n\r\n- Algoritam za smanjenje rizira od taravane s 8 razina\r\n\r\n- Smanjenje rizika od plu\u010dnog edema algoritmom za ra\u010dunanje zarona\r\n\r\n- Trenutna dubina\r\n\r\n- Temperatura\r\n\r\n- maksimalna dubina\r\n\r\n- Vrijeme ronjenja\r\n\r\n- Prikaz povr\u0161inskog intervala\r\n\r\n- Indikator maksimalne brzine urona i izrona\r\n\r\n- Alarm za dubinu, vrijeme zarona i povr\u0161inskog intervalaalarms\r\n\r\n- Alarm za hidrataciju\r\n\r\n- Alarm koji se mo\u017ee podesti za odre\u0111enu fazu zarona\r\n\r\n- Postavke za slatku\/slanu vodu (znano i kao more)\r\n\r\n- Mogu\u0107nost zaklju\u010davanja tjekom plivanja\r\n\r\n<strong>LOGBOOK<\/strong>\r\n\r\n- Variabilna interval uzorkovanja podataka\r\n\r\n- Dostupan tijekom urona\r\n\r\n- Prikaz detalja svakog zarona\r\n\r\n<strong>Su\u010delja za spajanje na ra\u010dunalo<\/strong>","_et_gb_content_width":""},"product_brand":[],"product_cat":[15,52],"product_tag":[],"class_list":{"0":"post-224455","1":"product","2":"type-product","3":"status-publish","4":"has-post-thumbnail","6":"product_cat-uncategorized","7":"product_cat-ronjenje-na-dah-free-diving","9":"first","10":"instock","11":"shipping-taxable","12":"purchasable","13":"product-type-variable"},"_links":{"self":[{"href":"https:\/\/neocarbone.com\/fr\/wp-json\/wp\/v2\/product\/224455","targetHints":{"allow":["GET"]}}],"collection":[{"href":"https:\/\/neocarbone.com\/fr\/wp-json\/wp\/v2\/product"}],"about":[{"href":"https:\/\/neocarbone.com\/fr\/wp-json\/wp\/v2\/types\/product"}],"wp:featuredmedia":[{"embeddable":true,"href":"https:\/\/neocarbone.com\/fr\/wp-json\/wp\/v2\/media\/224467"}],"wp:attachment":[{"href":"https:\/\/neocarbone.com\/fr\/wp-json\/wp\/v2\/media?parent=224455"}],"wp:term":[{"taxonomy":"product_brand","embeddable":true,"href":"https:\/\/neocarbone.com\/fr\/wp-json\/wp\/v2\/product_brand?post=224455"},{"taxonomy":"product_cat","embeddable":true,"href":"https:\/\/neocarbone.com\/fr\/wp-json\/wp\/v2\/product_cat?post=224455"},{"taxonomy":"product_tag","embeddable":true,"href":"https:\/\/neocarbone.com\/fr\/wp-json\/wp\/v2\/product_tag?post=224455"}],"curies":[{"name":"wp","href":"https:\/\/api.w.org\/{rel}","templated":true}]}}