{"id":224477,"date":"2023-08-28T16:35:13","date_gmt":"2023-08-28T14:35:13","guid":{"rendered":"https:\/\/neocarbone.com\/?post_type=product&#038;p=224477"},"modified":"2025-07-25T12:14:32","modified_gmt":"2025-07-25T10:14:32","slug":"224477","status":"publish","type":"product","link":"https:\/\/neocarbone.com\/fr\/product\/224477\/","title":{"rendered":"Ordinateur \u2013 NEPTO \u2013 Cressi"},"content":{"rendered":"<p><strong>Nouvel ordinateur de plong\u00e9e pour l&#039;apn\u00e9e<\/strong><\/p>\n<p>Caract\u00e9ristiques:<\/p>\n<p>\u2013 diam\u00e8tre de l&#039;horloge 48 mm, diam\u00e8tre de l&#039;affichage 35 mm avec r\u00e9tro\u00e9clairage<\/p>\n<p>\u2013 Bo\u00eetier en polym\u00e8re r\u00e9sistant<\/p>\n<p>- Profile bas<\/p>\n<p>\u2013 \u00c9cran r\u00e9tro\u00e9clair\u00e9<\/p>\n<p>\u2013 Indicateur de batterie faible<\/p>\n<p>\u2013 Batterie longue dur\u00e9e<\/p>\n<p>- Batterie rempla\u00e7able par l&#039;utilisateur<\/p>\n<p>&nbsp;<\/p>\n<p><strong>PROGRAMME (APN\u00c9E)<\/strong><\/p>\n<p>\u2013 Algorithme pour r\u00e9duire le riz taravana avec 8 niveaux<\/p>\n<p>\u2013 R\u00e9duire le risque d\u2019\u0153d\u00e8me pulmonaire gr\u00e2ce \u00e0 l\u2019algorithme de calcul de plong\u00e9e<\/p>\n<p>\u2013 Profondeur actuelle<\/p>\n<p>- Temp\u00e9rature<\/p>\n<p>\u2013 profondeur maximale<\/p>\n<p>\u2013 Temps de plong\u00e9e<\/p>\n<p>\u2013 Affichage de l&#039;intervalle de surface<\/p>\n<p>\u2013 Indicateur de la vitesse maximale de descente et de mont\u00e9e<\/p>\n<p>- Alarme pour les alarmes de profondeur, de temps de plong\u00e9e et d&#039;intervalles de surface<\/p>\n<p>\u2013 Alarme d\u2019hydratation<\/p>\n<p>\u2013 Une alarme pouvant \u00eatre r\u00e9gl\u00e9e pour une phase sp\u00e9cifique de la plong\u00e9e<\/p>\n<p>\u2013 Param\u00e8tres pour l&#039;eau douce\/sal\u00e9e (\u00e9galement appel\u00e9e mer)<\/p>\n<p>\u2013 Possibilit\u00e9 de verrouillage en nageant<\/p>\n<p><strong>REGISTRE<\/strong><\/p>\n<p>\u2013 Intervalle d&#039;\u00e9chantillonnage des donn\u00e9es variables<\/p>\n<p>\u2013 Disponible en immersion<\/p>\n<p>\u2013 Afficher les d\u00e9tails de chaque plong\u00e9e<\/p>\n<p><strong>Interfaces pour se connecter \u00e0 un ordinateur<\/strong><\/p>\n<p>\u2013 Option suppl\u00e9mentaire pour enregistrer et visualiser le profil de plong\u00e9e<\/p>","protected":false},"excerpt":{"rendered":"<p>Pour la p\u00eache sous-marine et la plong\u00e9e libre :<\/p>\n<ul>\n<li>Ordinateur,<\/li>\n<li>Une montre,<\/li>\n<\/ul>","protected":false},"featured_media":224473,"template":"","meta":{"_et_pb_use_builder":"","_et_pb_old_content":"","_et_gb_content_width":""},"product_brand":[],"product_cat":[15,52],"product_tag":[],"class_list":{"0":"post-224477","1":"product","2":"type-product","3":"status-publish","4":"has-post-thumbnail","6":"product_cat-uncategorized","7":"product_cat-ronjenje-na-dah-free-diving","9":"first","10":"instock","11":"shipping-taxable","12":"purchasable","13":"product-type-variable"},"_links":{"self":[{"href":"https:\/\/neocarbone.com\/fr\/wp-json\/wp\/v2\/product\/224477","targetHints":{"allow":["GET"]}}],"collection":[{"href":"https:\/\/neocarbone.com\/fr\/wp-json\/wp\/v2\/product"}],"about":[{"href":"https:\/\/neocarbone.com\/fr\/wp-json\/wp\/v2\/types\/product"}],"wp:featuredmedia":[{"embeddable":true,"href":"https:\/\/neocarbone.com\/fr\/wp-json\/wp\/v2\/media\/224473"}],"wp:attachment":[{"href":"https:\/\/neocarbone.com\/fr\/wp-json\/wp\/v2\/media?parent=224477"}],"wp:term":[{"taxonomy":"product_brand","embeddable":true,"href":"https:\/\/neocarbone.com\/fr\/wp-json\/wp\/v2\/product_brand?post=224477"},{"taxonomy":"product_cat","embeddable":true,"href":"https:\/\/neocarbone.com\/fr\/wp-json\/wp\/v2\/product_cat?post=224477"},{"taxonomy":"product_tag","embeddable":true,"href":"https:\/\/neocarbone.com\/fr\/wp-json\/wp\/v2\/product_tag?post=224477"}],"curies":[{"name":"wp","href":"https:\/\/api.w.org\/{rel}","templated":true}]}}