{"id":225256,"date":"2025-03-13T17:31:39","date_gmt":"2025-03-13T15:31:39","guid":{"rendered":"https:\/\/neocarbone.com\/?post_type=product&#038;p=225256"},"modified":"2025-03-13T18:55:49","modified_gmt":"2025-03-13T16:55:49","slug":"rukavice-3mm-tactical-ghost","status":"publish","type":"product","link":"https:\/\/neocarbone.com\/fr\/product\/rukavice-3mm-tactical-ghost\/","title":{"rendered":"Gants 3 mm \u2013 TACTICAL GHOST"},"content":{"rendered":"<p>Gants de chasse sous-marine.<\/p>\n<p>Camouflage n\u00e9opr\u00e8ne polyester spandex \u00e0 l&#039;ext\u00e9rieur et jersey ultra extensible \u00e0 l&#039;int\u00e9rieur.<\/p>\n<p>\u00c0 l&#039;ext\u00e9rieur de la paume, mat\u00e9riau PowerKev \u00e0 haute r\u00e9sistance aux coupures et aux rayures.<\/p>\n<p>Gant pour index avec mati\u00e8re spandex \u00e0 l&#039;ext\u00e9rieur et effet nid d&#039;abeille 3D et rev\u00eatement PU pour une meilleure sensibilit\u00e9 tactile.<\/p>","protected":false},"excerpt":{"rendered":"<p>Rukavice za podvodni ribolov. Polyester Spandex neopren kamufla\u017eni s vanjske strane, a s unutarnje strane ultras rastezljivi jersey. S vanjske strane dlana PowerKev materijal visoke otpornosti na posjekotine i ogrebotine. Ka\u017eiprst rukavica sa spandex materijalom izvana i s 3D efektom sa\u0107a i PU premazom za ve\u0107u osjetljivost na dodir.<\/p>","protected":false},"featured_media":225270,"template":"","meta":{"_et_pb_use_builder":"off","_et_pb_old_content":"Rukavice za podvodni ribolov.\r\n\r\nPolyester Spandex neopren kamufla\u017eni s vanjske strane, a s unutarnje strane ultras rastezljivi jersey..\r\n\r\nS vanjske strane dlana PowerKev materijal visoke otpornosti na posjekotine i ogrebotine.\r\n\r\nKa\u017eiprst rukavica \"Sniper\" je sa spandex materijalom izvana i s 3D efektom sa\u0107a i PU premazom za ve\u0107u osjetljivost na dodir.","_et_gb_content_width":""},"product_brand":[],"product_cat":[131,54,92,91],"product_tag":[],"class_list":{"0":"post-225256","1":"product","2":"type-product","3":"status-publish","4":"has-post-thumbnail","6":"product_cat-akcija","7":"product_cat-novi-proizvodi","8":"product_cat-rukavice","9":"product_cat-rukavice-i-carape","11":"first","12":"instock","13":"shipping-taxable","14":"purchasable","15":"product-type-variable"},"_links":{"self":[{"href":"https:\/\/neocarbone.com\/fr\/wp-json\/wp\/v2\/product\/225256","targetHints":{"allow":["GET"]}}],"collection":[{"href":"https:\/\/neocarbone.com\/fr\/wp-json\/wp\/v2\/product"}],"about":[{"href":"https:\/\/neocarbone.com\/fr\/wp-json\/wp\/v2\/types\/product"}],"wp:featuredmedia":[{"embeddable":true,"href":"https:\/\/neocarbone.com\/fr\/wp-json\/wp\/v2\/media\/225270"}],"wp:attachment":[{"href":"https:\/\/neocarbone.com\/fr\/wp-json\/wp\/v2\/media?parent=225256"}],"wp:term":[{"taxonomy":"product_brand","embeddable":true,"href":"https:\/\/neocarbone.com\/fr\/wp-json\/wp\/v2\/product_brand?post=225256"},{"taxonomy":"product_cat","embeddable":true,"href":"https:\/\/neocarbone.com\/fr\/wp-json\/wp\/v2\/product_cat?post=225256"},{"taxonomy":"product_tag","embeddable":true,"href":"https:\/\/neocarbone.com\/fr\/wp-json\/wp\/v2\/product_tag?post=225256"}],"curies":[{"name":"wp","href":"https:\/\/api.w.org\/{rel}","templated":true}]}}