{"id":225311,"date":"2025-03-14T16:01:37","date_gmt":"2025-03-14T14:01:37","guid":{"rendered":"https:\/\/neocarbone.com\/?post_type=product&#038;p=225311"},"modified":"2026-02-28T00:08:12","modified_gmt":"2026-02-27T22:08:12","slug":"hunt-sandvik-strijela-black-out-plus-4-male-kuke-o75mm-pero-u-razmaku","status":"publish","type":"product","link":"https:\/\/neocarbone.com\/fr\/product\/hunt-sandvik-strijela-black-out-plus-4-male-kuke-o75mm-pero-u-razmaku\/","title":{"rendered":"Fl\u00e8che HUNT SANDVIK Black Out Plus \u2013 4 petits crochets \u2013 \u00d87,5 mm \u2013 Plumes espac\u00e9es"},"content":{"rendered":"<p>Le Blackout Plus<\/p>\n<p>La lance Blackout Plus est un produit robuste et de fabrication soign\u00e9e, dot\u00e9 d&#039;une pointe tricuspide qui offre une puissance d&#039;arr\u00eat maximale sur les poissons.<\/p>\n<p>Cette lance garantit des performances exceptionnelles gr\u00e2ce \u00e0 sa construction en acier rectifi\u00e9 17.4 PH et au processus d&#039;usinage CNC.<\/p>\n<p>Dot\u00e9e de quatre ergots, dont trois \u00e0 l&#039;arri\u00e8re et un pour la pr\u00e9charge, cette harpon est disponible en diff\u00e9rents diam\u00e8tres pour r\u00e9pondre aux besoins des p\u00eacheurs. L&#039;angle et la pr\u00e9cision de fabrication des ergots contribuent \u00e0 la pr\u00e9cision et \u00e0 la s\u00e9curit\u00e9 de la harpon. Les ergots en forme d&#039;aileron de requin, soud\u00e9s TIG, renforcent sa rigidit\u00e9 et am\u00e9liorent ses performances balistiques.<\/p>\n<p>L&#039;extr\u00e9mit\u00e9 pointue de la valve tricuspide et le rabat \u00e9pais assurent un maintien optimal, tandis que la goupille soud\u00e9e garantit la stabilit\u00e9 m\u00eame sous de fortes charges.<\/p>\n<p>Le c\u00e2ble se connecte facilement gr\u00e2ce \u00e0 un orifice pr\u00e9vu \u00e0 cet effet sur la goupille de pr\u00e9charge. Un c\u00f4ne de p\u00e9n\u00e9tration en acier inoxydable AISI 316 am\u00e9liore encore les performances de la lance, offrant ainsi une solution s\u00fbre et fiable.<\/p>","protected":false},"excerpt":{"rendered":"<p>The Blackout Plus The Blackout Plus spear is a\u00a0robust\u00a0and\u00a0finely crafted\u00a0product, featuring a\u00a0tricuspid tip\u00a0that provides\u00a0maximum stopping power\u00a0on fish. This spear ensures exceptional performance thanks to its construction in 17.4 PH ground steel and the CNC machining process. Equipped with four pins, three of which are rearward and one for preload, it is available in various diameters [&hellip;]<\/p>\n","protected":false},"featured_media":225296,"template":"","meta":{"_et_pb_use_builder":"","_et_pb_old_content":"","_et_gb_content_width":""},"product_brand":[],"product_cat":[54,83],"product_tag":[],"class_list":{"0":"post-225311","1":"product","2":"type-product","3":"status-publish","4":"has-post-thumbnail","6":"product_cat-novi-proizvodi","7":"product_cat-strijele","9":"first","10":"instock","11":"shipping-taxable","12":"purchasable","13":"product-type-variable"},"_links":{"self":[{"href":"https:\/\/neocarbone.com\/fr\/wp-json\/wp\/v2\/product\/225311","targetHints":{"allow":["GET"]}}],"collection":[{"href":"https:\/\/neocarbone.com\/fr\/wp-json\/wp\/v2\/product"}],"about":[{"href":"https:\/\/neocarbone.com\/fr\/wp-json\/wp\/v2\/types\/product"}],"wp:featuredmedia":[{"embeddable":true,"href":"https:\/\/neocarbone.com\/fr\/wp-json\/wp\/v2\/media\/225296"}],"wp:attachment":[{"href":"https:\/\/neocarbone.com\/fr\/wp-json\/wp\/v2\/media?parent=225311"}],"wp:term":[{"taxonomy":"product_brand","embeddable":true,"href":"https:\/\/neocarbone.com\/fr\/wp-json\/wp\/v2\/product_brand?post=225311"},{"taxonomy":"product_cat","embeddable":true,"href":"https:\/\/neocarbone.com\/fr\/wp-json\/wp\/v2\/product_cat?post=225311"},{"taxonomy":"product_tag","embeddable":true,"href":"https:\/\/neocarbone.com\/fr\/wp-json\/wp\/v2\/product_tag?post=225311"}],"curies":[{"name":"wp","href":"https:\/\/api.w.org\/{rel}","templated":true}]}}