{"id":225402,"date":"2025-03-14T18:50:13","date_gmt":"2025-03-14T16:50:13","guid":{"rendered":"https:\/\/neocarbone.com\/?post_type=product&#038;p=225402"},"modified":"2026-02-28T00:08:12","modified_gmt":"2026-02-27T22:08:12","slug":"hunt-oceano-sandvik-strijela-4-male-kuke-o8mm-duplo-pero","status":"publish","type":"product","link":"https:\/\/neocarbone.com\/fr\/product\/hunt-oceano-sandvik-strijela-4-male-kuke-o8mm-duplo-pero\/","title":{"rendered":"Fl\u00e8che HUNT Oceano - SANDVIK \u2013 4 petits hame\u00e7ons \u00d88 mm \u2013 double plume"},"content":{"rendered":"<p><strong>HUNT Oceano<\/strong><\/p>\n<p>La lance Oceano repr\u00e9sente l&#039;excellence dans le monde des arbal\u00e8tes, caract\u00e9ris\u00e9e par son\u00a0<strong>robustesse<\/strong>\u00a0et impeccable\u00a0<strong>finition<\/strong>. Fabriqu\u00e9 avec\u00a0<strong>mat\u00e9riaux de haute qualit\u00e9<\/strong>, comme l&#039;acier rectifi\u00e9 17,4 PH, il offre\u00a0<strong>rigidit\u00e9 in\u00e9gal\u00e9e<\/strong>\u00a0et\u00a0<strong>pr\u00e9cision<\/strong>. Dot\u00e9 de rabats robustes et hydrodynamiques, il s&#039;adapte parfaitement aux arbal\u00e8tes traditionnelles, aux syst\u00e8mes \u00e0 rouleaux et aux mod\u00e8les de lance ferm\u00e9s, suivant le style am\u00e9ricain.<\/p>\n<p>Sa construction est r\u00e9alis\u00e9e avec des barres d&#039;acier certifi\u00e9es, usin\u00e9es \u00e0 l&#039;aide de la technologie CNC pour garantir\u00a0<strong>pr\u00e9cision maximale<\/strong>. Le\u00a0<strong>4 broches<\/strong>, Strat\u00e9giquement plac\u00e9es le long de la lance, elles assurent une stabilit\u00e9 optimale et facilitent le fa\u00e7onnage de la ligne. Leur disposition, semblable \u00e0 celle des ailerons d&#039;un requin, contribue \u00e0\u2026\u00a0<strong>am\u00e9liorer les performances balistiques<\/strong>\u00a0de la lance.<\/p>\n<p>La praticit\u00e9 est \u00e9galement assur\u00e9e dans le raccordement de la ligne, gr\u00e2ce \u00e0 des trous strat\u00e9giquement plac\u00e9s sur la goupille de pr\u00e9charge et \u00e0 l&#039;extr\u00e9mit\u00e9 de la lance.\u00a0<strong>faciliter diff\u00e9rents types de prises de vue<\/strong>, y compris ceux qui sont cach\u00e9s ou qui ont des rouleaux.<\/p>\n<p>Le\u00a0<strong>syst\u00e8me de montage de volet innovant<\/strong>, Soud\u00e9e directement sur la lance, la pointe assure une hydrodynamique et une p\u00e9n\u00e9tration optimales dans le poisson, tout en \u00e9vitant toute d\u00e9formation lors de son utilisation. De plus, elle offre la possibilit\u00e9 de personnaliser la lance sur demande, avec diff\u00e9rentes configurations de broches, de positions et de types d&#039;embouts.<\/p>\n<p>Le\u00a0<strong>c\u00f4ne de p\u00e9n\u00e9tration<\/strong>, Fabriqu\u00e9 en laiton par usinage CNC, cet accessoire optionnel assure un profil hydrodynamique optimal pour maximiser les performances lors de son utilisation.<\/p>","protected":false},"excerpt":{"rendered":"<p>HUNT Oceano The Oceano spear represents excellence in the world of arbaletes, characterized by its\u00a0robustness\u00a0and impeccable\u00a0finish. Made with\u00a0high-quality materials, such as 17.4 PH ground steel, it offers\u00a0unmatched rigidity\u00a0and\u00a0precision. Equipped with sturdy and hydrodynamic flaps, it fits perfectly with traditional arbaletes, roller systems, and enclosed spear styles, following the American style. Its construction is done with [&hellip;]<\/p>\n","protected":false},"featured_media":225356,"template":"","meta":{"_et_pb_use_builder":"","_et_pb_old_content":"","_et_gb_content_width":""},"product_brand":[],"product_cat":[54,83],"product_tag":[],"class_list":{"0":"post-225402","1":"product","2":"type-product","3":"status-publish","4":"has-post-thumbnail","6":"product_cat-novi-proizvodi","7":"product_cat-strijele","9":"first","10":"instock","11":"shipping-taxable","12":"purchasable","13":"product-type-variable"},"_links":{"self":[{"href":"https:\/\/neocarbone.com\/fr\/wp-json\/wp\/v2\/product\/225402","targetHints":{"allow":["GET"]}}],"collection":[{"href":"https:\/\/neocarbone.com\/fr\/wp-json\/wp\/v2\/product"}],"about":[{"href":"https:\/\/neocarbone.com\/fr\/wp-json\/wp\/v2\/types\/product"}],"wp:featuredmedia":[{"embeddable":true,"href":"https:\/\/neocarbone.com\/fr\/wp-json\/wp\/v2\/media\/225356"}],"wp:attachment":[{"href":"https:\/\/neocarbone.com\/fr\/wp-json\/wp\/v2\/media?parent=225402"}],"wp:term":[{"taxonomy":"product_brand","embeddable":true,"href":"https:\/\/neocarbone.com\/fr\/wp-json\/wp\/v2\/product_brand?post=225402"},{"taxonomy":"product_cat","embeddable":true,"href":"https:\/\/neocarbone.com\/fr\/wp-json\/wp\/v2\/product_cat?post=225402"},{"taxonomy":"product_tag","embeddable":true,"href":"https:\/\/neocarbone.com\/fr\/wp-json\/wp\/v2\/product_tag?post=225402"}],"curies":[{"name":"wp","href":"https:\/\/api.w.org\/{rel}","templated":true}]}}