{"id":225422,"date":"2025-03-14T23:12:19","date_gmt":"2025-03-14T21:12:19","guid":{"rendered":"https:\/\/neocarbone.com\/?post_type=product&#038;p=225422"},"modified":"2025-03-14T23:18:33","modified_gmt":"2025-03-14T21:18:33","slug":"mehanizam-okidaca-ermes-double-roll","status":"publish","type":"product","link":"https:\/\/neocarbone.com\/fr\/product\/mehanizam-okidaca-ermes-double-roll\/","title":{"rendered":"M\u00e9canisme de d\u00e9clenchement ERMES \u2013 Double rouleau"},"content":{"rendered":"<p><strong>Ailes \u00e0 double enroulement<\/strong><\/p>\n<p>Il s&#039;agit du m\u00e9canisme phare de notre gamme de m\u00e9canismes de d\u00e9clenchement. Tout notre savoir-faire est concentr\u00e9 dans ce petit bijou.<\/p>\n<p>M\u00e9canisme \u00e0 syst\u00e8me brevet\u00e9, fonctionnant avec deux galets\u00a0: l\u2019un, en contact avec la g\u00e2chette, est contraint au levier d\u2019accouplement\u00a0; le second, en contact avec l\u2019arbre, est contraint au bo\u00eetier par une goupille et peut se d\u00e9placer librement dans un trou ovale. Ce syst\u00e8me stabilise l\u2019arbre au moment du tir, la charge est r\u00e9partie uniform\u00e9ment, r\u00e9duisant et \u00e9liminant pratiquement le frottement.<\/p>\n<p>Le syst\u00e8me de largage du fil interagit avec le levier d&#039;accouplement de la fl\u00e8che gr\u00e2ce \u00e0 une technologie d\u00e9sormais reconnue comme la meilleure par tous les fabricants et adopt\u00e9e dans le monde entier. Nous sommes les inventeurs de cette innovation, tout comme nous avons \u00e9t\u00e9 les premiers \u00e0 adopter des points d&#039;appui rotatifs permettant de r\u00e9duire le poids du plomb.<\/p>\n<p>Rien n&#039;a \u00e9t\u00e9 laiss\u00e9 au hasard\u00a0: un ressort de torsion bien calibr\u00e9 assiste le mouvement de la d\u00e9tente avec une sensation d&#039;une extr\u00eame douceur au moment du tir.<\/p>\n<p>Le bo\u00eetier se distingue par une simplicit\u00e9 et une \u00e9l\u00e9gance uniques ; il est imprim\u00e9 \u00e0 partir d&#039;une feuille de 2 mm d&#039;\u00e9paisseur avec une pr\u00e9cision cent\u00e9simale. Nous avons abandonn\u00e9 la d\u00e9coupe laser car nous ne la jugeons pas adapt\u00e9e \u00e0 nos m\u00e9canismes.<\/p>\n<p>Les d\u00e9tails sont \u00e9l\u00e9gamment con\u00e7us et ergonomiques, le d\u00e9clencheur ne coupe pas le fil, l&#039;\u00e9paisseur de la g\u00e2chette est de 7 mm pour une t\u00eate de 10 mm, et une poign\u00e9e assure une bonne prise en main.<\/p>\n<p>L&#039;assemblage a \u00e9galement \u00e9t\u00e9 pris en compte dans la conception, simple mais \u00e9l\u00e9gante \u00e0 la fois. En ins\u00e9rant les axes pour le r\u00e9armement du m\u00e9canisme, vous serez surpris par la douceur de l&#039;engagement et avec une petite pression simple... clic, et tout bouge harmonieusement, le m\u00e9canisme est r\u00e9arm\u00e9\u00a0!<\/p>\n<p>Pour les productions importantes et sur demande, il peut \u00eatre fourni avec un dispositif de s\u00e9curit\u00e9 en acier inoxydable int\u00e9gr\u00e9 au m\u00e9canisme.<\/p>\n<p>Test\u00e9 avec une charge de 450 kg. Tous les composants sont en acier inoxydable AISI 316L \u00e0 l&#039;exception du rouleau pour accrocher la tige dans le 17-4 ph.<\/p>\n<p>R\u00c9F. : 03.04<\/p>","protected":false},"excerpt":{"rendered":"<p>Double Roll Wings This is the flagship mechanism in our assorted triggers mechanisms\u00a0catalog. All our experience is contained in this little jewel. Mechanism with patented system, operation with two rollers, one works in contact with the trigger and is constrained to the coupling lever, the second roller in contact with the shaft is constrained to [&hellip;]<\/p>\n","protected":false},"featured_media":225424,"template":"","meta":{"_et_pb_use_builder":"","_et_pb_old_content":"","_et_gb_content_width":""},"product_brand":[],"product_cat":[74,54,81],"product_tag":[],"class_list":{"0":"post-225422","1":"product","2":"type-product","3":"status-publish","4":"has-post-thumbnail","6":"product_cat-nc-samogradnja","7":"product_cat-novi-proizvodi","8":"product_cat-pribor-i-oprema","10":"first","11":"instock","12":"shipping-taxable","13":"purchasable","14":"product-type-simple"},"_links":{"self":[{"href":"https:\/\/neocarbone.com\/fr\/wp-json\/wp\/v2\/product\/225422","targetHints":{"allow":["GET"]}}],"collection":[{"href":"https:\/\/neocarbone.com\/fr\/wp-json\/wp\/v2\/product"}],"about":[{"href":"https:\/\/neocarbone.com\/fr\/wp-json\/wp\/v2\/types\/product"}],"wp:featuredmedia":[{"embeddable":true,"href":"https:\/\/neocarbone.com\/fr\/wp-json\/wp\/v2\/media\/225424"}],"wp:attachment":[{"href":"https:\/\/neocarbone.com\/fr\/wp-json\/wp\/v2\/media?parent=225422"}],"wp:term":[{"taxonomy":"product_brand","embeddable":true,"href":"https:\/\/neocarbone.com\/fr\/wp-json\/wp\/v2\/product_brand?post=225422"},{"taxonomy":"product_cat","embeddable":true,"href":"https:\/\/neocarbone.com\/fr\/wp-json\/wp\/v2\/product_cat?post=225422"},{"taxonomy":"product_tag","embeddable":true,"href":"https:\/\/neocarbone.com\/fr\/wp-json\/wp\/v2\/product_tag?post=225422"}],"curies":[{"name":"wp","href":"https:\/\/api.w.org\/{rel}","templated":true}]}}