{"id":225481,"date":"2025-03-29T15:52:36","date_gmt":"2025-03-29T13:52:36","guid":{"rendered":"https:\/\/neocarbone.com\/?post_type=product&#038;p=225481"},"modified":"2025-04-20T15:28:44","modified_gmt":"2025-04-20T13:28:44","slug":"bova-s-mrezom","status":"publish","type":"product","link":"https:\/\/neocarbone.com\/fr\/product\/bova-s-mrezom\/","title":{"rendered":"Bou\u00e9e avec filet \u2013 Immersion"},"content":{"rendered":"<pre><strong>Bou\u00e9e filet<\/strong>\r\n\r\nLa bou\u00e9e \u00e0 filet double est \u00e9quip\u00e9e d&#039;un grand filet pour crustac\u00e9s et poissons. Elle vous sera utile lors de vos d\u00e9placements, pour transporter votre mat\u00e9riel et pour vous signaler gr\u00e2ce \u00e0 son diam\u00e8tre.<\/pre>\n<ul>\n<li>\n<pre>Rev\u00eatement ext\u00e9rieur en nylon\/int\u00e9rieur en PVC.<\/pre>\n<\/li>\n<li>\n<pre>Livr\u00e9 avec son m\u00e2t de 50 cm et son drapeau.<\/pre>\n<\/li>\n<li>\n<pre>Dimensions de la bou\u00e9e : 80 x 60 cm<\/pre>\n<\/li>\n<li>\n<pre>Longueur du filet : 1 m<\/pre>\n<\/li>\n<\/ul>\n<pre>-----------------------------\r\n\r\n<strong>Filet de bou\u00e9e<\/strong>\r\n\r\nLa bou\u00e9e filet \u00e0 double enveloppe, poss\u00e8de un grand filet \u00e0 crustac\u00e9s et poissons. Elle vous aidera dans vos d\u00e9placements, \u00e0 transporter votre mat\u00e9riel et \u00e0 vous signaler gr\u00e2ce \u00e0 son m\u00e2t.<\/pre>\n<ul>\n<li>\n<pre>Ext\u00e9rieur nylon\/ Enveloppe int\u00e9rieure PVC.<\/pre>\n<\/li>\n<li>\n<pre>Livr\u00e9e avec son m\u00e2t de 50 cm et son pavillon.<\/pre>\n<\/li>\n<li>\n<pre>Dimensions de la bou\u00e9e : 80 x 60 cm<\/pre>\n<\/li>\n<li>\n<pre>Longueur du filet : 1 m<\/pre>\n<\/li>\n<\/ul>","protected":false},"excerpt":{"rendered":"<p><strong>Bou\u00e9e filet<\/strong><\/p>\n<p>La bou\u00e9e \u00e0 filet doublement envelopp\u00e9 est \u00e9quip\u00e9e d&#039;un grand filet destin\u00e9 aux crustac\u00e9s et aux poissons.<br \/>\nIl vous sera utile lors de vos d\u00e9placements, pour transporter votre \u00e9quipement et pour vous signaler gr\u00e2ce \u00e0 son gabarit.<\/p>\n<ul>\n<li>Rev\u00eatement ext\u00e9rieur en nylon\/int\u00e9rieur en PVC.<\/li>\n<li>Livr\u00e9 avec son m\u00e2t de 50 cm et son drapeau.<\/li>\n<li>Dimensions de la bou\u00e9e : 80 x 60 cm<\/li>\n<li>Longueur du filet : 1 m<\/li>\n<\/ul>\n<p>&nbsp;<\/p>\n<p><strong>Sac \u00e9tanche Buee<\/strong><\/p>\n<p>Cette bou\u00e9e sac \u00e9tanche vous permet d&#039;emporter et de garder vos petits objets au sec, mais \u00e9galement de transporter votre mat\u00e9riel gr\u00e2ce \u00e0 ses 2 points de fixation sur le dessous.<br \/>\nLe sac \u00e9tanche int\u00e9rieur est situ\u00e9 entre 2 vessies de flottabilit\u00e9.<br \/>\nElle est \u00e9galement dot\u00e9e d&#039;une sangle d&#039;\u00e9paule sp\u00e9cifique pour la pratique de la natation.<\/p>\n<ul>\n<li>Ext\u00e9rieur nylon\/ Enveloppe int\u00e9rieure PVC.<\/li>\n<li>Livr\u00e9e avec m\u00e2t et pavillon.<\/li>\n<li>Dimensions bou\u00e9e : 70 x 42 x 30 cm<\/li>\n<\/ul>\n<p>R\u00c9F. : B705<\/p>","protected":false},"featured_media":225482,"template":"","meta":{"_et_pb_use_builder":"","_et_pb_old_content":"","_et_gb_content_width":""},"product_brand":[],"product_cat":[161,54,82],"product_tag":[],"class_list":{"0":"post-225481","1":"product","2":"type-product","3":"status-publish","4":"has-post-thumbnail","6":"product_cat-imersion","7":"product_cat-novi-proizvodi","8":"product_cat-plutace-i-pribor","10":"first","11":"instock","12":"shipping-taxable","13":"purchasable","14":"product-type-simple"},"_links":{"self":[{"href":"https:\/\/neocarbone.com\/fr\/wp-json\/wp\/v2\/product\/225481","targetHints":{"allow":["GET"]}}],"collection":[{"href":"https:\/\/neocarbone.com\/fr\/wp-json\/wp\/v2\/product"}],"about":[{"href":"https:\/\/neocarbone.com\/fr\/wp-json\/wp\/v2\/types\/product"}],"wp:featuredmedia":[{"embeddable":true,"href":"https:\/\/neocarbone.com\/fr\/wp-json\/wp\/v2\/media\/225482"}],"wp:attachment":[{"href":"https:\/\/neocarbone.com\/fr\/wp-json\/wp\/v2\/media?parent=225481"}],"wp:term":[{"taxonomy":"product_brand","embeddable":true,"href":"https:\/\/neocarbone.com\/fr\/wp-json\/wp\/v2\/product_brand?post=225481"},{"taxonomy":"product_cat","embeddable":true,"href":"https:\/\/neocarbone.com\/fr\/wp-json\/wp\/v2\/product_cat?post=225481"},{"taxonomy":"product_tag","embeddable":true,"href":"https:\/\/neocarbone.com\/fr\/wp-json\/wp\/v2\/product_tag?post=225481"}],"curies":[{"name":"wp","href":"https:\/\/api.w.org\/{rel}","templated":true}]}}