{"id":225483,"date":"2025-03-29T15:56:08","date_gmt":"2025-03-29T13:56:08","guid":{"rendered":"https:\/\/neocarbone.com\/?post_type=product&#038;p=225483"},"modified":"2025-05-12T09:19:57","modified_gmt":"2025-05-12T07:19:57","slug":"peraje-e-black-78cm-list","status":"publish","type":"product","link":"https:\/\/neocarbone.com\/fr\/product\/peraje-e-black-78cm-list\/","title":{"rendered":"Ailerons Imersion E-Black \u2013 Feuille de 78 cm"},"content":{"rendered":"<pre><strong>IMERSION E: BLACK FINS<\/strong>\r\n\r\nL&#039;IMMERSION\u00a0<strong>E:NOIR<\/strong>\u00a0\u00a0Cette palme chaussante vous garantit des performances optimales en apn\u00e9e profonde\u00a0! Sa voilure renforc\u00e9e de r\u00e9sine et de fibres synth\u00e9tiques assure une rigidit\u00e9 accrue. La flexibilit\u00e9 est progressive et l\u2019effet ressort est optimis\u00e9. Le prolongement de la voilure au niveau du talon permet une transmission directe de l\u2019effort \u00e0 la voilure. Voilure\u00a0: 78\u00a0cm. Mat\u00e9riau du chausson\u00a0: SEBS55sh. Mat\u00e9riau de la voilure\u00a0: Technopolym\u00e8re. Couleur\u00a0: Chausson noir \/ Voile noire. Palme chaussante.\r\n<strong>PALMES IMERSION E:NOIR<\/strong>\r\n\r\nLa palme IMERSION<strong>\u00a0E:NOIR<\/strong>\u00a0chaussante, assurera votre performance en apn\u00e9e profonde ! Sa voilerie charg\u00e9e en r\u00e9sine et fibres synth\u00e9tiques assure une rigidit\u00e9 accrue. La flexibilit\u00e9 est progressive mais \u00ab l&#039;effet ressort \u00bb est augment\u00e9. Le prolongement de la voilerie au niveau du talon permet un transfert de l&#039;effort directement dans la voilerie. Taille : 78 cm. Mati\u00e8re chausson : SEBS55sh. Mati\u00e8re voilerie : Technopolym\u00e8re. Couleur : Chausson Noir \/ Voile Noire. Palme chaussante.\r\n\r\n\r\n<\/pre>","protected":false},"excerpt":{"rendered":"<p><strong>IMERSION E: BLACK FINS<\/strong><\/p>\n<p>L&#039;IMMERSION\u00a0<strong>E:NOIR<\/strong>\u00a0\u00a0La palme chaussante garantira vos performances en apn\u00e9e profonde !<br \/>\nSa lame, charg\u00e9e de r\u00e9sine et de fibres synth\u00e9tiques, assure une rigidit\u00e9 accrue.<br \/>\nLa flexibilit\u00e9 est progressive, mais l&#039;\u201c effet ressort \u201d est accentu\u00e9.<br \/>\nLe prolongement de la lame au niveau du talon permet de transf\u00e9rer l&#039;effort directement dans la lame.<\/p>\n<p>Lame : 78 cm.<br \/>\nMat\u00e9riau de doublure : SEBS55sh.<br \/>\nMat\u00e9riau de la lame : Technopolym\u00e8re.<br \/>\nCouleur : Doublure noire \/ Lame noire.<br \/>\nAileron int\u00e9gral.<\/p>\n<p style=\"line-height: 27.0pt; background: white; margin: 0cm 0cm 7.5pt 0cm;\"><strong><span lang=\"hr\" style=\"font-size: 12.0pt; font-family: 'Arial',sans-serif; color: #333333; text-transform: uppercase;\">PALMES IMERSION E:NOIR<\/span><\/strong><\/p>\n<p><span lang=\"hr\" style=\"font-family: 'Arial',sans-serif; color: #333333;\">La palme IMERSION<strong><span style=\"font-family: 'Arial',sans-serif;\">\u00a0E:NOIR<\/span><\/strong>\u00a0chaussante, assurera votre performance en apn\u00e9e profonde !<br \/>\nSa voilerie charg\u00e9e en r\u00e9sine et fibres synth\u00e9tiques assure une rigidit\u00e9 accrue.<br \/>\nLa flexibilit\u00e9 est progressive mais \u00ab l&#039;effet ressort \u00bb est augment\u00e9.<br \/>\nLe prolongement de la voilerie au niveau du talon permet un transfert de l&#039;effort directement dans la voilerie.<\/span><\/p>\n<p><span lang=\"hr\" style=\"font-family: 'Arial',sans-serif; color: #333333;\">Voile : 78 cm.<br \/>\nMat\u00e9riau de la chaussure : SEBS55sh.<br \/>\nMati\u00e8re voilerie : Technopolym\u00e8re.<br \/>\nCouleur : Chausson Noir \/ Voile Noire.<br \/>\npaume de chaussure.<\/span><\/p>","protected":false},"featured_media":225490,"template":"","meta":{"_et_pb_use_builder":"off","_et_pb_old_content":"","_et_gb_content_width":""},"product_brand":[],"product_cat":[161,54,110],"product_tag":[],"class_list":{"0":"post-225483","1":"product","2":"type-product","3":"status-publish","4":"has-post-thumbnail","6":"product_cat-imersion","7":"product_cat-novi-proizvodi","8":"product_cat-peraje","10":"first","11":"instock","12":"shipping-taxable","13":"purchasable","14":"product-type-variable"},"_links":{"self":[{"href":"https:\/\/neocarbone.com\/fr\/wp-json\/wp\/v2\/product\/225483","targetHints":{"allow":["GET"]}}],"collection":[{"href":"https:\/\/neocarbone.com\/fr\/wp-json\/wp\/v2\/product"}],"about":[{"href":"https:\/\/neocarbone.com\/fr\/wp-json\/wp\/v2\/types\/product"}],"wp:featuredmedia":[{"embeddable":true,"href":"https:\/\/neocarbone.com\/fr\/wp-json\/wp\/v2\/media\/225490"}],"wp:attachment":[{"href":"https:\/\/neocarbone.com\/fr\/wp-json\/wp\/v2\/media?parent=225483"}],"wp:term":[{"taxonomy":"product_brand","embeddable":true,"href":"https:\/\/neocarbone.com\/fr\/wp-json\/wp\/v2\/product_brand?post=225483"},{"taxonomy":"product_cat","embeddable":true,"href":"https:\/\/neocarbone.com\/fr\/wp-json\/wp\/v2\/product_cat?post=225483"},{"taxonomy":"product_tag","embeddable":true,"href":"https:\/\/neocarbone.com\/fr\/wp-json\/wp\/v2\/product_tag?post=225483"}],"curies":[{"name":"wp","href":"https:\/\/api.w.org\/{rel}","templated":true}]}}