{"id":225508,"date":"2025-03-29T16:34:02","date_gmt":"2025-03-29T14:34:02","guid":{"rendered":"https:\/\/neocarbone.com\/?post_type=product&#038;p=225508"},"modified":"2026-02-28T00:08:11","modified_gmt":"2026-02-27T22:08:11","slug":"peraje-imersion-psp-carbone-kratki-list-75cm","status":"publish","type":"product","link":"https:\/\/neocarbone.com\/fr\/product\/peraje-imersion-psp-carbone-kratki-list-75cm\/","title":{"rendered":"Palmes Imersion PSP Carbone \u00e0 voilure courte \u2013 75 cm"},"content":{"rendered":"<pre>Palmes PSP Carbon FINS 61 cm en carbone pour la plong\u00e9e sportive en piscine, id\u00e9ales pour les \u00e9preuves, le poulpe monobloc et les comp\u00e9titions en immersion. Elles permettent \u00e9galement l&#039;entra\u00eenement en eau vive pour la nage en surface. Vous pourrez effectuer des virages tr\u00e8s serr\u00e9s dans tr\u00e8s peu d&#039;eau. Caract\u00e9ristiques\u00a0:<\/pre>\n<ul>\n<li>\n<pre>Voile inclin\u00e9e, en tissu de carbone \u00e0 haut module, une finition d\u00e9lib\u00e9r\u00e9ment (ou volontairement) basique et une production rationalis\u00e9e autant que possible.<\/pre>\n<\/li>\n<li>\n<pre>Profil d&#039;orientation et de protection.<\/pre>\n<\/li>\n<li>\n<pre>Voile non amovible.<\/pre>\n<\/li>\n<li>\n<pre>Couleur : Voile et chaussure noires.<\/pre>\n<\/li>\n<li>\n<pre>Surface de voile : 61 cm.<\/pre>\n<\/li>\n<\/ul>\n<pre>\r\n----------------------- PALMES Carbone PSP 61 cm Palme carbone de Plong\u00e9e Sportive en Piscine, parfaite pour les \u00e9preuves de trial, poulpe monobloc et d&#039;\u00e9mersion. Ces palmes permettent \u00e9galement une pratique en eaux vives pour la nage de surface. Vous pouvez effectuer des virages tr\u00e8s serr\u00e9s dans tr\u00e8s peu d&#039;eau. Caract\u00e9ristiques:<\/pre>\n<ul>\n<li>\n<pre>Voilure d\u00e9clin\u00e9e, en tissu carbone haut module, une finition volontairement (ou souhait\u00e9e) basique et une production rationalis\u00e9e au mieux.<\/pre>\n<\/li>\n<li>\n<pre>Profil de guidage et de protection.<\/pre>\n<\/li>\n<li>\n<pre>Auvent non amovible.<\/pre>\n<\/li>\n<li>\n<pre>Couleur : Voile et chausson noirs.<\/pre>\n<\/li>\n<li>\n<pre>Voile : 61 cm.<\/pre>\n<\/li>\n<\/ul>\n<ul>\n<li>\n<pre><\/pre>\n<\/li>\n<\/ul>","protected":false},"excerpt":{"rendered":"<p><strong>Ailerons en carbone PSP 61 cm<\/strong><\/p>\n<p>Aileron en carbone pour\u00a0<strong>plong\u00e9e sportive<\/strong>\u00a0et\u00a0<strong>la piscine,<\/strong> Parfait pour les essais, les pieuvres monoblocs et les \u00e9v\u00e9nements d&#039;immersion.<br \/>\nCes palmes permettent \u00e9galement de pratiquer la nage en surface en eaux vives. Vous pourrez effectuer des virages tr\u00e8s serr\u00e9s dans tr\u00e8s peu d&#039;eau.<\/p>\n<p>Caract\u00e9ristiques:<\/p>\n<ul>\n<li>Voile inclin\u00e9e, en tissu de carbone \u00e0 haut module, une finition d\u00e9lib\u00e9r\u00e9ment (ou volontairement) basique et une production rationalis\u00e9e autant que possible.<\/li>\n<li>Profil d&#039;orientation et de protection.<\/li>\n<li>Voile non amovible.<\/li>\n<li>Couleur : Voile et chaussure noires.<\/li>\n<li>Surface de voile : 61 cm.<\/li>\n<\/ul>\n<p>&nbsp;<\/p>\n<p><strong>PALMES Carbone PSP 61 cm<\/strong><\/p>\n<p>Palme carbone de\u00a0<strong>Plong\u00e9e sportive<\/strong>\u00a0en\u00a0<strong>Piscines,\u00a0<\/strong>parfait pour les \u00e9preuves de trial, poulpe monobloc et d&#039;\u00e9mersion.<br \/>\nCes palmes permettent \u00e9galement une pratique en eaux vives pour la nage de surface. Vous pouvez effectuer des virages tr\u00e8s serr\u00e9s dans tr\u00e8s peu d&#039;eau.<\/p>\n<p>Caract\u00e9ristiques:<\/p>\n<ul>\n<li>Voilure d\u00e9clin\u00e9e, en tissu carbone haut module, une finition volontairement (ou souhait\u00e9e) basique et une production rationalis\u00e9e au mieux.<\/li>\n<li>Profil de guidage et de protection.<\/li>\n<li>Auvent non amovible.<\/li>\n<li>Couleur : Voile et chausson noirs.<\/li>\n<li>Voile : 61 cm.<\/li>\n<\/ul>","protected":false},"featured_media":225512,"template":"","meta":{"_et_pb_use_builder":"off","_et_pb_old_content":"","_et_gb_content_width":""},"product_brand":[],"product_cat":[161,54,110],"product_tag":[],"class_list":{"0":"post-225508","1":"product","2":"type-product","3":"status-publish","4":"has-post-thumbnail","6":"product_cat-imersion","7":"product_cat-novi-proizvodi","8":"product_cat-peraje","10":"first","11":"instock","12":"shipping-taxable","13":"purchasable","14":"product-type-variable"},"_links":{"self":[{"href":"https:\/\/neocarbone.com\/fr\/wp-json\/wp\/v2\/product\/225508","targetHints":{"allow":["GET"]}}],"collection":[{"href":"https:\/\/neocarbone.com\/fr\/wp-json\/wp\/v2\/product"}],"about":[{"href":"https:\/\/neocarbone.com\/fr\/wp-json\/wp\/v2\/types\/product"}],"wp:featuredmedia":[{"embeddable":true,"href":"https:\/\/neocarbone.com\/fr\/wp-json\/wp\/v2\/media\/225512"}],"wp:attachment":[{"href":"https:\/\/neocarbone.com\/fr\/wp-json\/wp\/v2\/media?parent=225508"}],"wp:term":[{"taxonomy":"product_brand","embeddable":true,"href":"https:\/\/neocarbone.com\/fr\/wp-json\/wp\/v2\/product_brand?post=225508"},{"taxonomy":"product_cat","embeddable":true,"href":"https:\/\/neocarbone.com\/fr\/wp-json\/wp\/v2\/product_cat?post=225508"},{"taxonomy":"product_tag","embeddable":true,"href":"https:\/\/neocarbone.com\/fr\/wp-json\/wp\/v2\/product_tag?post=225508"}],"curies":[{"name":"wp","href":"https:\/\/api.w.org\/{rel}","templated":true}]}}