{"id":225516,"date":"2025-03-29T16:41:26","date_gmt":"2025-03-29T14:41:26","guid":{"rendered":"https:\/\/neocarbone.com\/?post_type=product&#038;p=225516"},"modified":"2025-04-20T15:37:28","modified_gmt":"2025-04-20T13:37:28","slug":"peraje-imersion-challenger-pro-78cm-list","status":"publish","type":"product","link":"https:\/\/neocarbone.com\/fr\/product\/peraje-imersion-challenger-pro-78cm-list\/","title":{"rendered":"Palmes Imersion Challenger PRO \u2013 Voile de 78 cm"},"content":{"rendered":"<pre><strong>PALMES CHALLENGER PRO<\/strong>\r\n\r\nCette palme chaussante IMERSION CHALLENGER PRO est con\u00e7ue pour une utilisation polyvalente. Elle conviendra \u00e0 tous les profils d&#039;utilisateurs. C&#039;est \u00e9galement un excellent produit pour les d\u00e9butants en p\u00eache sous-marine. Longueur de la voilure\u00a0: 78\u00a0cm. Mat\u00e9riau du chausson\u00a0: SEBS55sh. Mat\u00e9riau de la voilure\u00a0: Technopolym\u00e8re. Couleur\u00a0: Chausson noir \/ Voile grise. Palme chaussante.\r\n<strong>PALMES CHALLENGER PRO<\/strong>\r\n\r\nCette palme IMERSION CHALLENGER PRO chaussante, est con\u00e7ue pour un usage polyvalent. Elle satisfait tous les profils d&#039;utilisateurs. C&#039;est \u00e9galement un bon produit pour d\u00e9buter la p\u00eache sous-marine. Taille : 78 cm. Mati\u00e8re chausson : SEBS55sh. Mati\u00e8re voilerie : Technopolym\u00e8re. Couleur : Chausson Noir \/ Voile Grise. Palme chaussante.\r\n\r\n<\/pre>","protected":false},"excerpt":{"rendered":"<p><strong>PALMES CHALLENGER PRO<\/strong><\/p>\n<p>Cette immersion\u00a0<strong>CHALLENGER PRO<\/strong>\u00a0La palme chaussante est con\u00e7ue pour une utilisation polyvalente.<br \/>\nIl conviendra \u00e0 tous les profils d&#039;utilisateurs.<br \/>\nC&#039;est \u00e9galement un bon produit pour les d\u00e9butants en p\u00eache sous-marine.<\/p>\n<p>Lame : 78 cm.<br \/>\nMat\u00e9riau de doublure : SEBS55sh.<br \/>\nMat\u00e9riau de la lame : Technopolym\u00e8re.<br \/>\nCouleur : Doublure noire \/ Lame grise.<br \/>\nAileron int\u00e9gral.<\/p>\n<p><strong>PALMES CHALLENGER PRO<\/strong><\/p>\n<p>Cette palme IMERSION\u00a0<strong>CHALLENGER PRO<\/strong>\u00a0chaussante, est con\u00e7ue pour un usage polyvalent.<br \/>\nElle satisfait tous les profils d&#039;utilisateurs.<br \/>\nC&#039;est \u00e9galement un bon produit pour d\u00e9buter la p\u00eache sous-marine.<\/p>\n<p>Voile : 78 cm.<br \/>\nMat\u00e9riau de la chaussure : SEBS55sh.<br \/>\nMati\u00e8re voilerie : Technopolym\u00e8re.<br \/>\nCouleur : Chausson Noir \/ Voile Grise.<br \/>\npaume de chaussure.<\/p>\n<p><strong>PALMES CHALLENGER PRO<\/strong><\/p>\n<p>Cette immersion\u00a0<strong>CHALLENGER PRO<\/strong>\u00a0La palme chaussante est con\u00e7ue pour une utilisation polyvalente.<br \/>\nIl conviendra \u00e0 tous les profils d&#039;utilisateurs.<br \/>\nC&#039;est \u00e9galement un bon produit pour les d\u00e9butants en p\u00eache sous-marine.<\/p>\n<p>Lame : 78 cm.<br \/>\nMat\u00e9riau de doublure : SEBS55sh.<br \/>\nMat\u00e9riau de la lame : Technopolym\u00e8re.<br \/>\nCouleur : Doublure noire \/ Lame grise.<br \/>\nAileron int\u00e9gral.<\/p>","protected":false},"featured_media":225520,"template":"","meta":{"_et_pb_use_builder":"off","_et_pb_old_content":"","_et_gb_content_width":""},"product_brand":[],"product_cat":[161,54,110],"product_tag":[],"class_list":{"0":"post-225516","1":"product","2":"type-product","3":"status-publish","4":"has-post-thumbnail","6":"product_cat-imersion","7":"product_cat-novi-proizvodi","8":"product_cat-peraje","10":"first","11":"instock","12":"shipping-taxable","13":"purchasable","14":"product-type-variable"},"_links":{"self":[{"href":"https:\/\/neocarbone.com\/fr\/wp-json\/wp\/v2\/product\/225516","targetHints":{"allow":["GET"]}}],"collection":[{"href":"https:\/\/neocarbone.com\/fr\/wp-json\/wp\/v2\/product"}],"about":[{"href":"https:\/\/neocarbone.com\/fr\/wp-json\/wp\/v2\/types\/product"}],"wp:featuredmedia":[{"embeddable":true,"href":"https:\/\/neocarbone.com\/fr\/wp-json\/wp\/v2\/media\/225520"}],"wp:attachment":[{"href":"https:\/\/neocarbone.com\/fr\/wp-json\/wp\/v2\/media?parent=225516"}],"wp:term":[{"taxonomy":"product_brand","embeddable":true,"href":"https:\/\/neocarbone.com\/fr\/wp-json\/wp\/v2\/product_brand?post=225516"},{"taxonomy":"product_cat","embeddable":true,"href":"https:\/\/neocarbone.com\/fr\/wp-json\/wp\/v2\/product_cat?post=225516"},{"taxonomy":"product_tag","embeddable":true,"href":"https:\/\/neocarbone.com\/fr\/wp-json\/wp\/v2\/product_tag?post=225516"}],"curies":[{"name":"wp","href":"https:\/\/api.w.org\/{rel}","templated":true}]}}