{"id":225580,"date":"2025-04-19T18:22:59","date_gmt":"2025-04-19T16:22:59","guid":{"rendered":"https:\/\/neocarbone.com\/?post_type=product&#038;p=225580"},"modified":"2025-04-20T13:15:45","modified_gmt":"2025-04-20T11:15:45","slug":"podvodna-puska-challenger-60-imersion-60-cm","status":"publish","type":"product","link":"https:\/\/neocarbone.com\/fr\/product\/podvodna-puska-challenger-60-imersion-60-cm\/","title":{"rendered":"Fusil sous-marin d&#039;immersion Challenger 60 \u2013 60 cm"},"content":{"rendered":"<pre><strong>CHALLENGER 60<\/strong>\r\n\r\nL&#039;arbal\u00e8te de p\u00eache sous-marine CHALLENGER est \u00e9quip\u00e9e de : un tube en aluminium \u00d8 28 mm, une fl\u00e8che en acier zingu\u00e9 bleu \u00d8 6,5 mm, un jeu de cartouches, une paire de sandows en latex \u00d8 16 mm. L&#039;\u00e9tanch\u00e9it\u00e9 est garantie par des \u00e9l\u00e9ments de flottaison en r\u00e9sine cellulaire. La g\u00e9om\u00e9trie du tube assure une rigidit\u00e9 optimale. Apr\u00e8s utilisation, rincer \u00e0 l&#039;eau douce. S\u00e9cher l&#039;\u00e9quipement et le ranger dans un endroit sec, \u00e0 l&#039;abri de la lumi\u00e8re. Taille : 60<\/pre>\n<pre>----------<\/pre>\n<pre><strong>CHALLENGER 60<\/strong>\r\n\r\nL&#039;arbal\u00e8te de p\u00eache sous-marine CHALLENGER est \u00e9quip\u00e9 : Un tube aluminium \u00d8 28 mm Une fl\u00e8che \u00d8 6.5 mm acier zinc bleu Un jeu d&#039;obus ressort Une paire de sandows latex \u00d8 16 mm Etanch\u00e9it\u00e9 garantie r\u00e9alis\u00e9e par des \u00e9l\u00e9ments de flottabilit\u00e9 en r\u00e9sine alv\u00e9olaire. G\u00e9om\u00e9trie du tube assurant une tenue parfaite. Apr\u00e8s utilisation, rincer \u00e0 l&#039;eau douce. Faire s\u00e9cher le mat\u00e9riel et le stocker dans un endroit sec, \u00e0 l&#039;abri de la lumi\u00e8re. Taille: 60<\/pre>","protected":false},"excerpt":{"rendered":"<p>CHALLENGER 60 The CHALLENGER\u00a0underwater fishing crossbow\u00a0is equipped with: An aluminum tube \u00d8 28 mm An arrow \u00d8 6.5 mm blue zinc steel A set of shells emerges A pair of latex bungee cords \u00d8 16 mm Guaranteed watertightness achieved by buoyancy elements made of cellular resin. Tube geometry ensuring perfect rigidity. After use, rinse with [&hellip;]<\/p>\n","protected":false},"featured_media":225581,"template":"","meta":{"_et_pb_use_builder":"","_et_pb_old_content":"","_et_gb_content_width":""},"product_brand":[],"product_cat":[161,54,76,77],"product_tag":[],"class_list":{"0":"post-225580","1":"product","2":"type-product","3":"status-publish","4":"has-post-thumbnail","6":"product_cat-imersion","7":"product_cat-novi-proizvodi","8":"product_cat-podvodne-puske","9":"product_cat-podvodne-puske-aluminijske","11":"first","12":"instock","13":"shipping-taxable","14":"purchasable","15":"product-type-simple"},"_links":{"self":[{"href":"https:\/\/neocarbone.com\/fr\/wp-json\/wp\/v2\/product\/225580","targetHints":{"allow":["GET"]}}],"collection":[{"href":"https:\/\/neocarbone.com\/fr\/wp-json\/wp\/v2\/product"}],"about":[{"href":"https:\/\/neocarbone.com\/fr\/wp-json\/wp\/v2\/types\/product"}],"wp:featuredmedia":[{"embeddable":true,"href":"https:\/\/neocarbone.com\/fr\/wp-json\/wp\/v2\/media\/225581"}],"wp:attachment":[{"href":"https:\/\/neocarbone.com\/fr\/wp-json\/wp\/v2\/media?parent=225580"}],"wp:term":[{"taxonomy":"product_brand","embeddable":true,"href":"https:\/\/neocarbone.com\/fr\/wp-json\/wp\/v2\/product_brand?post=225580"},{"taxonomy":"product_cat","embeddable":true,"href":"https:\/\/neocarbone.com\/fr\/wp-json\/wp\/v2\/product_cat?post=225580"},{"taxonomy":"product_tag","embeddable":true,"href":"https:\/\/neocarbone.com\/fr\/wp-json\/wp\/v2\/product_tag?post=225580"}],"curies":[{"name":"wp","href":"https:\/\/api.w.org\/{rel}","templated":true}]}}