{"id":225586,"date":"2025-04-19T18:34:17","date_gmt":"2025-04-19T16:34:17","guid":{"rendered":"https:\/\/neocarbone.com\/?post_type=product&#038;p=225586"},"modified":"2025-04-20T13:15:54","modified_gmt":"2025-04-20T11:15:54","slug":"podvodna-puska-na-zrak-eskwad-air-max","status":"publish","type":"product","link":"https:\/\/neocarbone.com\/fr\/product\/podvodna-puska-na-zrak-eskwad-air-max\/","title":{"rendered":"Carabine \u00e0 air comprim\u00e9 ESKWAD AIR Max"},"content":{"rendered":"<p><strong>AIR MAX<\/strong><\/p>\n<p>Test\u00e9 sous pression en usine<br \/>\nLe fusil harpon pneumatique de p\u00eache sous-marine ESKWAD AIR MAX est \u00e9quip\u00e9 de\u00a0:<br \/>\nFl\u00e8che en acier inoxydable \u00d8 8 mm, pas de 6 x 100<br \/>\nUne pointe en acier inoxydable \u00e0 double ardillon<br \/>\nUne pompe de chargement<br \/>\nUne poign\u00e9e d&#039;armement<br \/>\nLivr\u00e9 avec une deuxi\u00e8me fl\u00e8che en acier<br \/>\nAccessoires utiles : manom\u00e8tre, bobine de 35 m ou 50 m.<br \/>\nNous avons d\u00e9velopp\u00e9 l&#039;ESKWAD AIR MAX dans notre usine de Thiers principalement \u00e0 la demande de p\u00eacheurs des pays d&#039;Europe de l&#039;Est, qui sont de grands amateurs d&#039;armes \u00e0 air comprim\u00e9.<br \/>\nLa fabrication fran\u00e7aise de ce fusil pneumatique nous permet de garantir un contr\u00f4le qualit\u00e9 \u00e0 chaque \u00e9tape de la fabrication et de l&#039;assemblage de ses diff\u00e9rentes pi\u00e8ces. Parfaitement \u00e9quilibr\u00e9, sa puissance \u00e9lev\u00e9e, alli\u00e9e \u00e0 une grande pr\u00e9cision de tir et \u00e0 une fiabilit\u00e9 \u00e0 toute \u00e9preuve, satisfera les p\u00eacheurs sous-marins les plus exigeants. \u00c9quip\u00e9 d&#039;un r\u00e9ducteur de pression, l&#039;ESKWAD AIR MAX est parfaitement adapt\u00e9 \u00e0 diff\u00e9rents types de p\u00eache, en pleine mer, \u00e0 la raie ou en fosse. L&#039;ESKWAD AIR MAX est disponible en plusieurs versions. L&#039;ergonomie de sa crosse anatomique bimati\u00e8re a \u00e9t\u00e9 con\u00e7ue pour une utilisation en conditions extr\u00eames, tout en garantissant une excellente maniabilit\u00e9. Son pontet de grand diam\u00e8tre permet l&#039;utilisation de gants de 7 mm d&#039;\u00e9paisseur. La d\u00e9tente, souple et sensible, associ\u00e9e \u00e0 un syst\u00e8me de serrage lat\u00e9ral du c\u00e2ble, est \u00e9quip\u00e9e d&#039;une s\u00e9curit\u00e9 activ\u00e9e par une simple pression de l&#039;index. Le r\u00e9ducteur de pression permet de r\u00e9duire la pression des deux tiers sous charge. La crosse a \u00e9t\u00e9 con\u00e7ue pour accueillir la poign\u00e9e de chargement. La conception minimaliste et \u00e9tudi\u00e9e de la t\u00eate permet une vis\u00e9e plus pr\u00e9cise en toutes circonstances. Le r\u00e9servoir cylindrique de 40 mm, gonfl\u00e9 \u00e0 une pression de service de 25 bars, garantit la puissance du tir, tandis que la tige de 13 mm de diam\u00e8tre permet l&#039;utilisation de fl\u00e8ches de 8 mm \u00e0 haute p\u00e9n\u00e9tration, \u00e9quip\u00e9es d&#039;une pointe \u00e0 double ardillon. Un syst\u00e8me d&#039;indexation unique assure un alignement parfait des diff\u00e9rents \u00e9l\u00e9ments lors du montage.<\/p>\n<p>Apr\u00e8s utilisation, rincer \u00e0 l&#039;eau claire. S\u00e9cher l&#039;appareil et le ranger dans un endroit sec, \u00e0 l&#039;abri de la lumi\u00e8re.<\/p>\n<p>Tailles\u00a0: 50\u00a0cm, 75\u00a0cm ou 100\u00a0cm<\/p>\n<hr \/>\n<p>AIR MAX<\/p>\n<p>Test\u00e9 sous pression en usine<br \/>\nL&#039;arbal\u00e8te de p\u00eache sous-marine pneumatique, ESKWAD AIR MAX est \u00e9quip\u00e9 :<br \/>\nUne fl\u00e8che inox \u00d8 8 mm au pas de 6 x 100<br \/>\nUne pointe inox \u00e0 double ardillons<br \/>\nUne pompe de charge<br \/>\nUne poign\u00e9e d&#039;armement<br \/>\nLivr\u00e9e avec une 2\u00e8 Fl\u00e8che Acier<br \/>\nAccessoires utiles : Manom\u00e8tre, moulinet de 35 m ou de 50 m.<\/p>\n<p>C&#039;est principalement \u00e0 la demande des p\u00eacheurs des pays de l&#039;Est de l&#039;Europe, grands amateurs de fusils pneumatiques, que nous avons d\u00e9velopp\u00e9 dans notre usine de Thiers l&#039;ESKWAD AIR MAX.<br \/>\nLa fabrication en France de ce fusil pneumatique nous permet d&#039;assurer un contr\u00f4le qualit\u00e9 \u00e0 chaque \u00e9tape de la fabrication des diff\u00e9rences pi\u00e8ces et de leur montage. Parfaitement \u00e9quilibrant, sa puissance \u00e9lev\u00e9e associ\u00e9e \u00e0 une grande pr\u00e9cision de tir et une grande fiabilit\u00e9 fera la satisfaction des p\u00eacheurs sous-marins les plus exigeants. Dot\u00e9 d&#039;un r\u00e9ducteur de pression L&#039;ESKWAD AIR MAX est parfaitement adapt\u00e9 aux diff\u00e9rents types de p\u00eache, en pleine eau, \u00e0 l&#039;agachon ou \u00e0 trou. L&#039;ESKWAD AIR MAX est disponible en plusieurs versions. L&#039;ergonomie de la crosse anatomique bi-mati\u00e8re a \u00e9t\u00e9 \u00e9tudi\u00e9e pour permettre son utilisation en milieu extr\u00eame tout en garantissant une grande maniabilit\u00e9. Son pontet de grand diam\u00e8tre autorise l&#039;usage de gants de 7 mm d&#039;\u00e9paisseur. Le m\u00e9canisme de d\u00e9tente souple et sensible coupl\u00e9 \u00e0 une pince fil lat\u00e9ral est muni d&#039;un dispositif de s\u00e9curit\u00e9 s&#039;actionnant par une simple pouss\u00e9e de l&#039;index. Le r\u00e9ducteur de pression permet de r\u00e9duire de 2\/3 la pression en charge. La crosse a \u00e9t\u00e9 \u00e9tudi\u00e9e pour permettre le logement de la poign\u00e9e de chargement. Le design etudie de la t\u00eate minimaliste permet une vis\u00e9e plus pr\u00e9cise en toutes circonstances. Le r\u00e9servoir cylindrique de 40 mm gonfl\u00e9 \u00e0 une pression de service de 25 bars assure la puissance du tir et la canne d&#039;un diam\u00e8tre de 13 mm autorise l&#039;utilisation de fl\u00e8ches de 8 mm \u00e0 forte p\u00e9n\u00e9tration \u00e9quip\u00e9e d&#039;une pointe \u00e0 double ardillons. Un syst\u00e8me unique d&#039;indexation des pi\u00e8ces assure un alignement parfait des diff\u00e9rences \u00e9l\u00e9ments lors du montage.<br \/>\nApr\u00e8s utilisation, rincer \u00e0 l&#039;eau douce. Faire s\u00e9cher le mat\u00e9riel et le stocker dans un endroit sec, \u00e0 l&#039;abri de la lumi\u00e8re.<br \/>\nTailles\u00a0: 50\u00a0cm, 75\u00a0cm et 100\u00a0cm<\/p>","protected":false},"excerpt":{"rendered":"<p>ESKWAD AIR MAX Factory pressure tested The ESKWAD AIR MAX pneumatic underwater fishing speargun is equipped with: A stainless steel arrow \u00d8 8 mm in pitch of 6 x 100 A stainless steel tip with double barbs A loading pump A cocking handle Supplied with a 2nd Steel Arrow Useful accessories: Pressure gauge, 35 m [&hellip;]<\/p>\n","protected":false},"featured_media":225591,"template":"","meta":{"_et_pb_use_builder":"","_et_pb_old_content":"","_et_gb_content_width":""},"product_brand":[],"product_cat":[161,54,160],"product_tag":[],"class_list":{"0":"post-225586","1":"product","2":"type-product","3":"status-publish","4":"has-post-thumbnail","6":"product_cat-imersion","7":"product_cat-novi-proizvodi","8":"product_cat-podvodne-puske-zrak-podvodne-puske","10":"first","11":"instock","12":"shipping-taxable","13":"purchasable","14":"product-type-variable"},"_links":{"self":[{"href":"https:\/\/neocarbone.com\/fr\/wp-json\/wp\/v2\/product\/225586","targetHints":{"allow":["GET"]}}],"collection":[{"href":"https:\/\/neocarbone.com\/fr\/wp-json\/wp\/v2\/product"}],"about":[{"href":"https:\/\/neocarbone.com\/fr\/wp-json\/wp\/v2\/types\/product"}],"wp:featuredmedia":[{"embeddable":true,"href":"https:\/\/neocarbone.com\/fr\/wp-json\/wp\/v2\/media\/225591"}],"wp:attachment":[{"href":"https:\/\/neocarbone.com\/fr\/wp-json\/wp\/v2\/media?parent=225586"}],"wp:term":[{"taxonomy":"product_brand","embeddable":true,"href":"https:\/\/neocarbone.com\/fr\/wp-json\/wp\/v2\/product_brand?post=225586"},{"taxonomy":"product_cat","embeddable":true,"href":"https:\/\/neocarbone.com\/fr\/wp-json\/wp\/v2\/product_cat?post=225586"},{"taxonomy":"product_tag","embeddable":true,"href":"https:\/\/neocarbone.com\/fr\/wp-json\/wp\/v2\/product_tag?post=225586"}],"curies":[{"name":"wp","href":"https:\/\/api.w.org\/{rel}","templated":true}]}}