{"id":225601,"date":"2025-04-19T19:03:28","date_gmt":"2025-04-19T17:03:28","guid":{"rendered":"https:\/\/neocarbone.com\/?post_type=product&#038;p=225601"},"modified":"2025-04-20T13:16:14","modified_gmt":"2025-04-20T11:16:14","slug":"podvodna-lampa-imersion","status":"publish","type":"product","link":"https:\/\/neocarbone.com\/fr\/product\/podvodna-lampa-imersion\/","title":{"rendered":"lampe \u00e0 immersion sous-marine"},"content":{"rendered":"<p><strong>Lampe torche LED de 1000 lumens<\/strong><\/p>\n<p>Cette lampe LED a une puissance de 1000 lumens<br \/>\nvous fournira une lumi\u00e8re blanche, id\u00e9ale pour les passionn\u00e9s de plong\u00e9e sous-marine.<br \/>\nLes 2 joints toriques am\u00e9liorent l&#039;\u00e9tanch\u00e9it\u00e9.<br \/>\n(jusqu&#039;\u00e0 70 m).<br \/>\nElle est fabriqu\u00e9e en aluminium et poss\u00e8de une autonomie de 20 heures (autonomie moyenne jusqu&#039;\u00e0 un flux lumineux de 7 lumens).<br \/>\nIl fonctionne avec un bouton-poussoir.<br \/>\nLe mode d&#039;\u00e9clairage fonctionne avec une simple pression (100%, 50%, 15%), une pression longue (clignotement rapide, clignotement lent, SOS).<br \/>\nCe mat\u00e9riel d&#039;\u00e9clairage peut \u00e9galement \u00eatre utilis\u00e9 pour le camping, la chasse, la randonn\u00e9e, etc.<\/p>\n<p>LED Cree XML2-U4.<\/p>\n<p>Batterie : 1 x ICR18650li-ion, incluse.<\/p>\n<p>Rechargeable.<\/p>\n<p>Dimensions : L 152 mm x 44 mm, diam\u00e8tre de la t\u00eate 28 mm.<\/p>\n<p>Poids : 236 g (avec batterie).<\/p>\n<p>Conseils d&#039;entretien\u00a0:<\/p>\n<p>Apr\u00e8s utilisation, v\u00e9rifiez que votre chalumeau est bien ferm\u00e9 avant de le rincer. Rincez-le dans une bassine d&#039;eau claire. Pour \u00e9viter que les joints ne se fissurent, n&#039;h\u00e9sitez pas \u00e0 les graisser. Laissez-le s\u00e9cher \u00e0 l&#039;air libre avant de le ranger.<\/p>\n<hr \/>\n<p><strong>Lampe torche LED 1000 lumens<\/strong><\/p>\n<p>Cette lampe LED d&#039;une puissance de 1000 lumens, vous procure une lumi\u00e8re blanche, parfaite pour les amateurs de plong\u00e9e.<br \/>\nsous-marin.<br \/>\nLes 2 joints toriques am\u00e9liorent la performance \u00e9tanche<br \/>\n(jusqu&#039;\u00e0 70 m).<br \/>\nElle est fabriqu\u00e9e en aluminium et poss\u00e8de une autonomie de 20h (autonomie moyenne jusqu&#039;\u00e0 un flux lumineux de 7 lumens).<br \/>\nElle fonctionne avec un bouton poussoir.<br \/>\nLe mode d&#039;\u00e9clairage fonctionne par simple pression (100%, 50%, 15%), pression longue (flash rapide, flash lent, SOS).<br \/>\nCet \u00e9quipement d&#039;\u00e9clairage peut \u00e9galement \u00eatre utilis\u00e9 pour le camping, la chasse, la randonn\u00e9e...<\/p>\n<p>LED Cree XML2-U4.<\/p>\n<p>Batterie : 1 x ICR18650li-ion, incl.<\/p>\n<p>Rechargeable.<\/p>\n<p>Dimensions : L 152 mm x 44 mm, diam\u00e8tre de la t\u00eate 28 mm.<\/p>\n<p>Poids : 236 g (avec piles).<\/p>\n<p>Entretien:<\/p>\n<p>Apr\u00e8s utilisation, v\u00e9rifiez que votre torche est bien ferm\u00e9e avant le rin\u00e7age. Rincez dans un bac avec de l&#039;eau douce. Pour \u00e9viter que les articulations ne craquent, n&#039;h\u00e9sitez pas \u00e0 les graisser. Laissez s\u00e9cher \u00e0 l&#039;air avant de stocker.<\/p>","protected":false},"excerpt":{"rendered":"<p>1000 lumens LED torch This\u00a0LED\u00a0lamp with a power of\u00a01000 lumens will provide you with a white light, perfect for scuba diving enthusiasts. The 2 O-rings improve the waterproof performance (up to 70 m). It is made of aluminum and has a battery life of 20 hours (average battery life up to a luminous flux of [&hellip;]<\/p>\n","protected":false},"featured_media":225602,"template":"","meta":{"_et_pb_use_builder":"","_et_pb_old_content":"","_et_gb_content_width":""},"product_brand":[],"product_cat":[161,54,109],"product_tag":[],"class_list":{"0":"post-225601","1":"product","2":"type-product","3":"status-publish","4":"has-post-thumbnail","6":"product_cat-imersion","7":"product_cat-novi-proizvodi","8":"product_cat-svjetiljke-i-pribor","10":"first","11":"instock","12":"shipping-taxable","13":"purchasable","14":"product-type-simple"},"_links":{"self":[{"href":"https:\/\/neocarbone.com\/fr\/wp-json\/wp\/v2\/product\/225601","targetHints":{"allow":["GET"]}}],"collection":[{"href":"https:\/\/neocarbone.com\/fr\/wp-json\/wp\/v2\/product"}],"about":[{"href":"https:\/\/neocarbone.com\/fr\/wp-json\/wp\/v2\/types\/product"}],"wp:featuredmedia":[{"embeddable":true,"href":"https:\/\/neocarbone.com\/fr\/wp-json\/wp\/v2\/media\/225602"}],"wp:attachment":[{"href":"https:\/\/neocarbone.com\/fr\/wp-json\/wp\/v2\/media?parent=225601"}],"wp:term":[{"taxonomy":"product_brand","embeddable":true,"href":"https:\/\/neocarbone.com\/fr\/wp-json\/wp\/v2\/product_brand?post=225601"},{"taxonomy":"product_cat","embeddable":true,"href":"https:\/\/neocarbone.com\/fr\/wp-json\/wp\/v2\/product_cat?post=225601"},{"taxonomy":"product_tag","embeddable":true,"href":"https:\/\/neocarbone.com\/fr\/wp-json\/wp\/v2\/product_tag?post=225601"}],"curies":[{"name":"wp","href":"https:\/\/api.w.org\/{rel}","templated":true}]}}