{"id":225632,"date":"2025-04-20T14:40:34","date_gmt":"2025-04-20T12:40:34","guid":{"rendered":"https:\/\/neocarbone.com\/?post_type=product&#038;p=225632"},"modified":"2025-04-20T14:51:44","modified_gmt":"2025-04-20T12:51:44","slug":"steznik-zgloba-noge-za-peraje-imersion","status":"publish","type":"product","link":"https:\/\/neocarbone.com\/fr\/product\/steznik-zgloba-noge-za-peraje-imersion\/","title":{"rendered":"Attelle de cheville pour palmes \u2013 Imersion"},"content":{"rendered":"<p>Ailerons fixes<\/p>\n<p>Un accessoire indispensable pour les palmes trop grandes\u00a0! Le clip de palme est recommand\u00e9 lorsque le chausson n\u2019est pas parfaitement adapt\u00e9 \u00e0 la morphologie du pied.<br \/>\nLa fine pince est une pi\u00e8ce en caoutchouc en forme de tr\u00e9pied qui se place sur le pied. Une partie se place sous le pied, une autre sur le dessus du pied (sur le cou-de-pied) et la troisi\u00e8me derri\u00e8re le talon.<br \/>\nPour la chasse sous-marine, l&#039;apn\u00e9e ou la plong\u00e9e, ces fines pinces s&#039;adaptent facilement et maintiennent parfaitement votre pied dans la chaussure.<\/p>\n<p>Vendus par paires.<br \/>\nCouleur : Noir.<\/p>\n<p>\u2014\u2014\u2014\u2014\u2014\u2014\u2014\u2014\u2014\u2014\u2014\u2014\u2014\u2014\u2014\u2014\u2014\u2014\u2014\u2013<\/p>\n<p>Fixez les paumes<\/p>\n<p>Accessoire indispensable des palmes trop grandes ! Le fixe palme est pr\u00e9conis\u00e9 dans le cas o\u00f9 le chausson de la palme n&#039;est pas parfaitement adapt\u00e9 aux pieds de l&#039;utilisateur.<br \/>\nLe fixe palme est une pi\u00e8ce en caoutchouc en forme de tr\u00e9pied que l&#039;on enfile sur le pied. Une partie se place sous le pied, une autre sur le dessus du pied (sur le coup de pied) et la troisi\u00e8me partie derri\u00e8re le talon.<br \/>\nEn p\u00eache sous-marine, apn\u00e9e ou plong\u00e9e, ces fixations palmes s&#039;adaptent facilement et vous maintiennent parfaitement le pied dans le chausson.<\/p>\n<p>Vendus par paires.<br \/>\nCouleur : Noir.<\/p>","protected":false},"excerpt":{"rendered":"<p>Fixed Fins An essential accessory for fins that are too big! The fin clip is recommended in cases where the fin shoe is not perfectly adapted to the user&#8217;s feet. The fin clip is a tripod-shaped rubber part that is put on the foot. One part is placed under the foot, another on the top [&hellip;]<\/p>\n","protected":false},"featured_media":225636,"template":"","meta":{"_et_pb_use_builder":"","_et_pb_old_content":"","_et_gb_content_width":""},"product_brand":[],"product_cat":[161,54,110,53],"product_tag":[],"class_list":{"0":"post-225632","1":"product","2":"type-product","3":"status-publish","4":"has-post-thumbnail","6":"product_cat-imersion","7":"product_cat-novi-proizvodi","8":"product_cat-peraje","9":"product_cat-razni-dodaci","11":"first","12":"instock","13":"shipping-taxable","14":"purchasable","15":"product-type-simple"},"_links":{"self":[{"href":"https:\/\/neocarbone.com\/fr\/wp-json\/wp\/v2\/product\/225632","targetHints":{"allow":["GET"]}}],"collection":[{"href":"https:\/\/neocarbone.com\/fr\/wp-json\/wp\/v2\/product"}],"about":[{"href":"https:\/\/neocarbone.com\/fr\/wp-json\/wp\/v2\/types\/product"}],"wp:featuredmedia":[{"embeddable":true,"href":"https:\/\/neocarbone.com\/fr\/wp-json\/wp\/v2\/media\/225636"}],"wp:attachment":[{"href":"https:\/\/neocarbone.com\/fr\/wp-json\/wp\/v2\/media?parent=225632"}],"wp:term":[{"taxonomy":"product_brand","embeddable":true,"href":"https:\/\/neocarbone.com\/fr\/wp-json\/wp\/v2\/product_brand?post=225632"},{"taxonomy":"product_cat","embeddable":true,"href":"https:\/\/neocarbone.com\/fr\/wp-json\/wp\/v2\/product_cat?post=225632"},{"taxonomy":"product_tag","embeddable":true,"href":"https:\/\/neocarbone.com\/fr\/wp-json\/wp\/v2\/product_tag?post=225632"}],"curies":[{"name":"wp","href":"https:\/\/api.w.org\/{rel}","templated":true}]}}