{"id":225640,"date":"2025-04-20T15:04:03","date_gmt":"2025-04-20T13:04:03","guid":{"rendered":"https:\/\/neocarbone.com\/?post_type=product&#038;p=225640"},"modified":"2025-04-20T15:06:25","modified_gmt":"2025-04-20T13:06:25","slug":"osti-5-zubi-imersion","status":"publish","type":"product","link":"https:\/\/neocarbone.com\/fr\/product\/osti-5-zubi-imersion\/","title":{"rendered":"5 dents - Immersion"},"content":{"rendered":"<p><strong>Trident en plastique 5 pointes longues<\/strong><\/p>\n<p>Trident en plastique \u00e0 5 pointes longues, \u00e0 visser.<\/p>\n<p>Ce trident en plastique \u00e0 5 pointes se visse sur une fl\u00e8che \u00e0 filetage 7 x 100. Con\u00e7u pour les fl\u00e8ches des p\u00eacheurs sous-marins exp\u00e9riment\u00e9s, il vous permettra d&#039;augmenter vos chances de capture lors de la p\u00eache en fosse.<\/p>\n<p>Il comprend :<\/p>\n<p>Un adaptateur permettant de le monter sur une fl\u00e8che avec un filetage 6 x 100.<\/p>\n<p>Fabriqu\u00e9 en polypropyl\u00e8ne r\u00e9sistant aux chocs et en acier inoxydable Z30C13 (antirouille).<\/p>\n<p>Couleur : Noir.<\/p>\n<p>Taille : 16 cm.<\/p>\n<p>Pour l&#039;entretien, n&#039;oubliez pas de graisser le filetage de la fl\u00e8che pour faciliter le montage et le d\u00e9montage.<\/p>\n<p><strong>\u2014\u2014\u2014\u2014\u2014\u2014\u2014\u2014\u2014\u2014\u2014\u2014\u2014\u2014\u2014\u2014\u2014\u2014\u2014-<\/strong><\/p>\n<p><strong>Trident plastique 5 pointes longues<\/strong><\/p>\n<p>Trident Plastique 5 pointes longues, \u00e0 visser.<\/p>\n<p>Ce trident plastique 5 pointes longues se visse sur une fl\u00e8che au filetage 7 x 100. Il a \u00e9t\u00e9 \u00e9labor\u00e9 pour \u00e9quiper les fl\u00e8ches des p\u00eacheurs sous-marins confirm\u00e9s. Il vous permet d&#039;augmenter vos chances de prises, en p\u00eache \u00e0 trou.<\/p>\n<p>Il comprend :<\/p>\n<p>Un adaptateur permettant de monter sur une fl\u00e8che au filetage 6 x 100.<\/p>\n<p>Fabriqu\u00e9 en polypropyl\u00e8ne chocolat et inox Z30C13 (inoxydable).<\/p>\n<p>Couleur : Noir.<\/p>\n<p>Taille : 16 cm.<\/p>\n<p>Pour l&#039;entretien, pensez \u00e0 graisser le filetage de la fl\u00e8che pour faciliter le montage et le d\u00e9montage.<\/p>","protected":false},"excerpt":{"rendered":"<p>Plastic Trident 5 long points Plastic trident with 5 long points, screw-on. This 5-point long plastic trident screws onto a 7 x 100 threaded arrow. It was designed to equip the arrows of experienced underwater fishermen. It will allow you to increase your chances of catching when fishing in holes. It comes with: An adapter [&hellip;]<\/p>\n","protected":false},"featured_media":225641,"template":"","meta":{"_et_pb_use_builder":"","_et_pb_old_content":"","_et_gb_content_width":""},"product_brand":[],"product_cat":[161,54,160,53],"product_tag":[],"class_list":{"0":"post-225640","1":"product","2":"type-product","3":"status-publish","4":"has-post-thumbnail","6":"product_cat-imersion","7":"product_cat-novi-proizvodi","8":"product_cat-podvodne-puske-zrak-podvodne-puske","9":"product_cat-razni-dodaci","11":"first","12":"instock","13":"shipping-taxable","14":"purchasable","15":"product-type-simple"},"_links":{"self":[{"href":"https:\/\/neocarbone.com\/fr\/wp-json\/wp\/v2\/product\/225640","targetHints":{"allow":["GET"]}}],"collection":[{"href":"https:\/\/neocarbone.com\/fr\/wp-json\/wp\/v2\/product"}],"about":[{"href":"https:\/\/neocarbone.com\/fr\/wp-json\/wp\/v2\/types\/product"}],"wp:featuredmedia":[{"embeddable":true,"href":"https:\/\/neocarbone.com\/fr\/wp-json\/wp\/v2\/media\/225641"}],"wp:attachment":[{"href":"https:\/\/neocarbone.com\/fr\/wp-json\/wp\/v2\/media?parent=225640"}],"wp:term":[{"taxonomy":"product_brand","embeddable":true,"href":"https:\/\/neocarbone.com\/fr\/wp-json\/wp\/v2\/product_brand?post=225640"},{"taxonomy":"product_cat","embeddable":true,"href":"https:\/\/neocarbone.com\/fr\/wp-json\/wp\/v2\/product_cat?post=225640"},{"taxonomy":"product_tag","embeddable":true,"href":"https:\/\/neocarbone.com\/fr\/wp-json\/wp\/v2\/product_tag?post=225640"}],"curies":[{"name":"wp","href":"https:\/\/api.w.org\/{rel}","templated":true}]}}