{"id":225660,"date":"2025-04-22T09:29:23","date_gmt":"2025-04-22T07:29:23","guid":{"rendered":"https:\/\/neocarbone.com\/?post_type=product&#038;p=225660"},"modified":"2026-03-20T12:28:18","modified_gmt":"2026-03-20T10:28:18","slug":"utezi-za-noge-epsealon","status":"publish","type":"product","link":"https:\/\/neocarbone.com\/fr\/product\/utezi-za-noge-epsealon\/","title":{"rendered":"Poids pour les jambes \u2013 Epsealon"},"content":{"rendered":"<pre><strong>Poids souples pour chevilles 2x500 g<\/strong>\r\n\r\nCette paire de lests de cheville en n\u00e9opr\u00e8ne souple est con\u00e7ue pour maintenir les jambes du p\u00eacheur sous-marin au plus pr\u00e8s du fond. Vos jambes resteront ainsi immerg\u00e9es. Clip \u00e0 d\u00e9gagement rapide et sangle r\u00e9glable. Vendus par paire. Poids d&#039;un lest\u00a0: 500\u00a0g\r\n\r\n<strong>Lest de cheville souple 2x500 g<\/strong>\r\n\r\nCette paire de lests de chevilles souples en n\u00e9opr\u00e8ne, est con\u00e7ue pour lester les jambes du p\u00eacheur sous-marin. Vos jambes resteront enfonc\u00e9es vers le fond. Clip de fermeture rapide et sangle r\u00e9glable. J&#039;en vends une paire. Poids d&#039;un lest : 500 g<\/pre>\n<p>&nbsp;<\/p>","protected":false},"excerpt":{"rendered":"<p>Soft ankle weight 2&#215;500 g This pair of soft neoprene ankle weights is designed to weigh down the legs of the underwater fisherman. Your legs will remain held towards the bottom. Quick-release clip and adjustable strap. Sold in pairs. Weight of a ballast: 500 g &#8212;&#8212;&#8212;&#8212;&#8212;&#8212;&#8212;&#8212;&#8212;&#8212;&#8212;&#8211; Lest de cheville souple 2&#215;500 g Cette paire de [&hellip;]<\/p>\n","protected":false},"featured_media":225678,"template":"","meta":{"_et_pb_use_builder":"","_et_pb_old_content":"","_et_gb_content_width":""},"product_brand":[],"product_cat":[161,162,163],"product_tag":[],"class_list":{"0":"post-225660","1":"product","2":"type-product","3":"status-publish","4":"has-post-thumbnail","6":"product_cat-imersion","7":"product_cat-utezi","8":"product_cat-za-noge","10":"first","11":"instock","12":"shipping-taxable","13":"purchasable","14":"product-type-simple"},"_links":{"self":[{"href":"https:\/\/neocarbone.com\/fr\/wp-json\/wp\/v2\/product\/225660","targetHints":{"allow":["GET"]}}],"collection":[{"href":"https:\/\/neocarbone.com\/fr\/wp-json\/wp\/v2\/product"}],"about":[{"href":"https:\/\/neocarbone.com\/fr\/wp-json\/wp\/v2\/types\/product"}],"wp:featuredmedia":[{"embeddable":true,"href":"https:\/\/neocarbone.com\/fr\/wp-json\/wp\/v2\/media\/225678"}],"wp:attachment":[{"href":"https:\/\/neocarbone.com\/fr\/wp-json\/wp\/v2\/media?parent=225660"}],"wp:term":[{"taxonomy":"product_brand","embeddable":true,"href":"https:\/\/neocarbone.com\/fr\/wp-json\/wp\/v2\/product_brand?post=225660"},{"taxonomy":"product_cat","embeddable":true,"href":"https:\/\/neocarbone.com\/fr\/wp-json\/wp\/v2\/product_cat?post=225660"},{"taxonomy":"product_tag","embeddable":true,"href":"https:\/\/neocarbone.com\/fr\/wp-json\/wp\/v2\/product_tag?post=225660"}],"curies":[{"name":"wp","href":"https:\/\/api.w.org\/{rel}","templated":true}]}}