{"id":225732,"date":"2025-06-11T15:49:32","date_gmt":"2025-06-11T13:49:32","guid":{"rendered":"https:\/\/neocarbone.com\/?post_type=product&#038;p=225732"},"modified":"2026-02-28T00:08:12","modified_gmt":"2026-02-27T22:08:12","slug":"peraje-carbon-3d-octopus-pescador","status":"publish","type":"product","link":"https:\/\/neocarbone.com\/fr\/product\/peraje-carbon-3d-octopus-pescador\/","title":{"rendered":"Palmes Carbone 3D Octopus \u2013 Pescador"},"content":{"rendered":"<p><strong>Pescador Sub Octopus 3D \u2013 100% Ailerons en carbone<\/strong><\/p>\n<p>Nouveau design exceptionnel, repr\u00e9sentant une grande pieuvre, sur cette nouvelle nageoire en carbone ultra-r\u00e9active<\/p>\n<p>Nouvelles ailerons en fibre de carbone 100%<\/p>\n<p>Cette palme, dot\u00e9e d&#039;une voilure interchangeable en carbone, est tr\u00e8s l\u00e9g\u00e8re et extr\u00eamement performante. Elle est id\u00e9ale pour la plong\u00e9e en apn\u00e9e confirm\u00e9e et la p\u00eache sous-marine \u00e0 grande profondeur.<\/p>\n<p>La lame en carbone directionnel poss\u00e8de un profil conique afin de garantir un degr\u00e9 de r\u00e9activit\u00e9 particulier et l&#039;efficacit\u00e9 que seules les fibres composites peuvent atteindre.<\/p>\n<p>Sa duret\u00e9 moyenne rend cette palme adapt\u00e9e \u00e0 toutes les activit\u00e9s de plong\u00e9e, y compris la plong\u00e9e profonde.<\/p>\n<p>Mais aussi ceux que l&#039;on trouve avec une duret\u00e9 molle, moyenne et dure.<\/p>\n<p>Garantie de 2 ans sur toutes les ailerons en carbone PESCADOR SUB<\/p>\n<p>&nbsp;<\/p>\n<p><strong>Palmes Pescador Sub PIEUVRE 3D \u2013 100 % carbone<\/strong><\/p>\n<p>Nouveau design exceptionnel, mettant en sc\u00e8ne une grosse Pieuvre, sur cette nouvelle palme en carbone ultra-r\u00e9active.<\/p>\n<p>Nouvelles palmes en carbone 100 % fibre de carbone<\/p>\n<p>Cette palme \u00e0 voile interchangeable en carbone est tr\u00e8s l\u00e9g\u00e8re et extr\u00eamement performante. Id\u00e9ale pour l&#039;apn\u00e9e avanc\u00e9e et la p\u00eache sous-marine \u00e0 des profondeurs consid\u00e9rables.<\/p>\n<p>La voileure en carbone directionnel pr\u00e9sente un profil efil\u00e9 pour garantir une r\u00e9activit\u00e9 et une efficacit\u00e9 exceptionnelles, propres aux fibres composites.<\/p>\n<p>Sa duret\u00e9 moyenne rend cette palme adapt\u00e9e \u00e0 toutes les activit\u00e9s de plong\u00e9e, y compris la plong\u00e9e profonde.<\/p>\n<p>Elle est \u00e9galement disponible en duret\u00e9s souples, moyennes et dures.<\/p>\n<p>Garantie 2 ans sur toutes les palmes carbone PESCADOR SUB<\/p>","protected":false},"excerpt":{"rendered":"<p>Pescador Sub Octopus 3D &#8211; 100% Carbon Fins New and super design, showing a big Octopus, on this new ultra-reactive carbon fin New Carbon Fins 100% Carbon fiber This fin, featuring an interchangeable carbon blade, is very lightweight and extremely effective. Ideally suited for advanced free diving and underwater fishing at considerable depths. The blade [&hellip;]<\/p>\n","protected":false},"featured_media":225724,"template":"","meta":{"_et_pb_use_builder":"","_et_pb_old_content":"","_et_gb_content_width":""},"product_brand":[],"product_cat":[54,110,170],"product_tag":[],"class_list":{"0":"post-225732","1":"product","2":"type-product","3":"status-publish","4":"has-post-thumbnail","6":"product_cat-novi-proizvodi","7":"product_cat-peraje","8":"product_cat-pescador","10":"first","11":"instock","12":"shipping-taxable","13":"purchasable","14":"product-type-variable"},"_links":{"self":[{"href":"https:\/\/neocarbone.com\/fr\/wp-json\/wp\/v2\/product\/225732","targetHints":{"allow":["GET"]}}],"collection":[{"href":"https:\/\/neocarbone.com\/fr\/wp-json\/wp\/v2\/product"}],"about":[{"href":"https:\/\/neocarbone.com\/fr\/wp-json\/wp\/v2\/types\/product"}],"wp:featuredmedia":[{"embeddable":true,"href":"https:\/\/neocarbone.com\/fr\/wp-json\/wp\/v2\/media\/225724"}],"wp:attachment":[{"href":"https:\/\/neocarbone.com\/fr\/wp-json\/wp\/v2\/media?parent=225732"}],"wp:term":[{"taxonomy":"product_brand","embeddable":true,"href":"https:\/\/neocarbone.com\/fr\/wp-json\/wp\/v2\/product_brand?post=225732"},{"taxonomy":"product_cat","embeddable":true,"href":"https:\/\/neocarbone.com\/fr\/wp-json\/wp\/v2\/product_cat?post=225732"},{"taxonomy":"product_tag","embeddable":true,"href":"https:\/\/neocarbone.com\/fr\/wp-json\/wp\/v2\/product_tag?post=225732"}],"curies":[{"name":"wp","href":"https:\/\/api.w.org\/{rel}","templated":true}]}}