{"id":225749,"date":"2025-06-11T15:57:52","date_gmt":"2025-06-11T13:57:52","guid":{"rendered":"https:\/\/neocarbone.com\/?post_type=product&#038;p=225749"},"modified":"2026-02-28T00:08:12","modified_gmt":"2026-02-27T22:08:12","slug":"peraje-carbon-sub-black-pescador","status":"publish","type":"product","link":"https:\/\/neocarbone.com\/fr\/product\/peraje-carbon-sub-black-pescador\/","title":{"rendered":"D\u00e9rives Carbon SUB Noir \u2013 Pescador"},"content":{"rendered":"<p><strong>PALMES PESCADOR SUB 100% CARBONE NOIR<\/strong><\/p>\n<p>Nouvelles ailerons en carbone de PESCADOR SUB 100% en fibre de carbone<\/p>\n<p>Cette palme \u00e0 voilure interchangeable en carbone est tr\u00e8s l\u00e9g\u00e8re et extr\u00eamement performante. Elle est id\u00e9ale pour la plong\u00e9e en apn\u00e9e confirm\u00e9e et la p\u00eache sous-marine \u00e0 grande profondeur.<\/p>\n<p>La lame en carbone directionnel poss\u00e8de un profil conique afin de garantir un degr\u00e9 de r\u00e9activit\u00e9 particulier et l&#039;efficacit\u00e9 que seules les fibres composites peuvent atteindre.<\/p>\n<p>Sa duret\u00e9 moyenne rend cette palme adapt\u00e9e \u00e0 toutes les activit\u00e9s de plong\u00e9e, y compris la plong\u00e9e profonde.<\/p>\n<p>Mais aussi ceux que l&#039;on trouve avec une duret\u00e9 molle, moyenne et dure. .<\/p>\n<p>Garantie de 2 ans sur toutes les ailerons en carbone PESCADOR SUB<\/p>\n<p>&nbsp;<\/p>\n<p><strong>Palmes PESCADOR SUB 100 % CARBONE NOIRES<\/strong><\/p>\n<p>Nouvelles palmes en carbone PESCADOR SUB 100 % fibre de carbone<\/p>\n<p>Cette palme \u00e0 voile interchangeable en carbone est tr\u00e8s l\u00e9g\u00e8re et extr\u00eamement performante. Id\u00e9ale pour l&#039;apn\u00e9e avanc\u00e9e et la p\u00eache sous-marine \u00e0 des profondeurs consid\u00e9rables.<\/p>\n<p>La voileure en carbone directionnel pr\u00e9sente un profil efil\u00e9 pour une r\u00e9activit\u00e9 et une efficacit\u00e9 uniques, propres aux fibres composites.<\/p>\n<p>Sa duret\u00e9 moyenne rend cette palme adapt\u00e9e \u00e0 toutes les activit\u00e9s de plong\u00e9e, y compris la plong\u00e9e profonde.<\/p>\n<p>Elles sont \u00e9galement disponibles en duret\u00e9s souples, moyennes et dures.<\/p>\n<p>Garantie 2 ans sur toutes les palmes carbone PESCADOR SUB<\/p>","protected":false},"excerpt":{"rendered":"<p>PESCADOR SUB 100% CARBON FINS BLACK New Carbon Fins by PESCADOR SUB 100% Carbon fiber This fin with interchangeable carbon blade is very lightweight and extremely effective. Ideally suited for advanced free diving and underwater fishing at considerable depths. The blade in directional carbon has a tapered profile to ensure a special degree of reactivity [&hellip;]<\/p>\n","protected":false},"featured_media":225728,"template":"","meta":{"_et_pb_use_builder":"","_et_pb_old_content":"","_et_gb_content_width":""},"product_brand":[],"product_cat":[54,110,170],"product_tag":[],"class_list":{"0":"post-225749","1":"product","2":"type-product","3":"status-publish","4":"has-post-thumbnail","6":"product_cat-novi-proizvodi","7":"product_cat-peraje","8":"product_cat-pescador","10":"first","11":"instock","12":"shipping-taxable","13":"purchasable","14":"product-type-variable"},"_links":{"self":[{"href":"https:\/\/neocarbone.com\/fr\/wp-json\/wp\/v2\/product\/225749","targetHints":{"allow":["GET"]}}],"collection":[{"href":"https:\/\/neocarbone.com\/fr\/wp-json\/wp\/v2\/product"}],"about":[{"href":"https:\/\/neocarbone.com\/fr\/wp-json\/wp\/v2\/types\/product"}],"wp:featuredmedia":[{"embeddable":true,"href":"https:\/\/neocarbone.com\/fr\/wp-json\/wp\/v2\/media\/225728"}],"wp:attachment":[{"href":"https:\/\/neocarbone.com\/fr\/wp-json\/wp\/v2\/media?parent=225749"}],"wp:term":[{"taxonomy":"product_brand","embeddable":true,"href":"https:\/\/neocarbone.com\/fr\/wp-json\/wp\/v2\/product_brand?post=225749"},{"taxonomy":"product_cat","embeddable":true,"href":"https:\/\/neocarbone.com\/fr\/wp-json\/wp\/v2\/product_cat?post=225749"},{"taxonomy":"product_tag","embeddable":true,"href":"https:\/\/neocarbone.com\/fr\/wp-json\/wp\/v2\/product_tag?post=225749"}],"curies":[{"name":"wp","href":"https:\/\/api.w.org\/{rel}","templated":true}]}}