{"id":225787,"date":"2025-06-11T16:51:47","date_gmt":"2025-06-11T14:51:47","guid":{"rendered":"https:\/\/neocarbone.com\/?post_type=product&#038;p=225787"},"modified":"2025-06-11T16:59:45","modified_gmt":"2025-06-11T14:59:45","slug":"podvodna-puska-ghost-pescador","status":"publish","type":"product","link":"https:\/\/neocarbone.com\/fr\/product\/podvodna-puska-ghost-pescador\/","title":{"rendered":"Pistolet sous-marin GHOST \u2013 Pescador"},"content":{"rendered":"<p><strong>Fant\u00f4me du fusil harpon<\/strong><\/p>\n<p>TUYAU EN ALUMINIUM 28MM<\/p>\n<p>BANDE EN CAOUTCHOUC DOUBLE PRIMELINES 16MM<\/p>\n<p>ARBRE 7 mm<\/p>\n<p>BOBINE EN ALUMINIUM 30 MT OU 50 MT<\/p>\n<p>Tailles : 82, 90, 100, 110, 120<\/p>\n<p>Veuillez toujours nettoyer soigneusement votre \u00e9quipement apr\u00e8s utilisation, \u00e0 l&#039;eau claire. De plus, nous vous conseillons de le ranger dans un endroit sec et \u00e0 l&#039;abri de la lumi\u00e8re afin de prolonger la dur\u00e9e de vie des caoutchoucs.<\/p>\n<p><strong>Arbal\u00e8te fant\u00f4me<\/strong><\/p>\n<p>Tube en aluminium 28 mm<\/p>\n<p>Double Sandows 16 mm<\/p>\n<p>Fl\u00e8che 7 mm<\/p>\n<p>Moulinet Aluminium 30 m ou 50 m selon l&#039;arriv\u00e9e<\/p>\n<p>Tailles : 82, 90, 100, 110, 120<\/p>\n<p>Veuillez toujours nettoyer soigneusement votre \u00e9quipement apr\u00e8s utilisation, \u00e0 l&#039;eau claire. De plus, nous vous conseillons de le stocker dans un endroit sec et sombre afin de prolonger la dur\u00e9e de vie des \u00e9lastiques.<\/p>","protected":false},"excerpt":{"rendered":"<p>Speargun Ghost ALUMINIUM PIPE 28MM DOUBLE PRIMELINES RUBBER BAND 16MM SHAFT\u00a0 7mm ALUMINIUM\u00a0REEL 30 MT OR 50 MT Sizes: 82, 90, 100, 110, 120 Please be sure to always clean your equipment carefully after use, with clean water. Additionally, we advise you to store your equipment in a dry and dark environment so that the [&hellip;]<\/p>\n","protected":false},"featured_media":225771,"template":"","meta":{"_et_pb_use_builder":"","_et_pb_old_content":"","_et_gb_content_width":""},"product_brand":[],"product_cat":[54,170,76,77],"product_tag":[],"class_list":{"0":"post-225787","1":"product","2":"type-product","3":"status-publish","4":"has-post-thumbnail","6":"product_cat-novi-proizvodi","7":"product_cat-pescador","8":"product_cat-podvodne-puske","9":"product_cat-podvodne-puske-aluminijske","11":"first","12":"instock","13":"shipping-taxable","14":"purchasable","15":"product-type-variable"},"_links":{"self":[{"href":"https:\/\/neocarbone.com\/fr\/wp-json\/wp\/v2\/product\/225787","targetHints":{"allow":["GET"]}}],"collection":[{"href":"https:\/\/neocarbone.com\/fr\/wp-json\/wp\/v2\/product"}],"about":[{"href":"https:\/\/neocarbone.com\/fr\/wp-json\/wp\/v2\/types\/product"}],"wp:featuredmedia":[{"embeddable":true,"href":"https:\/\/neocarbone.com\/fr\/wp-json\/wp\/v2\/media\/225771"}],"wp:attachment":[{"href":"https:\/\/neocarbone.com\/fr\/wp-json\/wp\/v2\/media?parent=225787"}],"wp:term":[{"taxonomy":"product_brand","embeddable":true,"href":"https:\/\/neocarbone.com\/fr\/wp-json\/wp\/v2\/product_brand?post=225787"},{"taxonomy":"product_cat","embeddable":true,"href":"https:\/\/neocarbone.com\/fr\/wp-json\/wp\/v2\/product_cat?post=225787"},{"taxonomy":"product_tag","embeddable":true,"href":"https:\/\/neocarbone.com\/fr\/wp-json\/wp\/v2\/product_tag?post=225787"}],"curies":[{"name":"wp","href":"https:\/\/api.w.org\/{rel}","templated":true}]}}