{"id":225812,"date":"2025-06-12T10:00:06","date_gmt":"2025-06-12T08:00:06","guid":{"rendered":"https:\/\/neocarbone.com\/?post_type=product&#038;p=225812"},"modified":"2025-07-18T13:57:53","modified_gmt":"2025-07-18T11:57:53","slug":"podvodna-puska-monoroller-pescador","status":"publish","type":"product","link":"https:\/\/neocarbone.com\/fr\/product\/podvodna-puska-monoroller-pescador\/","title":{"rendered":"Pistolet sous-marin Monoroller \u2013 Pescador"},"content":{"rendered":"<p><strong>Fusil harpon Pescador Monoroller<\/strong><\/p>\n<p>Fabriqu\u00e9 par Pescador Sub, ce produit a \u00e9t\u00e9 con\u00e7u pour r\u00e9pondre aux besoins des passionn\u00e9s de chasse sous-marine les plus exigeants.<\/p>\n<p>Dot\u00e9 d&#039;un m\u00e9canisme de d\u00e9clenchement de haute pr\u00e9cision offrant une excellente sensibilit\u00e9 \u00e0 l&#039;utilisateur m\u00eame \u00e0 charge maximale.<\/p>\n<p>Le tube du harpon est fabriqu\u00e9 en alliage d&#039;aluminium sp\u00e9cial et comporte un guide int\u00e9gr\u00e9 sur le dessus avec une t\u00eate monorouleau en Delrin.<\/p>\n<p>La tige mesure 7 mm<\/p>\n<p>\u00c9lastique Primelines de 16 mm<\/p>\n<p>Fil de nylon Dynema de haute qualit\u00e9<\/p>\n<p>Bobine en aluminium de 30 m, 50 m ou 70 m selon la taille<\/p>\n<p>Veuillez toujours nettoyer soigneusement votre \u00e9quipement apr\u00e8s utilisation, \u00e0 l&#039;eau claire. De plus, nous vous conseillons de le ranger dans un endroit sec et \u00e0 l&#039;abri de la lumi\u00e8re afin de prolonger la dur\u00e9e de vie des caoutchoucs.<\/p>\n<p>Tailles : 82, 90, 100, 110<\/p>\n<p>&nbsp;<\/p>\n<p><strong>Arbal\u00e8te PESCADOR <\/strong><strong>Monorouleau<\/strong><\/p>\n<p>Fabriqu\u00e9 par Pescador Sub, cet arbal\u00e8te est con\u00e7u pour r\u00e9pondre aux besoins des chasseurs sous-marins les plus exigeants.<\/p>\n<p>\u00c9quip\u00e9 d&#039;un m\u00e9canisme de d\u00e9clenchement de haute pr\u00e9cision offrant une grande sensibilit\u00e9 \u00e0 pleine charge.<\/p>\n<p>Le tube de l&#039;arbal\u00e8te est en alliage d&#039;aluminium sp\u00e9cial et dispose d&#039;un guide fl\u00e8che int\u00e9grale avec t\u00eate monoroller en Delrin.<\/p>\n<p>Fl\u00e8che 7 mm.<\/p>\n<p>Primelines 16 mm sandows.<\/p>\n<p>Fil en nylon Dynema de haute qualit\u00e9.<\/p>\n<p>Moulinet en aluminium de 30 m, 50 m ou 70 m selon la taille.<\/p>\n<p>Veuillez toujours nettoyer soigneusement votre \u00e9quipement apr\u00e8s utilisation, \u00e0 l&#039;eau claire. De plus, nous vous conseillons de le stocker dans un endroit sec et sombre afin de prolonger la dur\u00e9e de vie des \u00e9lastiques.<\/p>\n<p>Tailles : 82, 90, 100, 110<\/p>","protected":false},"excerpt":{"rendered":"<p>Pescador Speargun Monoroller Manufactured by\u00a0pescador sub created to meet the needs of the most demanding spearfishing enthusiasts. Equipped with a high precision trigger mechanism that offers great user sensitivity at maximum loads. The harpoon tube material is made of special aluminum alloy and also has a integral guide on the top with Delrin monoroller head [&hellip;]<\/p>\n","protected":false},"featured_media":225806,"template":"","meta":{"_et_pb_use_builder":"","_et_pb_old_content":"","_et_gb_content_width":""},"product_brand":[],"product_cat":[54,170,76,77],"product_tag":[],"class_list":{"0":"post-225812","1":"product","2":"type-product","3":"status-publish","4":"has-post-thumbnail","6":"product_cat-novi-proizvodi","7":"product_cat-pescador","8":"product_cat-podvodne-puske","9":"product_cat-podvodne-puske-aluminijske","11":"first","12":"instock","13":"shipping-taxable","14":"purchasable","15":"product-type-variable"},"_links":{"self":[{"href":"https:\/\/neocarbone.com\/fr\/wp-json\/wp\/v2\/product\/225812","targetHints":{"allow":["GET"]}}],"collection":[{"href":"https:\/\/neocarbone.com\/fr\/wp-json\/wp\/v2\/product"}],"about":[{"href":"https:\/\/neocarbone.com\/fr\/wp-json\/wp\/v2\/types\/product"}],"wp:featuredmedia":[{"embeddable":true,"href":"https:\/\/neocarbone.com\/fr\/wp-json\/wp\/v2\/media\/225806"}],"wp:attachment":[{"href":"https:\/\/neocarbone.com\/fr\/wp-json\/wp\/v2\/media?parent=225812"}],"wp:term":[{"taxonomy":"product_brand","embeddable":true,"href":"https:\/\/neocarbone.com\/fr\/wp-json\/wp\/v2\/product_brand?post=225812"},{"taxonomy":"product_cat","embeddable":true,"href":"https:\/\/neocarbone.com\/fr\/wp-json\/wp\/v2\/product_cat?post=225812"},{"taxonomy":"product_tag","embeddable":true,"href":"https:\/\/neocarbone.com\/fr\/wp-json\/wp\/v2\/product_tag?post=225812"}],"curies":[{"name":"wp","href":"https:\/\/api.w.org\/{rel}","templated":true}]}}