{"id":225887,"date":"2025-06-13T23:13:45","date_gmt":"2025-06-13T21:13:45","guid":{"rendered":"https:\/\/neocarbone.com\/?post_type=product&#038;p=225887"},"modified":"2025-06-13T23:23:56","modified_gmt":"2025-06-13T21:23:56","slug":"pozivatelj-ribe-fish-caller-plastika-pescador","status":"publish","type":"product","link":"https:\/\/neocarbone.com\/fr\/product\/pozivatelj-ribe-fish-caller-plastika-pescador\/","title":{"rendered":"Appeau \u00e0 poissons portatif - Appeau \u00e0 poissons en plastique - Pescador"},"content":{"rendered":"<p><strong>Appelant \u00e0 poissons \u2013 Pour la main<\/strong><\/p>\n<p>Appelant \u00e0 poissons en plastique Pescador Sub<\/p>\n<p>Couleurs : Noir, Rouge, Bleu, Jaune<\/p>\n<p><strong>Appel de poisson \u2013 Principal<\/strong><\/p>\n<p>Appeau \u00e0 poisson Pescador Sub plastique<\/p>\n<p>Couleurs : Noir, Rouge, Bleu, Jaune<\/p>","protected":false},"excerpt":{"rendered":"<p>Fish Caller \u2013 For Hand Pescador Sub Plastic Fish Caller Colors : Black, Red, Blue, Yellow Appeau \u00e0 poisson \u2013 Main Appeau \u00e0 poisson Pescador Sub plastique Couleurs : Noir, Rouge, Bleu, Jaune<\/p>","protected":false},"featured_media":225892,"template":"","meta":{"_et_pb_use_builder":"","_et_pb_old_content":"","_et_gb_content_width":""},"product_brand":[],"product_cat":[54,170,81,53],"product_tag":[],"class_list":{"0":"post-225887","1":"product","2":"type-product","3":"status-publish","4":"has-post-thumbnail","6":"product_cat-novi-proizvodi","7":"product_cat-pescador","8":"product_cat-pribor-i-oprema","9":"product_cat-razni-dodaci","11":"first","12":"instock","13":"shipping-taxable","14":"purchasable","15":"product-type-variable"},"_links":{"self":[{"href":"https:\/\/neocarbone.com\/fr\/wp-json\/wp\/v2\/product\/225887","targetHints":{"allow":["GET"]}}],"collection":[{"href":"https:\/\/neocarbone.com\/fr\/wp-json\/wp\/v2\/product"}],"about":[{"href":"https:\/\/neocarbone.com\/fr\/wp-json\/wp\/v2\/types\/product"}],"wp:featuredmedia":[{"embeddable":true,"href":"https:\/\/neocarbone.com\/fr\/wp-json\/wp\/v2\/media\/225892"}],"wp:attachment":[{"href":"https:\/\/neocarbone.com\/fr\/wp-json\/wp\/v2\/media?parent=225887"}],"wp:term":[{"taxonomy":"product_brand","embeddable":true,"href":"https:\/\/neocarbone.com\/fr\/wp-json\/wp\/v2\/product_brand?post=225887"},{"taxonomy":"product_cat","embeddable":true,"href":"https:\/\/neocarbone.com\/fr\/wp-json\/wp\/v2\/product_cat?post=225887"},{"taxonomy":"product_tag","embeddable":true,"href":"https:\/\/neocarbone.com\/fr\/wp-json\/wp\/v2\/product_tag?post=225887"}],"curies":[{"name":"wp","href":"https:\/\/api.w.org\/{rel}","templated":true}]}}