{"id":225906,"date":"2025-06-15T12:34:25","date_gmt":"2025-06-15T10:34:25","guid":{"rendered":"https:\/\/neocarbone.com\/?post_type=product&#038;p=225906"},"modified":"2025-06-17T20:13:03","modified_gmt":"2025-06-17T18:13:03","slug":"disalica-pescador","status":"publish","type":"product","link":"https:\/\/neocarbone.com\/fr\/product\/disalica-pescador\/","title":{"rendered":"Snorkel \u2013 Pescador"},"content":{"rendered":"<p><strong>Tuba en silicone PESCADOR SUB<\/strong><\/p>\n<p>Le tube et l&#039;embout buccal du tuba en silicone PESCADOR SUB sont enti\u00e8rement fabriqu\u00e9s en silicone de haute qualit\u00e9.<\/p>\n<ul>\n<li>L&#039;angle de l&#039;embout buccal permet aux utilisateurs de respirer facilement, les muscles de la m\u00e2choire \u00e9tant d\u00e9tendus.<\/li>\n<li>Ce tuba \u00e9l\u00e9gant pour la chasse sous-marine\/l&#039;apn\u00e9e est souple et confortable \u00e0 utiliser dans toutes les conditions.<\/li>\n<\/ul>\n<p>Couleurs : Noir, Rouge, Blanc<\/p>\n<p>&nbsp;<\/p>\n<p><strong>Tube en silicone PESCADOR SUB<\/strong><\/p>\n<p>Le tube et l&#039;embout du tuba en silicone PESCADOR SUB sont la enti\u00e8me Fabrication en silicone de premi\u00e8re qualit\u00e9.<\/p>\n<ul>\n<li>L&#039;angle de l&#039;embout permet de respirer facilement, les muscles de la dilat\u00e9e.<\/li>\n<li>Ce tuba \u00e9l\u00e9gant pour la chasse sous-marine et l&#039;apn\u00e9e est souple et confortable en toutes circonstances.<\/li>\n<\/ul>\n<p>Couleurs : Noir, Rouge, Blanc<\/p>","protected":false},"excerpt":{"rendered":"<p>Silicone Snorkel PESCADOR SUB The tube and mouthpiece of the Silicone Snorkel PESCADOR SUB are made entirely from top-grade silicone. The angle of the mouthpiece allows users to breathe easily with relaxed jaw muscles. This stylish spearfishing \/ free diving snorkel is supple and comfortable to use in any condition. Colors: Black, Red, White &nbsp; [&hellip;]<\/p>\n","protected":false},"featured_media":225910,"template":"","meta":{"_et_pb_use_builder":"","_et_pb_old_content":"","_et_gb_content_width":""},"product_brand":[],"product_cat":[72,54,170],"product_tag":[],"class_list":{"0":"post-225906","1":"product","2":"type-product","3":"status-publish","4":"has-post-thumbnail","6":"product_cat-disalice","7":"product_cat-novi-proizvodi","8":"product_cat-pescador","10":"first","11":"instock","12":"shipping-taxable","13":"purchasable","14":"product-type-variable"},"_links":{"self":[{"href":"https:\/\/neocarbone.com\/fr\/wp-json\/wp\/v2\/product\/225906","targetHints":{"allow":["GET"]}}],"collection":[{"href":"https:\/\/neocarbone.com\/fr\/wp-json\/wp\/v2\/product"}],"about":[{"href":"https:\/\/neocarbone.com\/fr\/wp-json\/wp\/v2\/types\/product"}],"wp:featuredmedia":[{"embeddable":true,"href":"https:\/\/neocarbone.com\/fr\/wp-json\/wp\/v2\/media\/225910"}],"wp:attachment":[{"href":"https:\/\/neocarbone.com\/fr\/wp-json\/wp\/v2\/media?parent=225906"}],"wp:term":[{"taxonomy":"product_brand","embeddable":true,"href":"https:\/\/neocarbone.com\/fr\/wp-json\/wp\/v2\/product_brand?post=225906"},{"taxonomy":"product_cat","embeddable":true,"href":"https:\/\/neocarbone.com\/fr\/wp-json\/wp\/v2\/product_cat?post=225906"},{"taxonomy":"product_tag","embeddable":true,"href":"https:\/\/neocarbone.com\/fr\/wp-json\/wp\/v2\/product_tag?post=225906"}],"curies":[{"name":"wp","href":"https:\/\/api.w.org\/{rel}","templated":true}]}}