{"id":225922,"date":"2025-06-15T13:03:35","date_gmt":"2025-06-15T11:03:35","guid":{"rendered":"https:\/\/neocarbone.com\/?post_type=product&#038;p=225922"},"modified":"2025-06-15T14:18:55","modified_gmt":"2025-06-15T12:18:55","slug":"niska-za-ribu-multi-pescador","status":"publish","type":"product","link":"https:\/\/neocarbone.com\/fr\/product\/niska-za-ribu-multi-pescador\/","title":{"rendered":"Filet de p\u00eache multi-peescador"},"content":{"rendered":"<p><strong>FISH STRINGER MULTI <\/strong><\/p>\n<p>COMMISSAIRE-PRISEUR DE POISSON. Aiguis\u00e9 \u00e0 une extr\u00e9mit\u00e9 (mais \u00e9mouss\u00e9 \u00e0 la pointe pour \u00e9viter les perforations) afin de pouvoir achever le poisson, puis le passer \u00e0 la corde.<\/p>\n<p>Le syst\u00e8me de d\u00e9verrouillage de l&#039;arbre comporte une ouverture au centre du passage \u00e0 poissons pour \u00eatre utilis\u00e9 avec un extracteur d&#039;arbre.<\/p>\n<p>REDRESSEUR D&#039;ARBRE : Disponible en deux diam\u00e8tres, il convient \u00e0 tous les arbres de 6 \u00e0 8 mm. Fabriqu\u00e9 en t\u00f4le robuste de 5 mm d&#039;\u00e9paisseur, il permet de redresser l&#039;arbre en appliquant une force consid\u00e9rable sans d\u00e9former l&#039;extracteur.<\/p>\n<p>SYST\u00c8ME D&#039;OUVERTURE des manilles ou fabrication de divers leviers<\/p>\n<p>Fid\u00e8les \u00e0 la philosophie de notre marque, nous utilisons toujours les meilleurs mat\u00e9riaux, en l&#039;occurrence l&#039;acier inoxydable 316L.<\/p>\n<p>&nbsp;<\/p>\n<p><strong>Hame\u00e7on multiple<\/strong><\/p>\n<p>Stylet inox pointu \u00e0 une extr\u00e9mit\u00e9 (mais \u00e9mouss\u00e9 \u00e0 l&#039;extr\u00e9mit\u00e9 pour \u00e9viter les perforations) pour pouvoir terminer le poisson et le passer \u00e0 la corde.<\/p>\n<p>EXTRACTEUR DE FL\u00c8CHE : poss\u00e8de une ouverture au centre pour l&#039;utilisation comme extracteur de fl\u00e8che.<\/p>\n<p>REDRESSEUR DE FLECHE : disponible en deux diam\u00e8tres, il couvre tous les diam\u00e8tres de 6 \u00e0 8 mm. Fabriqu\u00e9 en acier inoxydable robuste de 5 mm d&#039;\u00e9paississement, il permet de le redresser en appliquant une force importante sans d\u00e9former le stylet de l&#039;accroche poisson.<\/p>\n<p>FORME SP\u00c9CIFIQUE : Elle permet aussi de faire levier dans diverses situations.<\/p>\n<p>Fid\u00e8le \u00e0 la philosophie de notre marque, nous utilisons toujours les meilleurs mat\u00e9riaux, en l&#039;occurrence l&#039;acier inoxydable 316L.<\/p>","protected":false},"excerpt":{"rendered":"<p>FISH STRINGER MULTI FISH AUCTIONER. Sharp at one end (but blunt right at the tip to avoid punctures) to be able to finish off the fish, and then pass it to the rope. SHAFT RELEASE has an opening in the center of the fish passage for use with a shaft remover. SHAFT STRAIGHTENER: It has [&hellip;]<\/p>\n","protected":false},"featured_media":225937,"template":"","meta":{"_et_pb_use_builder":"","_et_pb_old_content":"","_et_gb_content_width":""},"product_brand":[],"product_cat":[54,170,81,53],"product_tag":[],"class_list":{"0":"post-225922","1":"product","2":"type-product","3":"status-publish","4":"has-post-thumbnail","6":"product_cat-novi-proizvodi","7":"product_cat-pescador","8":"product_cat-pribor-i-oprema","9":"product_cat-razni-dodaci","11":"first","12":"instock","13":"shipping-taxable","14":"purchasable","15":"product-type-variable"},"_links":{"self":[{"href":"https:\/\/neocarbone.com\/fr\/wp-json\/wp\/v2\/product\/225922","targetHints":{"allow":["GET"]}}],"collection":[{"href":"https:\/\/neocarbone.com\/fr\/wp-json\/wp\/v2\/product"}],"about":[{"href":"https:\/\/neocarbone.com\/fr\/wp-json\/wp\/v2\/types\/product"}],"wp:featuredmedia":[{"embeddable":true,"href":"https:\/\/neocarbone.com\/fr\/wp-json\/wp\/v2\/media\/225937"}],"wp:attachment":[{"href":"https:\/\/neocarbone.com\/fr\/wp-json\/wp\/v2\/media?parent=225922"}],"wp:term":[{"taxonomy":"product_brand","embeddable":true,"href":"https:\/\/neocarbone.com\/fr\/wp-json\/wp\/v2\/product_brand?post=225922"},{"taxonomy":"product_cat","embeddable":true,"href":"https:\/\/neocarbone.com\/fr\/wp-json\/wp\/v2\/product_cat?post=225922"},{"taxonomy":"product_tag","embeddable":true,"href":"https:\/\/neocarbone.com\/fr\/wp-json\/wp\/v2\/product_tag?post=225922"}],"curies":[{"name":"wp","href":"https:\/\/api.w.org\/{rel}","templated":true}]}}