{"id":225931,"date":"2025-06-15T13:43:12","date_gmt":"2025-06-15T11:43:12","guid":{"rendered":"https:\/\/neocarbone.com\/?post_type=product&#038;p=225931"},"modified":"2026-03-30T10:33:16","modified_gmt":"2026-03-30T08:33:16","slug":"niska-za-ribu-inox-multi-t-kill-pescador","status":"publish","type":"product","link":"https:\/\/neocarbone.com\/fr\/product\/niska-za-ribu-inox-multi-t-kill-pescador\/","title":{"rendered":"Ligne de p\u00eache Inox Multi T-Kill \u2013 Pescador"},"content":{"rendered":"<p><strong>Stylet T-KILL \u2013 Ikejime Multifonction<\/strong><\/p>\n<p>Stylet tr\u00e8s \u00e9pais et extr\u00eamement tranchant, permettant au poisson d&#039;\u00e9viter toute souffrance gr\u00e2ce \u00e0 une mise \u00e0 mort instantan\u00e9e, \u00e0 la mani\u00e8re d&#039;Ikejime.<\/p>\n<p>Ce stylet offre \u00e9galement\u00a0:<\/p>\n<p>Le syst\u00e8me de d\u00e9verrouillage de l&#039;arbre comporte une ouverture au centre du passage \u00e0 poissons pour \u00eatre utilis\u00e9 avec un extracteur d&#039;arbre.<\/p>\n<p>REDRESSEUR D&#039;ARBRE : Disponible en deux diam\u00e8tres, il convient \u00e0 tous les arbres de 6 \u00e0 8 mm. Fabriqu\u00e9 en t\u00f4le robuste de 5 mm d&#039;\u00e9paisseur, il permet de redresser l&#039;arbre sans d\u00e9former l&#039;extracteur, m\u00eame en appliquant une force importante.<\/p>\n<p>\u00c9CAILLEUR : Le manche est muni de dents pour \u00e9cailler le poisson.<\/p>\n<p><strong>STYLET T-KILL \u2013 Ikejime Multi-Fonctions<\/strong><\/p>\n<p>Stylet tr\u00e8s \u00e9pais et hyper pointu permissif au poisson de ne pas souffrir en lui offrant une mort instantan\u00e9e fa\u00e7on Ikejime.<\/p>\n<p>Ce stylet offre \u00e9galement\u00a0:<\/p>\n<p>EXTRACTEUR DE FL\u00c8CHE : poss\u00e8de une ouverture au centre pour l&#039;utilisation comme extracteur de fl\u00e8che toutes tailles.<\/p>\n<p>REDRESSEUR DE FLECHE : disponible en deux diam\u00e8tres, il couvre tous les diam\u00e8tres de 6 \u00e0 8 mm. Fabriqu\u00e9 en acier inoxydable robuste de 5 mm d&#039;\u00e9paississement, il permet de le redresser en appliquant une force importante sans d\u00e9former le stylet de l&#039;accroche poisson.<\/p>\n<p>\u00c9CAILLEUR : La poignet offre une dentition pour \u00e9cailler le poisson<\/p>","protected":false},"excerpt":{"rendered":"<p>T-KILL STYLUS \u2013 Ikejime Multi-Function Very thick and extremely sharp stylus, allowing the fish to avoid suffering by giving it an instant kill, Ikejime style. This stylus also offers: SHAFT RELEASE has an opening in the center of the fish passage for use with a shaft remover. SHAFT STRAIGHTENER: It has two diameters that cover [&hellip;]<\/p>\n","protected":false},"featured_media":225926,"template":"","meta":{"_et_pb_use_builder":"","_et_pb_old_content":"","_et_gb_content_width":""},"product_brand":[],"product_cat":[54,170,81,53],"product_tag":[],"class_list":{"0":"post-225931","1":"product","2":"type-product","3":"status-publish","4":"has-post-thumbnail","6":"product_cat-novi-proizvodi","7":"product_cat-pescador","8":"product_cat-pribor-i-oprema","9":"product_cat-razni-dodaci","11":"first","12":"instock","13":"shipping-taxable","14":"purchasable","15":"product-type-simple"},"_links":{"self":[{"href":"https:\/\/neocarbone.com\/fr\/wp-json\/wp\/v2\/product\/225931","targetHints":{"allow":["GET"]}}],"collection":[{"href":"https:\/\/neocarbone.com\/fr\/wp-json\/wp\/v2\/product"}],"about":[{"href":"https:\/\/neocarbone.com\/fr\/wp-json\/wp\/v2\/types\/product"}],"wp:featuredmedia":[{"embeddable":true,"href":"https:\/\/neocarbone.com\/fr\/wp-json\/wp\/v2\/media\/225926"}],"wp:attachment":[{"href":"https:\/\/neocarbone.com\/fr\/wp-json\/wp\/v2\/media?parent=225931"}],"wp:term":[{"taxonomy":"product_brand","embeddable":true,"href":"https:\/\/neocarbone.com\/fr\/wp-json\/wp\/v2\/product_brand?post=225931"},{"taxonomy":"product_cat","embeddable":true,"href":"https:\/\/neocarbone.com\/fr\/wp-json\/wp\/v2\/product_cat?post=225931"},{"taxonomy":"product_tag","embeddable":true,"href":"https:\/\/neocarbone.com\/fr\/wp-json\/wp\/v2\/product_tag?post=225931"}],"curies":[{"name":"wp","href":"https:\/\/api.w.org\/{rel}","templated":true}]}}