{"id":225949,"date":"2025-06-17T20:05:47","date_gmt":"2025-06-17T18:05:47","guid":{"rendered":"https:\/\/neocarbone.com\/?post_type=product&#038;p=225949"},"modified":"2026-03-20T14:20:52","modified_gmt":"2026-03-20T12:20:52","slug":"utezi-za-noge-pescador","status":"publish","type":"product","link":"https:\/\/neocarbone.com\/fr\/product\/utezi-za-noge-pescador\/","title":{"rendered":"Poids pour les jambes \u2013 Pescador"},"content":{"rendered":"<p><strong>Poids de cheville PESCADOR SUB Ultrasoft <\/strong><\/p>\n<p>2 poids de cheville ultra-souples (2 x 500 g)<\/p>\n<p>R\u00e9glable avec une large bande velcro<\/p>\n<p>Couleur noire<\/p>\n<p><strong>Plombs de chevilles ultra-souples PESCADOR SUB <\/strong><\/p>\n<p>2 plombs de chevilles ultra-souples (2 x 500 g)<\/p>\n<p>r\u00e9glables gr\u00e2ce \u00e0 une large sangle velcro ultra r\u00e9sistante dans le temps<\/p>\n<p>Couleur : noir<\/p>","protected":false},"excerpt":{"rendered":"<p>PESCADOR SUB Ankle Weights Ultrasoft 2 Ankle Weights Ultrasoft (2x 500 grs ) Adjustable with a wide velcro strap Colour Black Plombs de chevilles ultra-souples PESCADOR SUB 2 plombs de chevilles ultra-souples (2 x 500 g) R\u00e9glables gr\u00e2ce \u00e0 une large sangle velcro ultra r\u00e9sistante dans le temps Couleur : noir<\/p>","protected":false},"featured_media":225950,"template":"","meta":{"_et_pb_use_builder":"","_et_pb_old_content":"","_et_gb_content_width":""},"product_brand":[],"product_cat":[54,170,162,163],"product_tag":[],"class_list":{"0":"post-225949","1":"product","2":"type-product","3":"status-publish","4":"has-post-thumbnail","6":"product_cat-novi-proizvodi","7":"product_cat-pescador","8":"product_cat-utezi","9":"product_cat-za-noge","11":"first","12":"instock","13":"shipping-taxable","14":"purchasable","15":"product-type-simple"},"_links":{"self":[{"href":"https:\/\/neocarbone.com\/fr\/wp-json\/wp\/v2\/product\/225949","targetHints":{"allow":["GET"]}}],"collection":[{"href":"https:\/\/neocarbone.com\/fr\/wp-json\/wp\/v2\/product"}],"about":[{"href":"https:\/\/neocarbone.com\/fr\/wp-json\/wp\/v2\/types\/product"}],"wp:featuredmedia":[{"embeddable":true,"href":"https:\/\/neocarbone.com\/fr\/wp-json\/wp\/v2\/media\/225950"}],"wp:attachment":[{"href":"https:\/\/neocarbone.com\/fr\/wp-json\/wp\/v2\/media?parent=225949"}],"wp:term":[{"taxonomy":"product_brand","embeddable":true,"href":"https:\/\/neocarbone.com\/fr\/wp-json\/wp\/v2\/product_brand?post=225949"},{"taxonomy":"product_cat","embeddable":true,"href":"https:\/\/neocarbone.com\/fr\/wp-json\/wp\/v2\/product_cat?post=225949"},{"taxonomy":"product_tag","embeddable":true,"href":"https:\/\/neocarbone.com\/fr\/wp-json\/wp\/v2\/product_tag?post=225949"}],"curies":[{"name":"wp","href":"https:\/\/api.w.org\/{rel}","templated":true}]}}