{"id":225964,"date":"2025-06-17T20:41:52","date_gmt":"2025-06-17T18:41:52","guid":{"rendered":"https:\/\/neocarbone.com\/?post_type=product&#038;p=225964"},"modified":"2026-02-18T14:32:40","modified_gmt":"2026-02-18T12:32:40","slug":"kuka-za-ribu-gaf-pescador","status":"publish","type":"product","link":"https:\/\/neocarbone.com\/fr\/product\/kuka-za-ribu-gaf-pescador\/","title":{"rendered":"Hame\u00e7on GAF \u2013 Pescador"},"content":{"rendered":"<p><strong>Gaff 60cm<\/strong><\/p>\n<p>Le gaff PESCADOR SUB 60cm en acier inoxydable est l&#039;accessoire id\u00e9al gr\u00e2ce \u00e0 ses trous. Fabriqu\u00e9 \u00e0 partir de mat\u00e9riaux de haute qualit\u00e9, ce gaff robuste et performant vous garantit une exp\u00e9rience de plong\u00e9e optimale.<\/p>\n<p>La tige en acier inoxydable conf\u00e8re au grappin une r\u00e9sistance sup\u00e9rieure, tandis que la poign\u00e9e en plastique assure une prise en main confortable et s\u00fbre lors de son utilisation.<\/p>\n<p>Sa longueur de 60 cm vous offre la port\u00e9e id\u00e9ale pour atteindre les terriers les plus \u00e9loign\u00e9s et attraper facilement les cr\u00e9atures marines.<\/p>\n<p>Avec un diam\u00e8tre de \u00d8 6 mm, le gaffe est tr\u00e8s r\u00e9sistant.<\/p>\n<p>Sp\u00e9cifications techniques :<\/p>\n<p>Mod\u00e8le : Gaff en acier inoxydable 60 cm<\/p>\n<p>Mat\u00e9riau de la tige : Acier inoxydable<\/p>\n<p>Mat\u00e9riau de la poign\u00e9e : Plastique<\/p>\n<p>Diam\u00e8tre : \u00d86 mm<\/p>\n<p>Longueur : 60 cm<\/p>\n<p>&nbsp;<\/p>\n<p><strong>Gaffe \u00e0 trou 60cm<\/strong><\/p>\n<p>La gaffe PESCADOR SUB 50 cm et 60 cm en acier inoxydable est l&#039;accessoire id\u00e9al pour la capture des animaux marins \u00e0 trou.<\/p>\n<p>Fabriqu\u00e9e \u00e0 partir de mat\u00e9riaux de haute qualit\u00e9, cette gaffe pour est robuste et efficace, garantissant des performances optimales lors de vos plong\u00e9es.<\/p>\n<p>La tige en acier inoxydable conf\u00e8re au grappin une r\u00e9sistance sup\u00e9rieure, tandis que la poign\u00e9e en plastique assure une prise en main confortable et s\u00fbre.<\/p>\n<p>Sa longueur de 60 cm vous offre le port\u00eat id\u00e9al pour attreiner les trous les plus recul\u00e9s et trapper les animaux marins facilement.<\/p>\n<p>Avec un diam\u00e8tre de \u00d8 6 mm, la gaffe \u00e0 trou est tr\u00e8s solide.<\/p>\n<p>Caract\u00e9ristiques techniques :<\/p>\n<p>Mod\u00e8le : Gaffe en acier inoxydable 60 cm<\/p>\n<p>Mat\u00e9riau de la tige : Acier inoxydable<\/p>\n<p>Mat\u00e9riau du manche : Plastique<\/p>\n<p>Diam\u00e8tre : \u00d8 6 mm<\/p>\n<p>Longueur : 60 cm<\/p>","protected":false},"excerpt":{"rendered":"<p>Gaff 60cm PESCADOR SUB 60cm\u00a0 Stainless Steel Gaff is the perfect accessory with holes. Crafted from high-quality materials, this den gaff is robust and effective, ensuring optimal performance on your dives. The stainless steel shaft gives the grapple superior strength, while the plastic handle ensures a comfortable and secure grip during use. The 60cm length [&hellip;]<\/p>\n","protected":false},"featured_media":225965,"template":"","meta":{"_et_pb_use_builder":"","_et_pb_old_content":"","_et_gb_content_width":""},"product_brand":[],"product_cat":[54,170,53],"product_tag":[],"class_list":{"0":"post-225964","1":"product","2":"type-product","3":"status-publish","4":"has-post-thumbnail","6":"product_cat-novi-proizvodi","7":"product_cat-pescador","8":"product_cat-razni-dodaci","10":"first","11":"instock","12":"shipping-taxable","13":"purchasable","14":"product-type-simple"},"_links":{"self":[{"href":"https:\/\/neocarbone.com\/fr\/wp-json\/wp\/v2\/product\/225964","targetHints":{"allow":["GET"]}}],"collection":[{"href":"https:\/\/neocarbone.com\/fr\/wp-json\/wp\/v2\/product"}],"about":[{"href":"https:\/\/neocarbone.com\/fr\/wp-json\/wp\/v2\/types\/product"}],"wp:featuredmedia":[{"embeddable":true,"href":"https:\/\/neocarbone.com\/fr\/wp-json\/wp\/v2\/media\/225965"}],"wp:attachment":[{"href":"https:\/\/neocarbone.com\/fr\/wp-json\/wp\/v2\/media?parent=225964"}],"wp:term":[{"taxonomy":"product_brand","embeddable":true,"href":"https:\/\/neocarbone.com\/fr\/wp-json\/wp\/v2\/product_brand?post=225964"},{"taxonomy":"product_cat","embeddable":true,"href":"https:\/\/neocarbone.com\/fr\/wp-json\/wp\/v2\/product_cat?post=225964"},{"taxonomy":"product_tag","embeddable":true,"href":"https:\/\/neocarbone.com\/fr\/wp-json\/wp\/v2\/product_tag?post=225964"}],"curies":[{"name":"wp","href":"https:\/\/api.w.org\/{rel}","templated":true}]}}