{"id":790381,"date":"2026-03-10T17:09:24","date_gmt":"2026-03-10T15:09:24","guid":{"rendered":"https:\/\/neocarbone.com\/?post_type=product&#038;p=790381"},"modified":"2026-03-10T17:33:18","modified_gmt":"2026-03-10T15:33:18","slug":"podvodna-puska-pro-camo-pescador","status":"publish","type":"product","link":"https:\/\/neocarbone.com\/fr\/product\/podvodna-puska-pro-camo-pescador\/","title":{"rendered":"Carabine sous-marine Pro Camo \u2013 Pescador"},"content":{"rendered":"<p><strong>Arbal\u00e8tes Carbon Pro Camo \u2013 Pescador<\/strong><\/p>\n<ul>\n<li>Canon monobloc dia.30mm100% carbone 2mm 3K, 200gr\/m\u00b2 avec guide-tige int\u00e9gr\u00e9.<\/li>\n<li>Forme hydrodynamique avec de longs os de seiche pour une maniabilit\u00e9 et une stabilit\u00e9 in\u00e9gal\u00e9es, architecture \u00e0 rigidit\u00e9 accrue con\u00e7ue pour une r\u00e9sistance \u00e9lev\u00e9e \u00e0 la flexion afin de r\u00e9duire les interf\u00e9rences dues \u00e0 la d\u00e9formation du tube et d&#039;offrir une pr\u00e9cision accrue.<\/li>\n<li>M\u00e9canisme monobloc en acier inoxydable 316L avec but\u00e9e de chargement ajour\u00e9e.<\/li>\n<li>Poign\u00e9e ergonomique et robuste con\u00e7ue avec un angle d&#039;inclinaison id\u00e9al et une ligne de cible d\u00e9gag\u00e9e.<\/li>\n<li>Canon ouvert avec 2 passages pour un tir rapide en caoutchouc circulaire.<\/li>\n<li>Poign\u00e9e et museau en nylon 6 renforc\u00e9 de fibre de verre 30% pour une meilleure r\u00e9sistance.<\/li>\n<li>Axe en acier Sandvik de 7 mm de diam\u00e8tre avec mini ailerons de requin.<\/li>\n<li>Lignes de d\u00e9part Primelines doubles en caoutchouc de 16 mm de diam\u00e8tre avec bras en Dyneema.<\/li>\n<li>Fusil harpon ambidextre \u00e9quip\u00e9 de s\u00e9rie d&#039;un moulinet de 30 m et d&#039;un amortisseur de chocs \/ manchons en nylon<\/li>\n<\/ul>\n<p>Tailles disponibles : 90, 100, 110, 120<\/p>","protected":false},"excerpt":{"rendered":"<p>Spearguns Carbon Pro Camo &#8211; Pescador Barrel monobloc dia.30mm100% carbone 2mm 3K, 200gr\/m\u00b2 with inetgral shaft guide. Hydrodynamic shape with long cuttlefish bones for unmatched maneuverability and stability increased stiffness architecture designed for high bending resistance to reduce interference from tube deformation and provide an increased accuracy. Integrally 316L stainless steel mechanism in one piece [&hellip;]<\/p>\n","protected":false},"featured_media":790407,"template":"","meta":{"_et_pb_use_builder":"","_et_pb_old_content":"","_et_gb_content_width":""},"product_brand":[],"product_cat":[54,170,76,77],"product_tag":[],"class_list":{"0":"post-790381","1":"product","2":"type-product","3":"status-publish","4":"has-post-thumbnail","6":"product_cat-novi-proizvodi","7":"product_cat-pescador","8":"product_cat-podvodne-puske","9":"product_cat-podvodne-puske-aluminijske","11":"first","12":"instock","13":"shipping-taxable","14":"purchasable","15":"product-type-variable"},"_links":{"self":[{"href":"https:\/\/neocarbone.com\/fr\/wp-json\/wp\/v2\/product\/790381","targetHints":{"allow":["GET"]}}],"collection":[{"href":"https:\/\/neocarbone.com\/fr\/wp-json\/wp\/v2\/product"}],"about":[{"href":"https:\/\/neocarbone.com\/fr\/wp-json\/wp\/v2\/types\/product"}],"wp:featuredmedia":[{"embeddable":true,"href":"https:\/\/neocarbone.com\/fr\/wp-json\/wp\/v2\/media\/790407"}],"wp:attachment":[{"href":"https:\/\/neocarbone.com\/fr\/wp-json\/wp\/v2\/media?parent=790381"}],"wp:term":[{"taxonomy":"product_brand","embeddable":true,"href":"https:\/\/neocarbone.com\/fr\/wp-json\/wp\/v2\/product_brand?post=790381"},{"taxonomy":"product_cat","embeddable":true,"href":"https:\/\/neocarbone.com\/fr\/wp-json\/wp\/v2\/product_cat?post=790381"},{"taxonomy":"product_tag","embeddable":true,"href":"https:\/\/neocarbone.com\/fr\/wp-json\/wp\/v2\/product_tag?post=790381"}],"curies":[{"name":"wp","href":"https:\/\/api.w.org\/{rel}","templated":true}]}}