{"id":790408,"date":"2026-03-10T17:26:50","date_gmt":"2026-03-10T15:26:50","guid":{"rendered":"https:\/\/neocarbone.com\/?post_type=product&#038;p=790408"},"modified":"2026-03-10T20:27:49","modified_gmt":"2026-03-10T18:27:49","slug":"podvodna-puska-pro-camo-pescador-kopiraj","status":"publish","type":"product","link":"https:\/\/neocarbone.com\/fr\/product\/podvodna-puska-pro-camo-pescador-kopiraj\/","title":{"rendered":"Carabine sous-marine Carbon Pro Camo \u2013 Pescador"},"content":{"rendered":"<p><strong>Spearguns Carbon Pro Camo &#8211; Pescador<\/strong><\/p>\n<ul>\n<li>Barrel monobloc dia.30mm100% carbone 2mm 3K, 200gr\/m\u00b2 with inetgral shaft guide.<\/li>\n<li>Hydrodynamic shape with long cuttlefish bones for unmatched maneuverability and stability increased stiffness architecture designed for high bending resistance to reduce interference from tube deformation and provide an increased accuracy.<\/li>\n<li>Integrally 316L stainless steel mechanism in one piece with opnework loading butt.<\/li>\n<li>Ergonomic and robust handle designed with ideal tilt angle and target line cleared.<\/li>\n<li>Open muzzle with 2 pass for fast circular rubber.<\/li>\n<li>Handle and muzzle made in nylon 6 loaded with 30% fiberglass fo rbetter resistance.<\/li>\n<li>Sandvik steel shaft dia. 7mm with mini shark fins.<\/li>\n<li>Double rubber dia. 16mm Primelines with dyneema wishbone.<\/li>\n<li>Ambidextrous speargun equipped as standard with Reel 30mt and shock absorber \/ nylon &amp; sleeves<\/li>\n<\/ul>\n<p>Avalaible sizes : 90, 100, 110, 120<\/p>\n<p><strong>Arbal\u00e8te Carbon Pro Pescador<\/strong><\/p>\n<ul>\n<li>Tube monobloc dia. 30mm 100% carbone 2mm 3K, 200gr\/m\u00b2 avec gduei fl\u00e8che int\u00e9gral.<\/li>\n<li>Forme hydrodynamique au desing long d\u2019os de seiche pour une maniabilit\u00e9 et une stabilit\u00e9 sans pareil.<\/li>\n<li>Architecture \u00e0 rigidit\u00e9 accrue con\u00e7u pour une grande r\u00e9sistance au cintrage afin de limiter la parasitage de d\u00e9formation de tube et d\u2019obtenir une pr\u00e9cision accrue.<\/li>\n<li>M\u00e9canisme int\u00e9gralement en inox 316L en une seule pi\u00e8ce avec la but\u00e9e de chargement ajour\u00e9e et ligne de mire d\u00e9gag\u00e9e.<\/li>\n<li>Crosse ergonomique et robuste con\u00e7ue avec un angle d\u2019inclinaison id\u00e9al.<\/li>\n<li>T\u00eate ouverte avec 2 passages pour sandows rapides.<\/li>\n<li>Crosse et t\u00eate en nylon 6 charg\u00e9es en fibre de verre \u00e0 30% pou urne meilleure r\u00e9sistance.<\/li>\n<li>Fl\u00e8che en acier Sandvik diam\u00e8tre 7mm \u00e0 mini ergots.<\/li>\n<li>Double sandow circulaire dia. 16mm Primelines avec obus dyneema.<\/li>\n<li>Arbal\u00e8te ambidextre \u00e9quip\u00e9e de s\u00e9rie avec moulinet Elysium aluminium 30mt \/ amortisseur \/ nylon &amp; sleeves.<\/li>\n<li>Tailles disponibles : 90, 100, 110, 120<\/li>\n<\/ul>","protected":false},"excerpt":{"rendered":"<p>Spearguns Carbon Pro Camo &#8211; Pescador Barrel monobloc dia.30mm100% carbone 2mm 3K, 200gr\/m\u00b2 with inetgral shaft guide. Hydrodynamic shape with long cuttlefish bones for unmatched maneuverability and stability increased stiffness architecture designed for high bending resistance to reduce interference from tube deformation and provide an increased accuracy. Integrally 316L stainless steel mechanism in one piece [&hellip;]<\/p>\n","protected":false},"featured_media":790388,"template":"","meta":{"_et_pb_use_builder":"","_et_pb_old_content":"","_et_gb_content_width":""},"product_brand":[],"product_cat":[54,170,76,77],"product_tag":[],"class_list":{"0":"post-790408","1":"product","2":"type-product","3":"status-publish","4":"has-post-thumbnail","6":"product_cat-novi-proizvodi","7":"product_cat-pescador","8":"product_cat-podvodne-puske","9":"product_cat-podvodne-puske-aluminijske","11":"first","12":"instock","13":"shipping-taxable","14":"purchasable","15":"product-type-variable"},"_links":{"self":[{"href":"https:\/\/neocarbone.com\/fr\/wp-json\/wp\/v2\/product\/790408","targetHints":{"allow":["GET"]}}],"collection":[{"href":"https:\/\/neocarbone.com\/fr\/wp-json\/wp\/v2\/product"}],"about":[{"href":"https:\/\/neocarbone.com\/fr\/wp-json\/wp\/v2\/types\/product"}],"wp:featuredmedia":[{"embeddable":true,"href":"https:\/\/neocarbone.com\/fr\/wp-json\/wp\/v2\/media\/790388"}],"wp:attachment":[{"href":"https:\/\/neocarbone.com\/fr\/wp-json\/wp\/v2\/media?parent=790408"}],"wp:term":[{"taxonomy":"product_brand","embeddable":true,"href":"https:\/\/neocarbone.com\/fr\/wp-json\/wp\/v2\/product_brand?post=790408"},{"taxonomy":"product_cat","embeddable":true,"href":"https:\/\/neocarbone.com\/fr\/wp-json\/wp\/v2\/product_cat?post=790408"},{"taxonomy":"product_tag","embeddable":true,"href":"https:\/\/neocarbone.com\/fr\/wp-json\/wp\/v2\/product_tag?post=790408"}],"curies":[{"name":"wp","href":"https:\/\/api.w.org\/{rel}","templated":true}]}}