{"id":790464,"date":"2026-03-10T21:01:28","date_gmt":"2026-03-10T19:01:28","guid":{"rendered":"https:\/\/neocarbone.com\/?post_type=product&#038;p=790464"},"modified":"2026-03-11T10:06:30","modified_gmt":"2026-03-11T08:06:30","slug":"odijelo-pescador-fire-gray-5mm","status":"publish","type":"product","link":"https:\/\/neocarbone.com\/fr\/product\/odijelo-pescador-fire-gray-5mm\/","title":{"rendered":"Combinaison Pescador Gris Feu \u2013 5 mm"},"content":{"rendered":"<p><strong>Combinaison de plong\u00e9e \u201c\u00a0GRIS FEU\u00a0\u201d Yamamoto - 5 mm<\/strong><\/p>\n<p><strong>Combinaisons de plong\u00e9e Yamamoto \u201c\u00a0Bio\u00a0\u201d en n\u00e9opr\u00e8ne doux pour la peau<\/strong><\/p>\n<ul>\n<li>Les produits en caoutchouc de la soci\u00e9t\u00e9 Yamamoto sont fabriqu\u00e9s en mousse \u00e0 cellules enti\u00e8rement ferm\u00e9es (structure en nid d&#039;abeille), ce qui leur conf\u00e8re d&#039;excellentes qualit\u00e9s d&#039;isolation thermique, une grande flexibilit\u00e9 et une tr\u00e8s faible densit\u00e9 (l\u00e9g\u00e8ret\u00e9).<\/li>\n<li>La soci\u00e9t\u00e9 Yamamoto Corporation peut fournir des mat\u00e9riaux d&#039;excellente qualit\u00e9, aux \u00e9paisseurs appropri\u00e9es, qui r\u00e9pondent aux exigences environnementales et d&#039;utilisation.<\/li>\n<li>Le n\u00e9opr\u00e8ne Yamamoto se distingue par sa r\u00e9sistance et sa flexibilit\u00e9. Le mat\u00e9riau Yamamoto 39 est le plus r\u00e9pandu.<\/li>\n<li>Ce n\u00e9opr\u00e8ne est utilis\u00e9 pour la chasse sous-marine, l&#039;apn\u00e9e, le surf et les triathlons.<\/li>\n<li>Tous les mat\u00e9riaux pr\u00e9sentent les qualit\u00e9s sup\u00e9rieures suivantes\u00a0:<\/li>\n<li>R\u00e9sistance ultra-faible :<\/li>\n<li>r\u00e9tention de chaleur \u00e9lev\u00e9e<\/li>\n<li>L\u00e9ger<\/li>\n<li>Haute durabilit\u00e9<\/li>\n<li>Le confort et le bien-\u00eatre des chasseurs sous-marins ont \u00e9t\u00e9 les principales consid\u00e9rations lors de la conception des combinaisons de plong\u00e9e PESCADOR SUB.<\/li>\n<li>Lorsqu&#039;un p\u00eacheur sous-marin porte une cicatrice anatomique, il peut se d\u00e9placer sous l&#039;eau avec la m\u00eame libert\u00e9 que sans combinaison. Outre le fait qu&#039;elle r\u00e9duit la capacit\u00e9 de la combinaison \u00e0 retenir la chaleur, elle permet de passer des heures dans une eau dont la temp\u00e9rature oscille entre 10 et 15 degr\u00e9s Celsius sans m\u00eame s&#039;en rendre compte.<\/li>\n<li>Gr\u00e2ce \u00e0 sa palette de couleurs camoufl\u00e9es, vous pouvez choisir celle qui vous convient le mieux en fonction du type et de la zone de p\u00eache que vous cr\u00e9ez.<\/li>\n<li>Lorsque vous vous adonnez \u00e0 votre passe-temps, vous ne pensez qu&#039;au poisson qui vous attend pour \u00eatre ramen\u00e9 \u00e0 la maison, car PESCADOR SUB accorde une grande importance \u00e0 tous les facteurs essentiels \u00e0 la cr\u00e9ation de produits d&#039;excellence.<\/li>\n<li>Nous avons des costumes en 1 point : 5 mm, 3 mm, 5 mm, 7 mm et 9 mm.<\/li>\n<li><strong>Tailles : M, L, XL, 2XL, 3XL, 4XL<\/strong><\/li>\n<\/ul>","protected":false},"excerpt":{"rendered":"<p>Wetsuit \u201cFIRE GRAY\u201d Yamamoto \u2013 5mm Wetsuits Yamamoto \u201cBio\u201d Neoprene \u2013 Friendly skin The rubber products from Yamamoto Corporation are made of fully closed-cell foam (honeycomb structure), which offers excellent thermal insulation qualities, high flexibility, and a very low density (lightweight). Yamamoto Corporation can supply excellent, high-quality materials at the appropriate thicknesses that satisfy environmental [&hellip;]<\/p>\n","protected":false},"featured_media":790420,"template":"","meta":{"_et_pb_use_builder":"","_et_pb_old_content":"","_et_gb_content_width":""},"product_brand":[],"product_cat":[54,49,43,170],"product_tag":[],"class_list":{"0":"post-790464","1":"product","2":"type-product","3":"status-publish","4":"has-post-thumbnail","6":"product_cat-novi-proizvodi","7":"product_cat-odijela-5mm","8":"product_cat-odijela-za-podvodni-ribolov","9":"product_cat-pescador","11":"first","12":"instock","13":"shipping-taxable","14":"purchasable","15":"product-type-variable"},"_links":{"self":[{"href":"https:\/\/neocarbone.com\/fr\/wp-json\/wp\/v2\/product\/790464","targetHints":{"allow":["GET"]}}],"collection":[{"href":"https:\/\/neocarbone.com\/fr\/wp-json\/wp\/v2\/product"}],"about":[{"href":"https:\/\/neocarbone.com\/fr\/wp-json\/wp\/v2\/types\/product"}],"wp:featuredmedia":[{"embeddable":true,"href":"https:\/\/neocarbone.com\/fr\/wp-json\/wp\/v2\/media\/790420"}],"wp:attachment":[{"href":"https:\/\/neocarbone.com\/fr\/wp-json\/wp\/v2\/media?parent=790464"}],"wp:term":[{"taxonomy":"product_brand","embeddable":true,"href":"https:\/\/neocarbone.com\/fr\/wp-json\/wp\/v2\/product_brand?post=790464"},{"taxonomy":"product_cat","embeddable":true,"href":"https:\/\/neocarbone.com\/fr\/wp-json\/wp\/v2\/product_cat?post=790464"},{"taxonomy":"product_tag","embeddable":true,"href":"https:\/\/neocarbone.com\/fr\/wp-json\/wp\/v2\/product_tag?post=790464"}],"curies":[{"name":"wp","href":"https:\/\/api.w.org\/{rel}","templated":true}]}}