{"id":790471,"date":"2026-03-10T21:05:41","date_gmt":"2026-03-10T19:05:41","guid":{"rendered":"https:\/\/neocarbone.com\/?post_type=product&#038;p=790471"},"modified":"2026-03-11T10:06:16","modified_gmt":"2026-03-11T08:06:16","slug":"odijelo-pescador-fire-5mm","status":"publish","type":"product","link":"https:\/\/neocarbone.com\/fr\/product\/odijelo-pescador-fire-5mm\/","title":{"rendered":"Combinaison de plong\u00e9e Pescador Fire \u2013 5 mm"},"content":{"rendered":"<p><strong>Combinaison de Chasse sous-marine \u201c FIRE \u201d Yamamoto \u2013 5mm<\/strong><\/p>\n<p><strong>Combinaisons &quot;Bio&quot; N\u00e9opr\u00e8ne Yamamoto - hypoallerg\u00e9nique<\/strong><\/p>\n<ul>\n<li>Les combinaisons Pescador sub utilisent un camouflage 3D utilisant une technique d&#039;impression 3D bas\u00e9e sur des motifs inspir\u00e9s de la nature avec une coupe anatomique de pointe. Ces combinaisons s&#039;adressent \u00e0 ceux qui attendent un camouflage beaucoup plus efficace, s&#039;int\u00e9grant parfaitement \u00e0 l&#039;environnement.<\/li>\n<li>Par exemple, les poissons que nous aimons tant ne sont pas compl\u00e8tement unicolores, 99 % des poissons ont un ventre blanc avec un dos fonc\u00e9. La raison en est que lorsque le poisson est vu d&#039;en bas, il se confond avec la luminosit\u00e9 du ciel et vice versa lorsqu&#039;il est vu d&#039;en haut, se camouflant facilement avec l&#039;obscurit\u00e9 des fonds marins.<\/li>\n<li>La couleur noire \u00ab traditionnelle \u00bb est toujours une silhouette facilement reconnaissable dans l&#039;eau. Un bon exemple sont les phoques, ils ont cette couleur pour absorber efficacement la chaleur froide du soleil pour lutter contre les temp\u00e9raturess dans les environnements glaciales, mais lorsqu&#039;ils entrent dans l&#039;eau, ils deviennet des proies faciles pour les pr\u00e9dateurs en raison de leur silhouette bien d\u00e9finie.<\/li>\n<li>Le r\u00e9alisme 3D utilis\u00e9 par Pescador pr\u00e9sente un effet d&#039;arri\u00e8re-plan adouci, avec une profondeur de champ r\u00e9duite pour am\u00e9liorer l&#039;efficacit\u00e9 du camouflage.<\/li>\n<li>Notre n\u00e9opr\u00e8ne de choix est le Yamamoto 39, consid\u00e9r\u00e9 comme le meilleur au monde pour les combinaisons d&#039;apn\u00e9e, de surf et de triathlon.<\/li>\n<li>Pendant un certain temps, il n&#039;a pas \u00e9t\u00e9 possible d&#039;am\u00e9liorer davantage ce mat\u00e9riel, le Yamamoto, jusqu&#039;\u00e0 ce qu&#039;un mat\u00e9riel externe soit disponible offrant 30 % de flexibilit\u00e9 en plus que les autres mat\u00e9riels actuellement sur le march\u00e9.<\/li>\n<li>Yamamoto 39 est notre meilleur n\u00e9opr\u00e8ne, cr\u00e9\u00e9 par Yamamoto Japon, compos\u00e9 de cellules ferm\u00e9es dans une structure hexagonale techniquement connue sous le nom de HONEYCOMB, qui offre une densit\u00e9 plus faible (moins de poids), une plus grande flexibilit\u00e9 et une excellente isolation thermique sans fuites.<\/li>\n<li>Le n\u00e9opr\u00e8ne utilis\u00e9 dans notre \u00e9quipement Yamamoto pr\u00e9sente les caract\u00e9ristiques suivantes :<\/li>\n<li>\u2013 Mobilit\u00e9 accrue<\/li>\n<li>\u2013 Plus de confort<\/li>\n<li>\u2013 Haute capacit\u00e9 de r\u00e9tention de chaleur<\/li>\n<li>- Lumi\u00e8re<\/li>\n<li>\u2013 Grande durabilit\u00e9<\/li>\n<li>Les combinaisons de p\u00eacheur sont fabriqu\u00e9es dans une grande vari\u00e9t\u00e9 de motifs color\u00e9s pour diff\u00e9rences types d&#039;environnements marins et sous-marins, con\u00e7us avec une coupe anatomique moderne et \u00e0 la pointe de la technologie. L&#039;objectif principal est d&#039;offrir un maximum de confort et de bien-\u00eatre pendant l&#039;utilisation, en permettant une plus grande libert\u00e9 de mouvement et une isolation thermique sup\u00e9rieure.<\/li>\n<li>Pescador valorise tous les points cruciaux, en se concentrant sur l&#039;offre d&#039;un produit d&#039;excellence, en utilisant des mat\u00e9riaux de pointe disponibles sur le march\u00e9 mondial pour garantir un maximum de confort et de plaisir lors de la pratique de votre sport pr\u00e9f\u00e9r\u00e9.<\/li>\n<li>Nos combinaisons sont disponibles en 3 mm, 5 mm, 7 mm, 8 mm et 9 mm<\/li>\n<li><strong>Tailles : M, L, XL, 2XL, 3XL, 4XL<\/strong><\/li>\n<\/ul>","protected":false},"excerpt":{"rendered":"<p>Combinaison de Chasse sous-marine \u201cFIRE\u201d Yamamoto \u2013 5mm Combinaisons \u201cBio\u201d Neopr\u00e8ne Yamamoto \u2013 hypoallerg\u00e9nique Les combinaisons Pescador sub utilisent un camouflage 3D utilisant une technique d\u2019impression 3D bas\u00e9e sur des motifs inspir\u00e9s de la nature avec une coupe anatomique de pointe. Ces combinaisons s\u2019adressent \u00e0 ceux qui attendent un camouflage beaucoup plus efficace, s\u2019int\u00e9grant parfaitement [&hellip;]<\/p>\n","protected":false},"featured_media":790417,"template":"","meta":{"_et_pb_use_builder":"","_et_pb_old_content":"","_et_gb_content_width":""},"product_brand":[],"product_cat":[54,49,43,170],"product_tag":[],"class_list":{"0":"post-790471","1":"product","2":"type-product","3":"status-publish","4":"has-post-thumbnail","6":"product_cat-novi-proizvodi","7":"product_cat-odijela-5mm","8":"product_cat-odijela-za-podvodni-ribolov","9":"product_cat-pescador","11":"first","12":"instock","13":"shipping-taxable","14":"purchasable","15":"product-type-variable"},"_links":{"self":[{"href":"https:\/\/neocarbone.com\/fr\/wp-json\/wp\/v2\/product\/790471","targetHints":{"allow":["GET"]}}],"collection":[{"href":"https:\/\/neocarbone.com\/fr\/wp-json\/wp\/v2\/product"}],"about":[{"href":"https:\/\/neocarbone.com\/fr\/wp-json\/wp\/v2\/types\/product"}],"wp:featuredmedia":[{"embeddable":true,"href":"https:\/\/neocarbone.com\/fr\/wp-json\/wp\/v2\/media\/790417"}],"wp:attachment":[{"href":"https:\/\/neocarbone.com\/fr\/wp-json\/wp\/v2\/media?parent=790471"}],"wp:term":[{"taxonomy":"product_brand","embeddable":true,"href":"https:\/\/neocarbone.com\/fr\/wp-json\/wp\/v2\/product_brand?post=790471"},{"taxonomy":"product_cat","embeddable":true,"href":"https:\/\/neocarbone.com\/fr\/wp-json\/wp\/v2\/product_cat?post=790471"},{"taxonomy":"product_tag","embeddable":true,"href":"https:\/\/neocarbone.com\/fr\/wp-json\/wp\/v2\/product_tag?post=790471"}],"curies":[{"name":"wp","href":"https:\/\/api.w.org\/{rel}","templated":true}]}}