{"id":102110,"date":"2023-04-28T10:48:50","date_gmt":"2023-04-28T08:48:50","guid":{"rendered":"https:\/\/neocarbone.com\/?page_id=102110"},"modified":"2023-04-28T10:50:06","modified_gmt":"2023-04-28T08:50:06","slug":"podaci-o-poslovnom-subjektu-neocarbon-d-o-o","status":"publish","type":"page","link":"https:\/\/neocarbone.com\/it\/podaci-o-poslovnom-subjektu-neocarbon-d-o-o\/","title":{"rendered":"INFORMAZIONI SULL&#039;ENTIT\u00c0 COMMERCIALE NEOCARBON doo"},"content":{"rendered":"<p><\/p>\n\n\n\n<p><strong>Azienda:<\/strong> NEO CARBON doo per il commercio<\/p>\n\n\n\n<p>NEO CARBON doo<\/p>\n\n\n\n<p><strong>OIB:<\/strong> 89500555483<\/p>\n\n\n\n<p><strong>Sede centrale:<\/strong> Via Cetinska 15, Solin (Citt\u00e0 di Solin)<\/p>\n\n\n\n<p><strong>Indirizzo e-mail:<\/strong> stephan@neocarbone.com<\/p>\n\n\n\n<p><strong>Rappresentante autorizzato:<\/strong> STEPHANE CHRISTOPHE MACCHI, OIB: 75262111436<\/p>\n\n\n\n<p>membro del consiglio - amministratore, rappresenta la Societ\u00e0 in modo autonomo e individuale<\/p>\n\n\n\n<p><strong>Tribunale di iscrizione nel registro del tribunale:<\/strong> Tribunale commerciale di Spalato \/ numero \/ Tt-20\/10525-1<\/p>\n\n\n\n<p>MBS: 89500555483<\/p>\n\n\n\n<p>ID UE: HRSR.060399932<\/p>\n\n\n\n<p><strong>Ammontare del capitale sociale della societ\u00e0:<\/strong> 20.000,00 HRK \/ 2.654,46 EUR (tasso di conversione fisso 7,53450)<\/p>\n\n\n\n<p>capitale sociale interamente versato in contanti<\/p>\n\n\n\n<p><strong>Societ\u00e0 e sede delle persone giuridiche presso le quali viene mantenuto il conto commerciale:<\/strong><\/p>\n\n\n\n<p>Privredna banka Zagabria dd, Radni\u010dka cesta 50, 10000 Zagabria, OIB: 02535697732<\/p>\n\n\n\n<p>Conto presso Privredna banka Zagreb dd - IBAN: HR8223400091110988156<\/p>\n\n\n\n<p>SWIFT: PBZGHR2X<\/p>","protected":false},"excerpt":{"rendered":"<p>Tvrtka: NEO CARBON d.o.o. za trgovinu NEO CARBON d.o.o. OIB: 89500555483 Sjedi\u0161te: Cetinska ulica 15, Solin (Grad Solin) Adresa elektroni\u010dke po\u0161te: stephan@neocarbone.com Osobe ovla\u0161tene za zastupanje: STEPHANE CHRISTOPHE MACCHI, &nbsp;OIB: 75262111436 \u010dlan uprave \u2013 direktor, zastupa Dru\u0161tvo samostalno i pojedina\u010dno Sud upisa u sudski registar: Trgova\u010dki sud u Splitu \/ broj \/ Tt-20\/10525-1 MBS: &nbsp;89500555483 [&hellip;]<\/p>\n","protected":false},"author":1,"featured_media":0,"parent":0,"menu_order":0,"comment_status":"closed","ping_status":"closed","template":"","meta":{"_et_pb_use_builder":"off","_et_pb_old_content":"","_et_gb_content_width":"","footnotes":""},"class_list":["post-102110","page","type-page","status-publish","hentry"],"_links":{"self":[{"href":"https:\/\/neocarbone.com\/it\/wp-json\/wp\/v2\/pages\/102110","targetHints":{"allow":["GET"]}}],"collection":[{"href":"https:\/\/neocarbone.com\/it\/wp-json\/wp\/v2\/pages"}],"about":[{"href":"https:\/\/neocarbone.com\/it\/wp-json\/wp\/v2\/types\/page"}],"author":[{"embeddable":true,"href":"https:\/\/neocarbone.com\/it\/wp-json\/wp\/v2\/users\/1"}],"replies":[{"embeddable":true,"href":"https:\/\/neocarbone.com\/it\/wp-json\/wp\/v2\/comments?post=102110"}],"version-history":[{"count":0,"href":"https:\/\/neocarbone.com\/it\/wp-json\/wp\/v2\/pages\/102110\/revisions"}],"wp:attachment":[{"href":"https:\/\/neocarbone.com\/it\/wp-json\/wp\/v2\/media?parent=102110"}],"curies":[{"name":"wp","href":"https:\/\/api.w.org\/{rel}","templated":true}]}}