{"id":102116,"date":"2023-04-28T10:54:35","date_gmt":"2023-04-28T08:54:35","guid":{"rendered":"https:\/\/neocarbone.com\/?page_id=102116"},"modified":"2023-04-28T10:55:16","modified_gmt":"2023-04-28T08:55:16","slug":"opci-uvjeti-poslovanja","status":"publish","type":"page","link":"https:\/\/neocarbone.com\/it\/opci-uvjeti-poslovanja\/","title":{"rendered":"condizioni commerciali generali"},"content":{"rendered":"<strong>CONDIZIONI COMMERCIALI GENERALI<\/strong>\n<strong>DISPOSIZIONI GENERALI<\/strong>\n\n<!-- \/wp:post-content --><!-- wp:paragraph -->\n\nLa societ\u00e0 NEO CARBON doo fornisce un servizio online attraverso il World Wide Web (Internet), ovvero fornendo servizi di informazione e gestione dei contenuti attraverso il proprio sito Web sul dominio <a href=\"https:\/\/neocarbone.com\/it\/\">https:\/\/neocarbone.com<\/a>\n\n<!-- \/wp:paragraph --><!-- wp:paragraph -->\n\nI termini di utilizzo prescrivono le condizioni e le regole per gli utenti finali e si riferiscono all&#039;utilizzo del sito web <a href=\"https:\/\/neocarbone.com\/it\/\">https:\/\/neocarbone.com<\/a>\n\n<!-- \/wp:paragraph --><!-- wp:paragraph -->\n\nUtilizzando il sito Web, gli utenti finali indicano di accettare i presenti Termini e condizioni generali e accettano di utilizzare il sito Web. <a href=\"https:\/\/neocarbone.com\/it\/\">https:\/\/neocarbone.com<\/a> e in accordo con esse. Il diritto di utilizzare il sito web \u00e8 un diritto personale dell&#039;utente finale, e non pu\u00f2 essere trasferito in alcun modo ad altre persone fisiche o giuridiche, n\u00e9 alcun utente \u00e8 autorizzato a registrare altre persone fisiche o giuridiche. L&#039;utente finale \u00e8 personalmente responsabile della protezione della riservatezza delle password, ove esistano come tali. L&#039;utente finale \u00e8 consapevole del fatto che a volte ci sono interruzioni del servizio o eventi che sfuggono al controllo di NEO CARBON doo e accetta che NEO CARBON doo non \u00e8 responsabile per eventuali perdite di dati che possono verificarsi durante la trasmissione di informazioni su Internet. L&#039;Utente finale concorda e accetta che l&#039;accesso al Sito Web possa talvolta essere interrotto, temporaneamente non disponibile o disabilitato.\n\n<!-- \/wp:paragraph --><!-- wp:paragraph -->\n\nLa societ\u00e0 NEO CARBON doo si riserva il diritto di modificare o terminare qualsiasi segmento di attivit\u00e0 in qualsiasi momento, inclusi, a titolo esemplificativo, il contenuto, il tempo di disponibilit\u00e0, nonch\u00e9 l&#039;attrezzatura necessaria per accedere o utilizzare le pagine. Inoltre, la societ\u00e0 NEO CARBON doo pu\u00f2 interrompere l&#039;invio di qualsiasi parte di informazioni o qualsiasi tipo di informazione, pu\u00f2 modificare o interrompere qualsiasi metodo di trasmissione dei dati e pu\u00f2 modificare la velocit\u00e0 di trasmissione dei dati, nonch\u00e9 qualsiasi altra loro caratteristica.\n\n<!-- \/wp:paragraph --><!-- wp:paragraph -->\n\nUtilizzando queste pagine Internet, l&#039;utente finale conferma di conoscere e accettare le Condizioni generali di contratto e d&#039;uso. La societ\u00e0 NEO CARBON doo avvisa l&#039;utente finale: Se non sei d&#039;accordo con i termini di utilizzo e le regole qui indicate o se hai meno di 16 anni, ti preghiamo di astenersi dall&#039;utilizzare questo sito web.\n\n<!-- \/wp:paragraph --><!-- wp:paragraph -->\n\nLa societ\u00e0 NEO CARBON doo si riserva il diritto in qualsiasi momento e senza preavviso, se lo ritiene necessario, di annullare o modificare uno qualsiasi di questi <em>Condizioni generali di contratto e d&#039;uso e\/o Informativa sulla privacy<\/em>. Pertanto, consiglia agli utenti finali di rileggere di volta in volta le informazioni contenute nelle Condizioni generali di contratto e d&#039;uso e nell&#039;Informativa sulla privacy, al fine di rimanere informati di tali modifiche. L&#039;uso continuato del sito Web anche dopo la pubblicazione su Internet delle nuove condizioni generali di contratto e di utilizzo modificate, ovvero l&#039;informativa sulla privacy, implica l&#039;accettazione delle modifiche da parte dell&#039;utente finale.\n\n<!-- \/wp:paragraph --><!-- wp:paragraph -->\n\nL&#039;utente finale \u00e8 responsabile dell&#039;acquisizione e della manutenzione delle proprie apparecchiature informatiche, inclusi tutti i software e gli hardware che possiede e utilizza, nonch\u00e9 di altre apparecchiature necessarie per accedere e utilizzare queste pagine Internet e tutti i relativi costi. La societ\u00e0 NEO CARBON doo non \u00e8 responsabile per eventuali danni alle apparecchiature dell&#039;utente finale che possono verificarsi a seguito dell&#039;utilizzo di questi siti web.\n\n<!-- \/wp:paragraph --><!-- wp:paragraph -->\n\nQuesto sito web \u00e8 di propriet\u00e0 privata. Tutte le comunicazioni e interazioni reciproche che avvengono attraverso queste pagine Internet devono essere conformi alle presenti Condizioni generali di contratto e d&#039;uso. Gli utenti finali non possono pubblicare o trasmettere attraverso questo sito web qualsiasi materiale che minacci, o in qualsiasi modo violi i diritti degli altri, qualsiasi materiale che sia per sua natura illegale, minaccioso, offensivo, diffamatorio, che violi o metta in pericolo la privacy, che sia volgare, osceno, o altrimenti indesiderabile nella comunicazione misurata, che incoraggia attivit\u00e0 illegali, o viola in altro modo qualsiasi regolamento e che, senza l&#039;espressa, previa approvazione scritta di NEO CARBON doo, contiene pubblicit\u00e0 o offerte di qualsiasi prodotto e servizio. L&#039;utente finale non pu\u00f2 utilizzare questo sito Web per pubblicizzare o svolgere alcuna promozione commerciale, religiosa, politica o non commerciale.\n\n<!-- \/wp:paragraph --><!-- wp:paragraph -->\n\nTutti i materiali trovati su <a href=\"https:\/\/neocarbone.com\/it\/\">https:\/\/neocarbone.com<\/a> Il sito web \u00e8 di propriet\u00e0 esclusiva della societ\u00e0 NEO CARBON doo, o viene utilizzato con l&#039;espressa autorizzazione del titolare del copyright e del titolare dei diritti di marchio e\/o design. QUALSIASI COPIA, DISTRIBUZIONE, TRASMISSIONE, PUBBLICAZIONE, COLLEGAMENTO, DEEP LINKING O ALTRO MODIFICA DI QUESTE PAGINE INTERNET SENZA L&#039;ESPRESSA AUTORIZZAZIONE SCRITTA DELLA SOCIET\u00c0 NEO CARBON DOO \u00c8 SEVERAMENTE VIETATA! La violazione delle Condizioni generali di contratto e d&#039;uso pu\u00f2 comportare l&#039;avvio di procedimenti legali e\/o procedimenti penali contro l&#039;autore per la violazione dei diritti d&#039;autore, dei diritti sui marchi o di qualsiasi altra forma di propriet\u00e0 intellettuale.\n\n<!-- \/wp:paragraph --><!-- wp:paragraph -->\n\nIl sito Web contiene materiali protetti da copyright, marchi, design e altre informazioni coperte da altri diritti di persone fisiche o giuridiche, inclusi, a titolo esemplificativo ma non esaustivo, testi, software, foto, materiali video, grafica, musica, suoni, nonch\u00e9 come l&#039;intero contenuto delle pagine Internet <a href=\"https:\/\/neocarbone.com\/it\/\">https:\/\/neocarbone.com<\/a> , e in conformit\u00e0 con le norme della Repubblica di Croazia. L&#039;utente finale non pu\u00f2 modificare, pubblicare, trasferire, partecipare al trasferimento o alla vendita, creare derivati o sfruttare in alcun modo qualsiasi contenuto, in tutto o in parte. L&#039;utente finale pu\u00f2 scaricare, stampare e salvare i materiali protetti da copyright solo per uso personale. La copia, la ridistribuzione, la ritrasmissione, la pubblicazione o lo sfruttamento commerciale del materiale scaricato non \u00e8 consentito senza l&#039;espressa autorizzazione scritta di NEO CARBON doo e del detentore del copyright.\n\n<!-- \/wp:paragraph --><!-- wp:paragraph -->\n\nL&#039;utente finale non pu\u00f2 pubblicare, pubblicare o altrimenti rendere disponibile su questo sito qualsiasi materiale soggetto a copyright, marchio o altri diritti di propriet\u00e0 intellettuale, senza l&#039;espressa autorizzazione del titolare di tali diritti. La societ\u00e0 NEO CARBON doo non ha alcun obbligo di informare l&#039;utente finale o di aiutarlo a determinare se qualsiasi materiale \u00e8 soggetto a copyright. L&#039;utente finale \u00e8 l&#039;unico ed esclusivo responsabile per i danni che possono derivare da violazioni del copyright, uso improprio di marchi e altri diritti di propriet\u00e0 intellettuale, o eventuali problemi derivanti dalla pubblicazione di tali materiali. Inserendo materiali su qualsiasi parte pubblicamente accessibile di questo sito Web, l&#039;utente finale dichiara di essere il titolare dei diritti su tali materiali e di concedere espressamente alla societ\u00e0 NEO CARBON doo un tempo e spazialmente illimitato, libero, permanente, irrevocabile, non -diritto esclusivo e licenza d&#039;uso, riproduzione, modifica, adattamento, pubblicazione, traduzione e distribuzione di tale materiale (in tutto o in parte). L&#039;Utente finale concede inoltre ad altri Utenti finali il diritto di accedere, visualizzare, salvare o riprodurre tale materiale per uso personale. L&#039;utente finale concede a NEO CARBON doo il diritto di modificare, copiare, pubblicare e distribuire qualsiasi materiale che l&#039;utente finale mette a disposizione sul sito web. <a href=\"https:\/\/neocarbone.com\/it\/\">https:\/\/neocarbone.com<\/a>\n\n<!-- \/wp:paragraph --><!-- wp:paragraph -->\n\nL&#039;utente finale acconsente espressamente all&#039;utilizzo del sito Internet <a href=\"https:\/\/neocarbone.com\/it\/\">https:\/\/neocarbone.com<\/a> esclusivamente sotto la responsabilit\u00e0 dell&#039;utente finale, quindi la societ\u00e0 NEO CARBON doo non garantisce\n\n<!-- \/wp:paragraph --><!-- wp:list {\"ordered\":true,\"type\":\"a\"} -->\n<ol type=\"a\">\n \t<li>PER LE CONSEGUENZE CHE POSSONO DERIVARE DALL&#039;UTILIZZO DI QUESTO SITO WEB, OPPURE<\/li>\n \t<li>PER L&#039;ACCURATEZZA, L&#039;AFFIDABILIT\u00c0 O IL CONTENUTO DI QUALSIASI INFORMAZIONE, SERVIZIO O BENE FORNITO ATTRAVERSO QUESTO SITO WEB.<\/li>\n<\/ol>\n<!-- \/wp:list --><!-- wp:paragraph -->\n\nLa responsabilit\u00e0 dell&#039;utente finale si riferisce a tutti i danni, o possibili lesioni, causati da qualsiasi errore, omissione, interruzione, cancellazione, malfunzionamento, ritardo nel funzionamento o nella trasmissione, virus informatico, interruzione della linea di comunicazione, furto, distruzione o accesso non autorizzato, alterazione o uso improprio dei registri. , risoluzione del contratto, comportamento inappropriato, negligenza o qualsiasi altra azione. L&#039;utente finale conferma espressamente che la societ\u00e0 NEO CARBON doo non \u00e8 responsabile per il comportamento offensivo, inappropriato o illegale dell&#039;utente finale o di terzi e che il rischio di danni che potrebbero derivare da quanto sopra \u00e8 interamente a carico dell&#039;utente finale .\n\n<!-- \/wp:paragraph --><!-- wp:paragraph -->\n\nIn nessun caso la societ\u00e0 NEO CARBON doo sar\u00e0 responsabile per eventuali danni che potrebbero verificarsi a seguito dell&#039;utilizzo o dell&#039;impossibilit\u00e0 di utilizzare questo sito web. L&#039;utente finale conferma espressamente che i termini di questo capitolo si applicano all&#039;intero contenuto del sito web.\n\n<!-- \/wp:paragraph --><!-- wp:paragraph -->\n\nOltre alle suddette condizioni, la societ\u00e0 NEO CARBON doo non sar\u00e0 responsabile, indipendentemente dalla causa o dalla durata, per eventuali errori, inesattezze o altri difetti, inadeguatezza o non originalit\u00e0 delle informazioni contenute in questo sito Web, nonch\u00e9 per qualsiasi ritardo o interruzione nella trasmissione delle informazioni all&#039;utente finale, per eventuali reclami o perdite che ne derivano. NEO CARBON doo non sar\u00e0 responsabile per eventuali reclami o perdite di terzi, inclusi i mancati profitti.\n\n<!-- \/wp:paragraph --><!-- wp:paragraph -->\n\nLa societ\u00e0 NEO CARBON doo non \u00e8 responsabile per qualsiasi contenuto che un utente, abbonato o utente non autorizzato possa pubblicare sul sito web. La societ\u00e0 NEO CARBON doo si riserva il diritto di cambiare, adattare, modificare, eliminare o rimuovere qualsiasi contenuto che ritenga inappropriato.\n\n<!-- \/wp:paragraph --><!-- wp:paragraph -->\n\nL&#039;utente finale conferma che tutte le discussioni, valutazioni, commenti e messaggi privati sono pubblicati sul sito web <a href=\"https:\/\/neocarbone.com\/it\/\">https:\/\/neocarbone.com<\/a> e pagine di social network, di natura pubblica e non privata, e che pertanto i dipendenti della societ\u00e0 NEO CARBON doo possono monitorare le descritte comunicazioni degli utenti finali a loro insaputa ed esplicita autorizzazione.\n\n<!-- \/wp:paragraph --><!-- wp:paragraph -->\n\nL&#039;utente finale accetta di indennizzare e non riterr\u00e0 NEO CARBON doo responsabile per tutte le richieste di risarcimento danni e costi, inclusi i costi di rappresentanza legale, che potrebbero derivare dall&#039;uso di queste pagine Internet da parte dell&#039;utente finale.\n\n<!-- \/wp:paragraph --><!-- wp:paragraph -->\n\nNEO CARBON doo pu\u00f2 interrompere il rapporto commerciale con uno qualsiasi dei suoi utenti finali in qualsiasi momento. NEO CARBON doo si riserva il diritto di cancellare immediatamente qualsiasi password o account utente dell&#039;utente finale in caso di qualsiasi comportamento dell&#039;utente finale che NEO CARBON doo, a sua discrezione, consideri inaccettabile, cos\u00ec come in ogni caso di non conformit\u00e0 alle Condizioni Generali di Contratto e di Utilizzo da parte dell&#039;utente finale.\n\n<!-- \/wp:paragraph --><!-- wp:paragraph -->\n\nL&#039;utente pu\u00f2 inviare le sue richieste e commenti per iscritto, per posta o e-mail, e NEO CARBON doo invier\u00e0 una risposta scritta per posta o e-mail entro il termine legale.\n\n<!-- \/wp:paragraph --><!-- wp:paragraph -->\n\nNEO CARBON e Neo Carbone \u00e8 un marchio figurativamente e verbalmente registrato della societ\u00e0 NEO CARBON doo presso le autorit\u00e0 croate e internazionali autorizzate, e pertanto tutti i diritti in relazione a questo marchio sono espressamente riservati.\n\n<!-- \/wp:paragraph --><!-- wp:paragraph -->\n\n<a href=\"https:\/\/neocarbone.com\/it\/\">https:\/\/neocarbone.com<\/a> \u00e8 il dominio registrato di NEO CARBON doo\n\n<!-- \/wp:paragraph --><!-- wp:paragraph -->\n\nLa societ\u00e0 NEO CARBON doo \u00e8 un distributore (non un editore) di contenuti forniti da terzi e utenti finali. La societ\u00e0 NEO CARBON doo non garantisce l&#039;accuratezza, la completezza o l&#039;utilit\u00e0 di qualsiasi contenuto, cos\u00ec come la sua vendibilit\u00e0 o idoneit\u00e0 per qualsiasi scopo particolare.\n\n<!-- \/wp:paragraph --><!-- wp:paragraph -->\n\nLa societ\u00e0 NEO CARBON doo non \u00e8 responsabile per l&#039;accuratezza o l&#039;affidabilit\u00e0 di qualsiasi opinione, consiglio o dichiarazione pubblicata su <a href=\"https:\/\/neocarbone.com\/it\/\">https:\/\/neocarbone.com<\/a> sito Web, da chiunque non sia una persona autorizzata della societ\u00e0 NEO CARBON doo In nessun caso la societ\u00e0 NEO CARBON doo sar\u00e0 responsabile per eventuali perdite o danni causati dal fatto che l&#039;utente finale ha fatto affidamento su informazioni ottenute tramite <a href=\"https:\/\/neocarbone.com\/it\/\">https:\/\/neocarbone.com<\/a> pagine internet. \u00c8 esclusiva responsabilit\u00e0 dell&#039;utente finale valutare l&#039;accuratezza, la completezza o l&#039;utilit\u00e0 di qualsiasi informazione, opinione, opinione, consiglio o altro contenuto disponibile tramite <a href=\"https:\/\/neocarbone.com\/it\/\">https:\/\/neocarbone.com<\/a> Pagine Internet. La sede della NEO CARBON doo \u00e8 a Solin (Cetinska 15), nella Repubblica di Croazia. Le controversie legali che potrebbero sorgere in seguito all&#039;utilizzo di queste pagine Internet (se non diversamente stabilito in un contratto separato) sono sotto la giurisdizione del tribunale di Spalato e vengono risolte in conformit\u00e0 con le norme positive della Repubblica di Croazia. Utilizzando queste pagine Internet, l&#039;utente finale accetta che qualsiasi controversia o richiesta derivante da o correlata a questi Termini e Condizioni Generali o alla loro implementazione, nonch\u00e9 ai rapporti commerciali con NEO CARBON doo, sia sotto la giurisdizione del tribunale di Spalato.\n\n<!-- \/wp:paragraph --><!-- wp:paragraph -->\n\nL&#039;utente finale comprende sia le persone fisiche che giuridiche e tutti coloro che sono dotati di personalit\u00e0 giuridica. Per una migliore comprensione, \u00e8 necessario sottolineare che i diritti della legge sulla protezione dei consumatori si riferiscono solo al consumatore secondo la definizione di tale legge: &quot;qualsiasi persona fisica che conclude un negozio giuridico o opera sul mercato al di fuori della sua attivit\u00e0 commerciale, imprenditoriale, artigianale o professionale\u201d.\n\n<!-- \/wp:paragraph --><!-- wp:paragraph -->\n\nNel seguente testo delle Condizioni Generali, per maggiore chiarezza e comprensione del testo, verr\u00e0 utilizzato il termine Cliente anzich\u00e9 il termine Utente Finale quando sia stato concluso un Contratto di Acquisto tra l&#039;Utente Finale e NEO CARBON doo , mentre per i destinatari di messaggi promozionali e\/o newsletter di NEO CARBON doo sar\u00e0 utilizzato il termine Utente. Inoltre, per lo stesso motivo, invece del termine NEO CARBON doo, verr\u00e0 utilizzato il termine NEO CARBON o Neo Carbone come nome del negozio Internet o del sito web. NEO CARBON o NEO CARBON doo in lettere maiuscole o minuscole e loro combinazioni sono considerati gli stessi termini.","protected":false},"excerpt":{"rendered":"<p>OP\u0106I UVJETI POSLOVANJA OP\u0106E ODREDBE Tvrtka NEO CARBON d.o.o. pru\u017ea online uslugu putem World Wide Web mre\u017ee (Internet), odnosno pru\u017eanja informacijskih usluga i upravljanja sadr\u017eajem preko svoje internet stranice na domeni https:\/\/neocarbone.com Uvjeti kori\u0161tenja propisuju uvjete i pravila za krajnje korisnike i odnose se na kori\u0161tenje Internetske stranice https:\/\/neocarbone.com Kori\u0161tenjem Internetske stranice krajnji korisnici iskazuju [&hellip;]<\/p>\n","protected":false},"author":1,"featured_media":0,"parent":0,"menu_order":0,"comment_status":"closed","ping_status":"closed","template":"","meta":{"_et_pb_use_builder":"off","_et_pb_old_content":"","_et_gb_content_width":"","footnotes":""},"class_list":["post-102116","page","type-page","status-publish","hentry"],"_links":{"self":[{"href":"https:\/\/neocarbone.com\/it\/wp-json\/wp\/v2\/pages\/102116","targetHints":{"allow":["GET"]}}],"collection":[{"href":"https:\/\/neocarbone.com\/it\/wp-json\/wp\/v2\/pages"}],"about":[{"href":"https:\/\/neocarbone.com\/it\/wp-json\/wp\/v2\/types\/page"}],"author":[{"embeddable":true,"href":"https:\/\/neocarbone.com\/it\/wp-json\/wp\/v2\/users\/1"}],"replies":[{"embeddable":true,"href":"https:\/\/neocarbone.com\/it\/wp-json\/wp\/v2\/comments?post=102116"}],"version-history":[{"count":0,"href":"https:\/\/neocarbone.com\/it\/wp-json\/wp\/v2\/pages\/102116\/revisions"}],"wp:attachment":[{"href":"https:\/\/neocarbone.com\/it\/wp-json\/wp\/v2\/media?parent=102116"}],"curies":[{"name":"wp","href":"https:\/\/api.w.org\/{rel}","templated":true}]}}