{"id":102129,"date":"2023-04-28T11:14:49","date_gmt":"2023-04-28T09:14:49","guid":{"rendered":"https:\/\/neocarbone.com\/?page_id=102129"},"modified":"2023-04-28T11:15:10","modified_gmt":"2023-04-28T09:15:10","slug":"kako-naruciti-proizvode","status":"publish","type":"page","link":"https:\/\/neocarbone.com\/it\/kako-naruciti-proizvode\/","title":{"rendered":"Come ordinare i prodotti"},"content":{"rendered":"<p><strong>Come ordinare i prodotti su <a href=\"https:\/\/neocarbone.com\/it\/\">https:\/\/neocarbone.com<\/a><\/strong><\/p>\n\n\n\n<p>Ordinare i prodotti nel nostro negozio online richiede solo pochi passaggi.<br><br><\/p>\n\n\n\n<p><strong>Passaggio 1 \u2013 Selezione del prodotto<\/strong><br>Nel negozio, selezioni il prodotto che desideri ordinare.<\/p>\n\n\n\n<p>Quindi fare clic su &quot;Aggiungi al carrello&quot;.<\/p>\n\n\n\n<p>Cliccando sul carrello, il tuo carrello verr\u00e0 visualizzato con il prodotto selezionato &quot;Il mio carrello&quot;.<\/p>\n\n\n\n<p>Se vuoi continuare ad acquistare altri prodotti, clicca sulla &quot;X&quot; in alto a destra e continua lo shopping aggiungendo il prodotto al carrello.<\/p>\n\n\n\n<p>Nella panoramica del carrello, puoi modificare la quantit\u00e0 dei prodotti che hai selezionato (con &quot;+&quot; o &quot;-&quot;), e nel caso in cui non desideri il prodotto selezionato (taglia, modello, ecc.), puoi svuotare carrello cliccando sulla piccola &quot;x&quot; accanto al nome del prodotto.<\/p>\n\n\n\n<p><em>Opzione: se disponi di un codice sconto o di un coupon, inseriscilo nel campo &quot;Inserisci codice sconto&quot; e fai clic su &quot;Applica&quot;. Se non disponi di un codice buono sconto, lascia vuoto il campo &quot;Inserisci codice sconto&quot;. Puoi anche inserire il codice nel passaggio successivo.<\/em><\/p>\n\n\n\n<p>Se non desideri acquistare altri prodotti, fai un ulteriore passo avanti e fai clic su &quot;Acquista ora&quot;.<\/p>\n\n\n\n<p><strong>Passaggio 2: informazioni sull&#039;ordine e sul pagamento<\/strong><\/p>\n\n\n\n<p><em>Opzione: Se hai un buono sconto, clicca nel campo &quot;Hai un buono?&quot;&nbsp;<\/em><a href=\"https:\/\/medicotehna.hr\/checkout\/\"><em>Clicca qui per inserire il coupon<\/em><\/a><em>&quot;. Si aprir\u00e0 un campo per l&#039;inserimento del codice coupon, inserire il codice coupon e fare clic sul pulsante &quot;Applica coupon&quot;. Se non disponi di un codice coupon per uno sconto, lascia questi campi vuoti.<\/em><\/p>\n\n\n\n<p>Inserisci i dati corretti e necessari per la consegna del prodotto in tutti i campi forniti dalla colonna di sinistra. I campi contrassegnati da un asterisco (*) sono obbligatori e devono essere compilati.<\/p>\n\n\n\n<p>Se hai bisogno di una fattura R1 quando effettui un acquisto, inserisci le informazioni richieste per emettere una fattura R1.<\/p>\n\n\n\n<p>Se vuoi aggiungere una nota al tuo ordine, puoi inserire la tua nota nel campo &quot;INFORMAZIONI AGGIUNTIVE&quot;.<\/p>\n\n\n\n<p>Nella colonna di destra ci sono informazioni sui prodotti del tuo ordine e devi scegliere un metodo di pagamento.<\/p>\n\n\n\n<p>Scegli il metodo di pagamento che desideri e clicca sul pulsante &quot;ORDINA&quot;<\/p>\n\n\n\n<p>Se hai completato con successo il processo di ordinazione del prodotto, si aprir\u00e0 una pagina dati con i dettagli del tuo ordine. Riceverai informazioni e un codice sul tuo ordine all&#039;e-mail che hai inserito. Salva questo messaggio e-mail finch\u00e9 non ricevi il prodotto e la fattura.<\/p>\n\n\n\n<p>Se hai scelto di pagare tramite la tua banca alla nostra banca, \u00e8 necessario effettuare il pagamento in base alle informazioni di pagamento fornite e, dopo aver ricevuto il pagamento, invieremo il prodotto al tuo indirizzo che hai inserito al momento dell&#039;ordine del prodotto.<\/p>\n\n\n\n<p>Se hai scelto &quot;Pagamento alla consegna&quot;, invieremo il prodotto al tuo indirizzo che hai inserito al momento dell&#039;ordine del prodotto, e pagherai lo stesso in contanti al corriere pi\u00f9 le spese di consegna.&nbsp;<\/p>\n\n\n\n<p>Ci auguriamo che queste istruzioni ti siano state utili e che tu abbia completato con successo il tuo ordine. Se hai ulteriori domande, non esitare a contattarci e puoi anche scegliere un altro modo per ordinare il prodotto per telefono o e-mail <a href=\"mailto:info@neocarbone.com\">info@neocarbone.com<\/a><\/p>","protected":false},"excerpt":{"rendered":"<p>Kako naru\u010diti proizvode na https:\/\/neocarbone.com Za narud\u017ebu proizvoda u na\u0161oj web trgovini potrebno je samo nekoliko koraka. 1. korak \u2013 Odabir proizvodaU trgovini odaberete proizvod koji \u017eelite naru\u010diti. Zatim kliknite na &#8220;Dodajte u ko\u0161aricu&#8221;. Klikom na ko\u0161aricu, prikazat \u0107e se va\u0161a ko\u0161arica s odabranim proizvodom \u201eMy cart\u201c. Ako \u017eelite nastaviti kupnju drugih proizvoda, kliknite na [&hellip;]<\/p>\n","protected":false},"author":1,"featured_media":0,"parent":0,"menu_order":0,"comment_status":"closed","ping_status":"closed","template":"","meta":{"_et_pb_use_builder":"off","_et_pb_old_content":"","_et_gb_content_width":"","footnotes":""},"class_list":["post-102129","page","type-page","status-publish","hentry"],"_links":{"self":[{"href":"https:\/\/neocarbone.com\/it\/wp-json\/wp\/v2\/pages\/102129","targetHints":{"allow":["GET"]}}],"collection":[{"href":"https:\/\/neocarbone.com\/it\/wp-json\/wp\/v2\/pages"}],"about":[{"href":"https:\/\/neocarbone.com\/it\/wp-json\/wp\/v2\/types\/page"}],"author":[{"embeddable":true,"href":"https:\/\/neocarbone.com\/it\/wp-json\/wp\/v2\/users\/1"}],"replies":[{"embeddable":true,"href":"https:\/\/neocarbone.com\/it\/wp-json\/wp\/v2\/comments?post=102129"}],"version-history":[{"count":0,"href":"https:\/\/neocarbone.com\/it\/wp-json\/wp\/v2\/pages\/102129\/revisions"}],"wp:attachment":[{"href":"https:\/\/neocarbone.com\/it\/wp-json\/wp\/v2\/media?parent=102129"}],"curies":[{"name":"wp","href":"https:\/\/api.w.org\/{rel}","templated":true}]}}