{"id":100038,"date":"2023-04-26T12:49:16","date_gmt":"2023-04-26T10:49:16","guid":{"rendered":"https:\/\/neocarbone.com\/?post_type=product&#038;p=100038"},"modified":"2025-11-30T12:06:22","modified_gmt":"2025-11-30T10:06:22","slug":"odijelo-red-fusion-3mm","status":"publish","type":"product","link":"https:\/\/neocarbone.com\/it\/product\/odijelo-red-fusion-3mm\/","title":{"rendered":"Tuta Red Fusion 3mm"},"content":{"rendered":"<ul>\n<li>Neoprene Yamamoto\u00ae 039,<\/li>\n<li>Camo poliestere spandex 019 serigrafia esterna \/ apertura interna a celle aperte,<\/li>\n<li>Taglio ergonomico e preformato di gambe e maniche,<\/li>\n<li>SCS * polsi, caviglie e maniche del cappuccio,<\/li>\n<li>Protezione di tipo PowerTex sulle ginocchia,<\/li>\n<li>Cuscino in neoprene da 5 mm con rivestimento in PowerTex,<\/li>\n<li>Coda di castoro a doppia faccia Chiusura al fondo della giacca.<\/li>\n<\/ul>","protected":false},"excerpt":{"rendered":"<p>Neoprene Yamamoto\u00ae 039, serigrafia esterna in poliestere spandex 019 mimetico\/apertura interna a cellule aperte, taglio ergonomico e preformato di gambe e maniche, maniche SCS* su polsi, caviglie e cappuccio, protezione ginocchia tipo PowerTex, cuscino in neoprene da 5 mm con Fodera in PowerTex, coda di castoro double-face. Chiusura sul fondo della giacca.<\/p>","protected":false},"featured_media":100100,"template":"","meta":{"_et_pb_use_builder":"off","_et_pb_old_content":"<ul>\r\n \t<li>Neoprene Yamamoto\u00ae 039,<\/li>\r\n \t<li>Camo poliester spandex 019 sitotisak vanjski \/open cell unutarnji otvor,<\/li>\r\n \t<li>Ergonomski i predoblikovan kroj nogavica i rukava,<\/li>\r\n \t<li>SCS * rukavi do zape\u0161\u0107a, gle\u017enjeva i kapulja\u010de,<\/li>\r\n \t<li>PowerTex-tip za\u0161tite na koljenima,<\/li>\r\n \t<li>5 mm jastuk od neoprena s poklopcem PowerTex,<\/li>\r\n \t<li>Dabrov rep dvostruki obostrani.Kop\u010danje na dnu jakne.<\/li>\r\n<\/ul>","_et_gb_content_width":""},"product_brand":[],"product_cat":[44,43],"product_tag":[],"class_list":{"0":"post-100038","1":"product","2":"type-product","3":"status-publish","4":"has-post-thumbnail","6":"product_cat-odijela-3mm","7":"product_cat-odijela-za-podvodni-ribolov","9":"first","10":"instock","11":"shipping-taxable","12":"purchasable","13":"product-type-variable"},"_links":{"self":[{"href":"https:\/\/neocarbone.com\/it\/wp-json\/wp\/v2\/product\/100038","targetHints":{"allow":["GET"]}}],"collection":[{"href":"https:\/\/neocarbone.com\/it\/wp-json\/wp\/v2\/product"}],"about":[{"href":"https:\/\/neocarbone.com\/it\/wp-json\/wp\/v2\/types\/product"}],"wp:featuredmedia":[{"embeddable":true,"href":"https:\/\/neocarbone.com\/it\/wp-json\/wp\/v2\/media\/100100"}],"wp:attachment":[{"href":"https:\/\/neocarbone.com\/it\/wp-json\/wp\/v2\/media?parent=100038"}],"wp:term":[{"taxonomy":"product_brand","embeddable":true,"href":"https:\/\/neocarbone.com\/it\/wp-json\/wp\/v2\/product_brand?post=100038"},{"taxonomy":"product_cat","embeddable":true,"href":"https:\/\/neocarbone.com\/it\/wp-json\/wp\/v2\/product_cat?post=100038"},{"taxonomy":"product_tag","embeddable":true,"href":"https:\/\/neocarbone.com\/it\/wp-json\/wp\/v2\/product_tag?post=100038"}],"curies":[{"name":"wp","href":"https:\/\/api.w.org\/{rel}","templated":true}]}}