{"id":100049,"date":"2023-04-26T12:49:18","date_gmt":"2023-04-26T10:49:18","guid":{"rendered":"https:\/\/neocarbone.com\/?post_type=product&#038;p=100049"},"modified":"2023-05-04T00:20:05","modified_gmt":"2023-05-03T22:20:05","slug":"odijelo-red-fusion-7mm-5mm","status":"publish","type":"product","link":"https:\/\/neocarbone.com\/it\/product\/odijelo-red-fusion-7mm-5mm\/","title":{"rendered":"Tuta Red Fusion 7mm\/5mm"},"content":{"rendered":"<ul>\n<li>Questa \u00e8 una combinazione di una giacca da 7 mm e pantaloni spessi 5 mm,<\/li>\n<li>Neoprene Yamamoto\u00ae 039,<\/li>\n<li>Camo poliestere spandex 019 serigrafia esterna \/ apertura interna a celle aperte,<\/li>\n<li>Taglio ergonomico e preformato di gambe e maniche,<\/li>\n<li>SCS * polsi, caviglie e maniche del cappuccio,<\/li>\n<li>Protezione di tipo PowerTex sulle ginocchia,<\/li>\n<li>Cuscino in neoprene da 5 mm con rivestimento in PowerTex,<\/li>\n<li>Coda di castoro bifacciale,<\/li>\n<li>Chiusura sul fondo della giacca.<\/li>\n<\/ul>","protected":false},"excerpt":{"rendered":"<p>Ovo je kombinacija jakne od 7mm i visokih hla\u010da od 5mm debljine, Neoprene Yamamoto\u00ae 039, Camo poliester spandex 019 sitotisak vanjski \/open cell unutarnji otvor, Ergonomski i predoblikovan kroj nogavica i rukava, SCS * rukavi do zape\u0161\u0107a, gle\u017enjeva i kapulja\u010de, PowerTex-tip za\u0161tite na koljenima, 5 mm jastuk od neoprena s poklopcem PowerTex, Dabrov rep dvostruki [&hellip;]<\/p>\n","protected":false},"featured_media":100141,"template":"","meta":{"_et_pb_use_builder":"","_et_pb_old_content":"","_et_gb_content_width":""},"product_brand":[],"product_cat":[49,50,43],"product_tag":[],"class_list":{"0":"post-100049","1":"product","2":"type-product","3":"status-publish","4":"has-post-thumbnail","6":"product_cat-odijela-5mm","7":"product_cat-odijela-7mm","8":"product_cat-odijela-za-podvodni-ribolov","10":"first","11":"instock","12":"shipping-taxable","13":"purchasable","14":"product-type-variable"},"_links":{"self":[{"href":"https:\/\/neocarbone.com\/it\/wp-json\/wp\/v2\/product\/100049","targetHints":{"allow":["GET"]}}],"collection":[{"href":"https:\/\/neocarbone.com\/it\/wp-json\/wp\/v2\/product"}],"about":[{"href":"https:\/\/neocarbone.com\/it\/wp-json\/wp\/v2\/types\/product"}],"wp:featuredmedia":[{"embeddable":true,"href":"https:\/\/neocarbone.com\/it\/wp-json\/wp\/v2\/media\/100141"}],"wp:attachment":[{"href":"https:\/\/neocarbone.com\/it\/wp-json\/wp\/v2\/media?parent=100049"}],"wp:term":[{"taxonomy":"product_brand","embeddable":true,"href":"https:\/\/neocarbone.com\/it\/wp-json\/wp\/v2\/product_brand?post=100049"},{"taxonomy":"product_cat","embeddable":true,"href":"https:\/\/neocarbone.com\/it\/wp-json\/wp\/v2\/product_cat?post=100049"},{"taxonomy":"product_tag","embeddable":true,"href":"https:\/\/neocarbone.com\/it\/wp-json\/wp\/v2\/product_tag?post=100049"}],"curies":[{"name":"wp","href":"https:\/\/api.w.org\/{rel}","templated":true}]}}