{"id":100053,"date":"2023-04-26T12:49:18","date_gmt":"2023-04-26T10:49:18","guid":{"rendered":"https:\/\/neocarbone.com\/?post_type=product&#038;p=100053"},"modified":"2023-04-26T12:56:10","modified_gmt":"2023-04-26T10:56:10","slug":"odijelo-shadow-camo-5mm","status":"publish","type":"product","link":"https:\/\/neocarbone.com\/it\/product\/odijelo-shadow-camo-5mm\/","title":{"rendered":"Tuta mimetica Shadow 5mm"},"content":{"rendered":"<ul>\n<li>Neoprene FORTE,<\/li>\n<li>Camo poliestere spandex 019 serigrafia esterna \/ apertura interna a celle aperte,<\/li>\n<li>Taglio ergonomico e preformato di gambe e maniche,<\/li>\n<li>SCS * polsi, caviglie e maniche del cappuccio,<\/li>\n<li>Protezione di tipo PowerTex sulle ginocchia,<\/li>\n<li>Cuscino in neoprene da 5 mm con rivestimento in PowerTex,<\/li>\n<li>Coda di castoro a doppia faccia Chiusura al fondo della giacca.<\/li>\n<\/ul>","protected":false},"excerpt":{"rendered":"<p>Neoprene JAKO, Camo poliester spandex 019 sitotisak vanjski \/open cell unutarnji otvor, Ergonomski i predoblikovan kroj nogavica i rukava, SCS * rukavi do zape\u0161\u0107a, gle\u017enjeva i kapulja\u010de, PowerTex-tip za\u0161tite na koljenima, 5 mm jastuk od neoprena s poklopcem PowerTex, Dabrov rep dvostruki obostrani.Kop\u010danje na dnu jakne.<\/p>","protected":false},"featured_media":100092,"template":"","meta":{"_et_pb_use_builder":"","_et_pb_old_content":"","_et_gb_content_width":""},"product_brand":[],"product_cat":[49,43],"product_tag":[],"class_list":{"0":"post-100053","1":"product","2":"type-product","3":"status-publish","4":"has-post-thumbnail","6":"product_cat-odijela-5mm","7":"product_cat-odijela-za-podvodni-ribolov","9":"first","10":"instock","11":"shipping-taxable","12":"purchasable","13":"product-type-variable"},"_links":{"self":[{"href":"https:\/\/neocarbone.com\/it\/wp-json\/wp\/v2\/product\/100053","targetHints":{"allow":["GET"]}}],"collection":[{"href":"https:\/\/neocarbone.com\/it\/wp-json\/wp\/v2\/product"}],"about":[{"href":"https:\/\/neocarbone.com\/it\/wp-json\/wp\/v2\/types\/product"}],"wp:featuredmedia":[{"embeddable":true,"href":"https:\/\/neocarbone.com\/it\/wp-json\/wp\/v2\/media\/100092"}],"wp:attachment":[{"href":"https:\/\/neocarbone.com\/it\/wp-json\/wp\/v2\/media?parent=100053"}],"wp:term":[{"taxonomy":"product_brand","embeddable":true,"href":"https:\/\/neocarbone.com\/it\/wp-json\/wp\/v2\/product_brand?post=100053"},{"taxonomy":"product_cat","embeddable":true,"href":"https:\/\/neocarbone.com\/it\/wp-json\/wp\/v2\/product_cat?post=100053"},{"taxonomy":"product_tag","embeddable":true,"href":"https:\/\/neocarbone.com\/it\/wp-json\/wp\/v2\/product_tag?post=100053"}],"curies":[{"name":"wp","href":"https:\/\/api.w.org\/{rel}","templated":true}]}}