{"id":100062,"date":"2023-04-26T12:49:19","date_gmt":"2023-04-26T10:49:19","guid":{"rendered":"https:\/\/neocarbone.com\/?post_type=product&#038;p=100062"},"modified":"2025-09-30T01:22:47","modified_gmt":"2025-09-29T23:22:47","slug":"odijelo-demon-skin-5mm","status":"publish","type":"product","link":"https:\/\/neocarbone.com\/it\/product\/odijelo-demon-skin-5mm\/","title":{"rendered":"Tuta DEMON SKIN 5mm"},"content":{"rendered":"<ul>\n<li>Yamamoto 039 neoprene \u2013 019 fibra spandex DEMONSKIN estensibile in 4 direzioni,<\/li>\n<li>fibra DEMONSKIN all&#039;esterno\/cellule aperte all&#039;interno (squamose),<\/li>\n<li>taglio ergonomico unico per il massimo comfort e semplicit\u00e0,<\/li>\n<li>Polsini in maglia CSC su polsi, caviglie e cappuccio,<\/li>\n<li>protezioni per ginocchia e gomiti,<\/li>\n<li>tipo di rivestimento in poliuretano effetto 3D<\/li>\n<li>Imbottitura toracica interna\/esterna in neoprene da 5 mm,<\/li>\n<li>rivestimento in poliuretano effetto 3D \u2013 STP (Scale Technology Printing).<\/li>\n<\/ul>","protected":false},"excerpt":{"rendered":"<p>Yamamoto 039 neopren &#8211; 019 spandex vlakno DEMONSKIN rastezljivo u 4 smjera, izvana vlakno DEMONSKIN\/ otvorene \u0107elije iznutra (\u0161pakato), jedinstveni ergonomski kroj za maksimalnu udobnost i jednostavnost, CSC pletene man\u017eete na zape\u0161\u0107ima, gle\u017enjevima i kapulja\u010di, \u0161titnici za koljena i laktove, vrsta poliuretanske prevlake 3D efekt 5 mm neoprenska podloga za prsa unutarnja \/ vanjska, poliuretanski [&hellip;]<\/p>\n","protected":false},"featured_media":100183,"template":"","meta":{"_et_pb_use_builder":"","_et_pb_old_content":"","_et_gb_content_width":""},"product_brand":[],"product_cat":[49,43],"product_tag":[],"class_list":{"0":"post-100062","1":"product","2":"type-product","3":"status-publish","4":"has-post-thumbnail","6":"product_cat-odijela-5mm","7":"product_cat-odijela-za-podvodni-ribolov","9":"first","10":"instock","11":"shipping-taxable","12":"purchasable","13":"product-type-variable"},"_links":{"self":[{"href":"https:\/\/neocarbone.com\/it\/wp-json\/wp\/v2\/product\/100062","targetHints":{"allow":["GET"]}}],"collection":[{"href":"https:\/\/neocarbone.com\/it\/wp-json\/wp\/v2\/product"}],"about":[{"href":"https:\/\/neocarbone.com\/it\/wp-json\/wp\/v2\/types\/product"}],"wp:featuredmedia":[{"embeddable":true,"href":"https:\/\/neocarbone.com\/it\/wp-json\/wp\/v2\/media\/100183"}],"wp:attachment":[{"href":"https:\/\/neocarbone.com\/it\/wp-json\/wp\/v2\/media?parent=100062"}],"wp:term":[{"taxonomy":"product_brand","embeddable":true,"href":"https:\/\/neocarbone.com\/it\/wp-json\/wp\/v2\/product_brand?post=100062"},{"taxonomy":"product_cat","embeddable":true,"href":"https:\/\/neocarbone.com\/it\/wp-json\/wp\/v2\/product_cat?post=100062"},{"taxonomy":"product_tag","embeddable":true,"href":"https:\/\/neocarbone.com\/it\/wp-json\/wp\/v2\/product_tag?post=100062"}],"curies":[{"name":"wp","href":"https:\/\/api.w.org\/{rel}","templated":true}]}}