{"id":100544,"date":"2023-04-26T13:32:09","date_gmt":"2023-04-26T11:32:09","guid":{"rendered":"https:\/\/neocarbone.com\/?post_type=product&#038;p=100544"},"modified":"2025-09-28T12:58:12","modified_gmt":"2025-09-28T10:58:12","slug":"technique-t-shirt","status":"publish","type":"product","link":"https:\/\/neocarbone.com\/it\/product\/technique-t-shirt\/","title":{"rendered":"T-shirt a maniche corte \u2013 Tecnica"},"content":{"rendered":"<p>T-shirt nera 100% poliestere traspirante e ad asciugatura rapida<br \/>\nfibre tecniche, disponibili in 5 misure.<\/p>","protected":false},"excerpt":{"rendered":"<p>Majica crna 100% poliester prozra\u010dna i brzo se su\u0161i tehni\u010dka vlakna, dostupno 5 veli\u010dina.<\/p>","protected":false},"featured_media":100577,"template":"","meta":{"_et_pb_use_builder":"","_et_pb_old_content":"","_et_gb_content_width":""},"product_brand":[],"product_cat":[70],"product_tag":[],"class_list":{"0":"post-100544","1":"product","2":"type-product","3":"status-publish","4":"has-post-thumbnail","6":"product_cat-odjeca","8":"first","9":"instock","10":"shipping-taxable","11":"purchasable","12":"product-type-variable"},"_links":{"self":[{"href":"https:\/\/neocarbone.com\/it\/wp-json\/wp\/v2\/product\/100544","targetHints":{"allow":["GET"]}}],"collection":[{"href":"https:\/\/neocarbone.com\/it\/wp-json\/wp\/v2\/product"}],"about":[{"href":"https:\/\/neocarbone.com\/it\/wp-json\/wp\/v2\/types\/product"}],"wp:featuredmedia":[{"embeddable":true,"href":"https:\/\/neocarbone.com\/it\/wp-json\/wp\/v2\/media\/100577"}],"wp:attachment":[{"href":"https:\/\/neocarbone.com\/it\/wp-json\/wp\/v2\/media?parent=100544"}],"wp:term":[{"taxonomy":"product_brand","embeddable":true,"href":"https:\/\/neocarbone.com\/it\/wp-json\/wp\/v2\/product_brand?post=100544"},{"taxonomy":"product_cat","embeddable":true,"href":"https:\/\/neocarbone.com\/it\/wp-json\/wp\/v2\/product_cat?post=100544"},{"taxonomy":"product_tag","embeddable":true,"href":"https:\/\/neocarbone.com\/it\/wp-json\/wp\/v2\/product_tag?post=100544"}],"curies":[{"name":"wp","href":"https:\/\/api.w.org\/{rel}","templated":true}]}}