{"id":100692,"date":"2023-04-26T13:49:22","date_gmt":"2023-04-26T11:49:22","guid":{"rendered":"https:\/\/neocarbone.com\/?post_type=product&#038;p=100692"},"modified":"2025-04-30T00:03:00","modified_gmt":"2025-04-29T22:03:00","slug":"epsealon-striker-red","status":"publish","type":"product","link":"https:\/\/neocarbone.com\/it\/product\/epsealon-striker-red\/","title":{"rendered":"Epsealon attaccante rosso"},"content":{"rendered":"<ul>\n<li>Il fucile ambidestro \u00e8 dotato di mulinello vuoto Echo 30 metri\/ammortizzatore\/precarico,<\/li>\n<li>Diametro del tubo di 28 mm in alluminio 1 mm anodizzato rosso o nero con guida freccia integrata,<\/li>\n<li>Meccanismo monoblocco in acciaio inox 316L incorporato con carico resistivo nella parte posteriore,<\/li>\n<li>Impugnatura ergonomica e robusta progettata con un angolo di inclinazione ideale e un bersaglio pulito per mirare,<\/li>\n<li>Testa con ponte rimovibile e 2 posti per un rapido pneumatico circolare,<\/li>\n<li>Impugnatura e testata in nylon 6 riempito con fibra di vetro 30% per una migliore resistenza,<\/li>\n<li>Freccia in acciaio Sandvik con un diametro di 6,25 mm con asole,<\/li>\n<li>Mono gomma di diametro 16 mm con ogiva piatta articolata.<\/li>\n<\/ul>","protected":false},"excerpt":{"rendered":"<p>Ambidextrous pu\u0161ka opremljena je Echo praznim mulinelom 30 metara \/ amortizer \/ predvez, Promjer cijevi od 28 mm aluminij 1 mm anodizirani crveni ili crni s integriranom vodilicom strelice, Ugra\u0111eni 316L mehanizam od nehr\u0111aju\u0107eg \u010delika u jednom komadu s s otpornim optere\u0107enjem zadnjeg djela, Ergonomska i robusna ru\u010dica dizajnirana s idealnim kutom nagiba i \u010distom [&hellip;]<\/p>\n","protected":false},"featured_media":100735,"template":"","meta":{"_et_pb_use_builder":"","_et_pb_old_content":"","_et_gb_content_width":""},"product_brand":[],"product_cat":[131,76,77],"product_tag":[],"class_list":{"0":"post-100692","1":"product","2":"type-product","3":"status-publish","4":"has-post-thumbnail","6":"product_cat-akcija","7":"product_cat-podvodne-puske","8":"product_cat-podvodne-puske-aluminijske","10":"first","11":"instock","12":"shipping-taxable","13":"purchasable","14":"product-type-variable"},"_links":{"self":[{"href":"https:\/\/neocarbone.com\/it\/wp-json\/wp\/v2\/product\/100692","targetHints":{"allow":["GET"]}}],"collection":[{"href":"https:\/\/neocarbone.com\/it\/wp-json\/wp\/v2\/product"}],"about":[{"href":"https:\/\/neocarbone.com\/it\/wp-json\/wp\/v2\/types\/product"}],"wp:featuredmedia":[{"embeddable":true,"href":"https:\/\/neocarbone.com\/it\/wp-json\/wp\/v2\/media\/100735"}],"wp:attachment":[{"href":"https:\/\/neocarbone.com\/it\/wp-json\/wp\/v2\/media?parent=100692"}],"wp:term":[{"taxonomy":"product_brand","embeddable":true,"href":"https:\/\/neocarbone.com\/it\/wp-json\/wp\/v2\/product_brand?post=100692"},{"taxonomy":"product_cat","embeddable":true,"href":"https:\/\/neocarbone.com\/it\/wp-json\/wp\/v2\/product_cat?post=100692"},{"taxonomy":"product_tag","embeddable":true,"href":"https:\/\/neocarbone.com\/it\/wp-json\/wp\/v2\/product_tag?post=100692"}],"curies":[{"name":"wp","href":"https:\/\/api.w.org\/{rel}","templated":true}]}}